{"id":26917,"date":"2026-02-19T14:24:36","date_gmt":"2026-02-19T14:24:36","guid":{"rendered":"https:\/\/compliancert.com\/?page_id=26917"},"modified":"2026-02-19T14:45:47","modified_gmt":"2026-02-19T14:45:47","slug":"rumen-stefanov","status":"publish","type":"page","link":"https:\/\/compliancert.com\/fr\/a-propos-de-nous\/rumen-stefanov\/","title":{"rendered":"Rumen Stefanov"},"content":{"rendered":"<div data-elementor-type=\"wp-page\" data-elementor-id=\"26917\" class=\"elementor elementor-26917\" data-elementor-post-type=\"page\">\n\t\t\t\t\t\t<section class=\"elementor-section elementor-top-section elementor-element elementor-element-4e1d4b6 elementor-section-height-min-height elementor-section-content-middle elementor-reverse-mobile elementor-section-boxed elementor-section-height-default elementor-section-items-middle\" data-id=\"4e1d4b6\" data-element_type=\"section\" data-e-type=\"section\" data-settings=\"{&quot;background_background&quot;:&quot;classic&quot;}\">\n\t\t\t\t\t\t<div class=\"elementor-container elementor-column-gap-default\">\n\t\t\t\t\t<div class=\"elementor-column elementor-col-50 elementor-top-column elementor-element elementor-element-30220cc\" data-id=\"30220cc\" data-element_type=\"column\" data-e-type=\"column\">\n\t\t\t<div class=\"elementor-widget-wrap elementor-element-populated\">\n\t\t\t\t\t\t<div class=\"elementor-element elementor-element-ce51e1f elementor-widget elementor-widget-image\" data-id=\"ce51e1f\" data-element_type=\"widget\" data-e-type=\"widget\" data-widget_type=\"image.default\">\n\t\t\t\t<div class=\"elementor-widget-container\">\n\t\t\t\t\t\t\t\t\t\t\t\t\t\t\t<img fetchpriority=\"high\" decoding=\"async\" width=\"1024\" height=\"857\" src=\"https:\/\/i0.wp.com\/compliancert.com\/wp-content\/uploads\/2026\/02\/rt-Rumen-Stefanov-e1771511455866.png?fit=1024%2C857&amp;ssl=1\" class=\"attachment-large size-large wp-image-26918\" alt=\"\" srcset=\"https:\/\/i0.wp.com\/compliancert.com\/wp-content\/uploads\/2026\/02\/rt-Rumen-Stefanov-e1771511455866.png?w=1080&amp;ssl=1 1080w, https:\/\/i0.wp.com\/compliancert.com\/wp-content\/uploads\/2026\/02\/rt-Rumen-Stefanov-e1771511455866.png?resize=300%2C251&amp;ssl=1 300w, https:\/\/i0.wp.com\/compliancert.com\/wp-content\/uploads\/2026\/02\/rt-Rumen-Stefanov-e1771511455866.png?resize=1024%2C857&amp;ssl=1 1024w, https:\/\/i0.wp.com\/compliancert.com\/wp-content\/uploads\/2026\/02\/rt-Rumen-Stefanov-e1771511455866.png?resize=768%2C643&amp;ssl=1 768w, https:\/\/i0.wp.com\/compliancert.com\/wp-content\/uploads\/2026\/02\/rt-Rumen-Stefanov-e1771511455866.png?resize=14%2C12&amp;ssl=1 14w\" sizes=\"(max-width: 1024px) 100vw, 1024px\" \/>\t\t\t\t\t\t\t\t\t\t\t\t\t\t\t<\/div>\n\t\t\t\t<\/div>\n\t\t\t\t\t<\/div>\n\t\t<\/div>\n\t\t\t\t<div class=\"elementor-column elementor-col-50 elementor-top-column elementor-element elementor-element-afff8bb\" data-id=\"afff8bb\" data-element_type=\"column\" data-e-type=\"column\">\n\t\t\t<div class=\"elementor-widget-wrap elementor-element-populated\">\n\t\t\t\t\t\t<div class=\"elementor-element elementor-element-9272088 elementor-widget__width-auto elementor-icon-list--layout-traditional elementor-list-item-link-full_width elementor-widget elementor-widget-icon-list\" data-id=\"9272088\" data-element_type=\"widget\" data-e-type=\"widget\" data-widget_type=\"icon-list.default\">\n\t\t\t\t<div class=\"elementor-widget-container\">\n\t\t\t\t\t\t\t<ul class=\"elementor-icon-list-items\">\n\t\t\t\t\t\t\t<li class=\"elementor-icon-list-item\">\n\t\t\t\t\t\t\t\t\t\t\t<span class=\"elementor-icon-list-icon\">\n\t\t\t\t\t\t\t<i aria-hidden=\"true\" class=\"vamtamtheme- vamtam-theme-brand-symbol\"><\/i>\t\t\t\t\t\t<\/span>\n\t\t\t\t\t\t\t\t\t\t<span class=\"elementor-icon-list-text\">Sp\u00e9cialiste de la conformit\u00e9<\/span>\n\t\t\t\t\t\t\t\t\t<\/li>\n\t\t\t\t\t\t<\/ul>\n\t\t\t\t\t\t<\/div>\n\t\t\t\t<\/div>\n\t\t\t\t<div class=\"elementor-element elementor-element-602f0ab elementor-widget elementor-widget-heading\" data-id=\"602f0ab\" data-element_type=\"widget\" data-e-type=\"widget\" data-widget_type=\"heading.default\">\n\t\t\t\t<div class=\"elementor-widget-container\">\n\t\t\t\t\t<h1 class=\"elementor-heading-title elementor-size-default\">Rumen Stefanov<\/h1>\t\t\t\t<\/div>\n\t\t\t\t<\/div>\n\t\t\t\t<div class=\"elementor-element elementor-element-c213e86 elementor-widget elementor-widget-text-editor\" data-id=\"c213e86\" data-element_type=\"widget\" data-e-type=\"widget\" data-widget_type=\"text-editor.default\">\n\t\t\t\t<div class=\"elementor-widget-container\">\n\t\t\t\t\t\t\t\t\t<p class=\"p1\">Sp\u00e9cialiste chevronn\u00e9 de la conformit\u00e9 et de la gouvernance, Rumen aide les organisations \u00e0 faire de la conformit\u00e9 un avantage strat\u00e9gique. Avec plus de 20 ans d'exp\u00e9rience au sein d'organisations internationales, d'ONG et d'entreprises technologiques, il propose des cadres pratiques en mati\u00e8re de s\u00e9curit\u00e9, de protection de la vie priv\u00e9e, de qualit\u00e9 et de continuit\u00e9 et guide les \u00e9quipes vers la certification.<\/p>\t\t\t\t\t\t\t\t<\/div>\n\t\t\t\t<\/div>\n\t\t\t\t\t<\/div>\n\t\t<\/div>\n\t\t\t\t\t<\/div>\n\t\t<\/section>\n\t\t\t\t<section class=\"elementor-section elementor-top-section elementor-element elementor-element-60f9a5e elementor-section-height-min-height elementor-section-items-stretch elementor-section-boxed elementor-section-height-default\" data-id=\"60f9a5e\" data-element_type=\"section\" data-e-type=\"section\">\n\t\t\t\t\t\t<div class=\"elementor-container elementor-column-gap-no\">\n\t\t\t\t\t<div class=\"elementor-column elementor-col-100 elementor-top-column elementor-element elementor-element-977bf1a\" data-id=\"977bf1a\" data-element_type=\"column\" data-e-type=\"column\" data-settings=\"{&quot;background_background&quot;:&quot;classic&quot;,&quot;background_motion_fx_motion_fx_scrolling&quot;:&quot;yes&quot;,&quot;background_motion_fx_translateY_effect&quot;:&quot;yes&quot;,&quot;background_motion_fx_translateY_speed&quot;:{&quot;unit&quot;:&quot;px&quot;,&quot;size&quot;:2,&quot;sizes&quot;:[]},&quot;background_motion_fx_translateY_affectedRange&quot;:{&quot;unit&quot;:&quot;%&quot;,&quot;size&quot;:&quot;&quot;,&quot;sizes&quot;:{&quot;start&quot;:2,&quot;end&quot;:67}},&quot;background_motion_fx_devices&quot;:[&quot;desktop&quot;]}\">\n\t\t\t<div class=\"elementor-widget-wrap elementor-element-populated\">\n\t\t\t\t\t\t<div class=\"elementor-element elementor-element-9836f34 elementor-widget__width-auto elementor-icon-list--layout-traditional elementor-list-item-link-full_width elementor-widget elementor-widget-icon-list\" data-id=\"9836f34\" data-element_type=\"widget\" data-e-type=\"widget\" data-widget_type=\"icon-list.default\">\n\t\t\t\t<div class=\"elementor-widget-container\">\n\t\t\t\t\t\t\t<ul class=\"elementor-icon-list-items\">\n\t\t\t\t\t\t\t<li class=\"elementor-icon-list-item\">\n\t\t\t\t\t\t\t\t\t\t\t<span class=\"elementor-icon-list-icon\">\n\t\t\t\t\t\t\t<i aria-hidden=\"true\" class=\"vamtamtheme- vamtam-theme-brand-symbol\"><\/i>\t\t\t\t\t\t<\/span>\n\t\t\t\t\t\t\t\t\t\t<span class=\"elementor-icon-list-text\">\u00c0 propos de Rumen Stefanov<\/span>\n\t\t\t\t\t\t\t\t\t<\/li>\n\t\t\t\t\t\t<\/ul>\n\t\t\t\t\t\t<\/div>\n\t\t\t\t<\/div>\n\t\t\t\t<div class=\"elementor-element elementor-element-5026705 elementor-widget elementor-widget-text-editor\" data-id=\"5026705\" data-element_type=\"widget\" data-e-type=\"widget\" data-widget_type=\"text-editor.default\">\n\t\t\t\t<div class=\"elementor-widget-container\">\n\t\t\t\t\t\t\t\t\t<p class=\"p1\">Rumen Stefanov aide les organisations \u00e0 transformer la conformit\u00e9 d'un fardeau en un avantage strat\u00e9gique. Avec plus de 20 ans d'exp\u00e9rience pratique au sein d'organisations internationales, d'ONG et d'entreprises technologiques, il con\u00e7oit des cadres de s\u00e9curit\u00e9, de protection de la vie priv\u00e9e, de qualit\u00e9 et de continuit\u00e9 qui fonctionnent dans la pratique - et pas seulement sur le papier.<\/p>\n<p class=\"p1\">Qu'il s'agisse de renforcer un SMSI, de tester sous pression la continuit\u00e9 des activit\u00e9s, d'affiner les processus de qualit\u00e9 ou de faire de la gouvernance en mati\u00e8re de protection de la vie priv\u00e9e une v\u00e9ritable discipline op\u00e9rationnelle, Rumen apporte clart\u00e9, structure et une touche d'humour pince-sans-rire au processus.<\/p>\n<p class=\"p3\"><b>Connu pour :<\/b><b><\/b><\/p>\n\n<ul>\n \t<li><p class=\"p1\">Expert ISO 9001, 22301, 27001, 27701<\/p><\/li>\n \t<li>\n<p class=\"p1\">Transformer des normes complexes en pratiques claires et applicables<\/p>\n<\/li>\n \t<li>\n<p class=\"p1\">Guider les \u00e9quipes pour qu'elles obtiennent la certification de mani\u00e8re efficace et sans heurts<\/p>\n<\/li>\n \t<li>\n<p class=\"p1\">Convertir les exigences de l'ISO en flux de travail que les gens peuvent r\u00e9ellement suivre<\/p>\n<\/li>\n<\/ul>\n<!-- notionvc: 956df4ad-4cfc-4907-9bf2-6b32fd1e4a6a -->\n\n<!-- notionvc: 9ff4b591-d365-4fa1-bc60-f118e9d3c591 -->\t\t\t\t\t\t\t\t<\/div>\n\t\t\t\t<\/div>\n\t\t\t\t\t<\/div>\n\t\t<\/div>\n\t\t\t\t\t<\/div>\n\t\t<\/section>\n\t\t\t\t<\/div>","protected":false},"excerpt":{"rendered":"<p>Compliance Specialist Rumen Stefanov A seasoned compliance and governance specialist, Rumen helps organizations turn compliance into a strategic advantage. With over 20 years of experience across international organizations, NGOs, and technology companies, he delivers practical security, privacy, quality, and continuity frameworks and guides teams smoothly through certification. About Rumen Stefanov Rumen Stefanov helps organizations transform&#8230;<\/p>","protected":false},"author":1,"featured_media":0,"parent":13925,"menu_order":0,"comment_status":"closed","ping_status":"closed","template":"","meta":{"_acf_changed":false,"_eb_attr":"","footnotes":""},"categories":[],"tags":[],"class_list":["post-26917","page","type-page","status-publish","hentry"],"acf":[],"yoast_head":"<!-- This site is optimized with the Yoast SEO plugin v27.4 - https:\/\/yoast.com\/product\/yoast-seo-wordpress\/ -->\n<title>Rumen Stefanov - ComplianceRT<\/title>\n<meta name=\"robots\" content=\"index, follow, max-snippet:-1, max-image-preview:large, max-video-preview:-1\" \/>\n<link rel=\"canonical\" href=\"https:\/\/compliancert.com\/fr\/a-propos-de-nous\/rumen-stefanov\/\" \/>\n<meta property=\"og:locale\" content=\"fr_FR\" \/>\n<meta property=\"og:type\" content=\"article\" \/>\n<meta property=\"og:title\" content=\"Rumen Stefanov - ComplianceRT\" \/>\n<meta property=\"og:description\" content=\"Compliance Specialist Rumen Stefanov A seasoned compliance and governance specialist, Rumen helps organizations turn compliance into a strategic advantage. With over 20 years of experience across international organizations, NGOs, and technology companies, he delivers practical security, privacy, quality, and continuity frameworks and guides teams smoothly through certification. About Rumen Stefanov Rumen Stefanov helps organizations transform...\" \/>\n<meta property=\"og:url\" content=\"https:\/\/compliancert.com\/fr\/a-propos-de-nous\/rumen-stefanov\/\" \/>\n<meta property=\"og:site_name\" content=\"ComplianceRT\" \/>\n<meta property=\"article:modified_time\" content=\"2026-02-19T14:45:47+00:00\" \/>\n<meta property=\"og:image\" content=\"https:\/\/compliancert.com\/wp-content\/uploads\/2026\/02\/rt-Rumen-Stefanov-e1771511455866-1024x857.png\" \/>\n<meta name=\"twitter:card\" content=\"summary_large_image\" \/>\n<meta name=\"twitter:label1\" content=\"Dur\u00e9e de lecture estim\u00e9e\" \/>\n\t<meta name=\"twitter:data1\" content=\"1 minute\" \/>\n<script type=\"application\/ld+json\" class=\"yoast-schema-graph\">{\"@context\":\"https:\\\/\\\/schema.org\",\"@graph\":[{\"@type\":\"WebPage\",\"@id\":\"https:\\\/\\\/compliancert.com\\\/about-us\\\/rumen-stefanov\\\/\",\"url\":\"https:\\\/\\\/compliancert.com\\\/about-us\\\/rumen-stefanov\\\/\",\"name\":\"Rumen Stefanov - ComplianceRT\",\"isPartOf\":{\"@id\":\"https:\\\/\\\/compliancert.com\\\/#website\"},\"primaryImageOfPage\":{\"@id\":\"https:\\\/\\\/compliancert.com\\\/about-us\\\/rumen-stefanov\\\/#primaryimage\"},\"image\":{\"@id\":\"https:\\\/\\\/compliancert.com\\\/about-us\\\/rumen-stefanov\\\/#primaryimage\"},\"thumbnailUrl\":\"https:\\\/\\\/compliancert.com\\\/wp-content\\\/uploads\\\/2026\\\/02\\\/rt-Rumen-Stefanov-e1771511455866-1024x857.png\",\"datePublished\":\"2026-02-19T14:24:36+00:00\",\"dateModified\":\"2026-02-19T14:45:47+00:00\",\"breadcrumb\":{\"@id\":\"https:\\\/\\\/compliancert.com\\\/about-us\\\/rumen-stefanov\\\/#breadcrumb\"},\"inLanguage\":\"fr-FR\",\"potentialAction\":[{\"@type\":\"ReadAction\",\"target\":[\"https:\\\/\\\/compliancert.com\\\/about-us\\\/rumen-stefanov\\\/\"]}]},{\"@type\":\"ImageObject\",\"inLanguage\":\"fr-FR\",\"@id\":\"https:\\\/\\\/compliancert.com\\\/about-us\\\/rumen-stefanov\\\/#primaryimage\",\"url\":\"https:\\\/\\\/compliancert.com\\\/wp-content\\\/uploads\\\/2026\\\/02\\\/rt-Rumen-Stefanov-e1771511455866-1024x857.png\",\"contentUrl\":\"https:\\\/\\\/compliancert.com\\\/wp-content\\\/uploads\\\/2026\\\/02\\\/rt-Rumen-Stefanov-e1771511455866-1024x857.png\"},{\"@type\":\"BreadcrumbList\",\"@id\":\"https:\\\/\\\/compliancert.com\\\/about-us\\\/rumen-stefanov\\\/#breadcrumb\",\"itemListElement\":[{\"@type\":\"ListItem\",\"position\":1,\"name\":\"Home\",\"item\":\"https:\\\/\\\/compliancert.com\\\/\"},{\"@type\":\"ListItem\",\"position\":2,\"name\":\"About Us\",\"item\":\"https:\\\/\\\/compliancert.com\\\/about-us\\\/\"},{\"@type\":\"ListItem\",\"position\":3,\"name\":\"Rumen Stefanov\"}]},{\"@type\":\"WebSite\",\"@id\":\"https:\\\/\\\/compliancert.com\\\/#website\",\"url\":\"https:\\\/\\\/compliancert.com\\\/\",\"name\":\"ComplianceRT\",\"description\":\"AI-Powered Compliance Tool &amp; Automation Platform | GDPR | ISO27001 | EU AI Act | NIS2\",\"publisher\":{\"@id\":\"https:\\\/\\\/compliancert.com\\\/#organization\"},\"potentialAction\":[{\"@type\":\"SearchAction\",\"target\":{\"@type\":\"EntryPoint\",\"urlTemplate\":\"https:\\\/\\\/compliancert.com\\\/?s={search_term_string}\"},\"query-input\":{\"@type\":\"PropertyValueSpecification\",\"valueRequired\":true,\"valueName\":\"search_term_string\"}}],\"inLanguage\":\"fr-FR\"},{\"@type\":\"Organization\",\"@id\":\"https:\\\/\\\/compliancert.com\\\/#organization\",\"name\":\"RT Europe SA\",\"alternateName\":\"RT\",\"url\":\"https:\\\/\\\/compliancert.com\\\/\",\"logo\":{\"@type\":\"ImageObject\",\"inLanguage\":\"fr-FR\",\"@id\":\"https:\\\/\\\/compliancert.com\\\/#\\\/schema\\\/logo\\\/image\\\/\",\"url\":\"https:\\\/\\\/compliancert.com\\\/wp-content\\\/uploads\\\/2023\\\/07\\\/RT-logo-header.svg\",\"contentUrl\":\"https:\\\/\\\/compliancert.com\\\/wp-content\\\/uploads\\\/2023\\\/07\\\/RT-logo-header.svg\",\"width\":116,\"height\":60,\"caption\":\"RT Europe SA\"},\"image\":{\"@id\":\"https:\\\/\\\/compliancert.com\\\/#\\\/schema\\\/logo\\\/image\\\/\"},\"sameAs\":[\"https:\\\/\\\/www.linkedin.com\\\/company\\\/compliancert\\\/\"]}]}<\/script>\n<!-- \/ Yoast SEO plugin. -->","yoast_head_json":{"title":"Rumen Stefanov - ComplianceRT","robots":{"index":"index","follow":"follow","max-snippet":"max-snippet:-1","max-image-preview":"max-image-preview:large","max-video-preview":"max-video-preview:-1"},"canonical":"https:\/\/compliancert.com\/fr\/a-propos-de-nous\/rumen-stefanov\/","og_locale":"fr_FR","og_type":"article","og_title":"Rumen Stefanov - ComplianceRT","og_description":"Compliance Specialist Rumen Stefanov A seasoned compliance and governance specialist, Rumen helps organizations turn compliance into a strategic advantage. With over 20 years of experience across international organizations, NGOs, and technology companies, he delivers practical security, privacy, quality, and continuity frameworks and guides teams smoothly through certification. About Rumen Stefanov Rumen Stefanov helps organizations transform...","og_url":"https:\/\/compliancert.com\/fr\/a-propos-de-nous\/rumen-stefanov\/","og_site_name":"ComplianceRT","article_modified_time":"2026-02-19T14:45:47+00:00","og_image":[{"url":"https:\/\/compliancert.com\/wp-content\/uploads\/2026\/02\/rt-Rumen-Stefanov-e1771511455866-1024x857.png","type":"","width":"","height":""}],"twitter_card":"summary_large_image","twitter_misc":{"Dur\u00e9e de lecture estim\u00e9e":"1 minute"},"schema":{"@context":"https:\/\/schema.org","@graph":[{"@type":"WebPage","@id":"https:\/\/compliancert.com\/about-us\/rumen-stefanov\/","url":"https:\/\/compliancert.com\/about-us\/rumen-stefanov\/","name":"Rumen Stefanov - ComplianceRT","isPartOf":{"@id":"https:\/\/compliancert.com\/#website"},"primaryImageOfPage":{"@id":"https:\/\/compliancert.com\/about-us\/rumen-stefanov\/#primaryimage"},"image":{"@id":"https:\/\/compliancert.com\/about-us\/rumen-stefanov\/#primaryimage"},"thumbnailUrl":"https:\/\/compliancert.com\/wp-content\/uploads\/2026\/02\/rt-Rumen-Stefanov-e1771511455866-1024x857.png","datePublished":"2026-02-19T14:24:36+00:00","dateModified":"2026-02-19T14:45:47+00:00","breadcrumb":{"@id":"https:\/\/compliancert.com\/about-us\/rumen-stefanov\/#breadcrumb"},"inLanguage":"fr-FR","potentialAction":[{"@type":"ReadAction","target":["https:\/\/compliancert.com\/about-us\/rumen-stefanov\/"]}]},{"@type":"ImageObject","inLanguage":"fr-FR","@id":"https:\/\/compliancert.com\/about-us\/rumen-stefanov\/#primaryimage","url":"https:\/\/compliancert.com\/wp-content\/uploads\/2026\/02\/rt-Rumen-Stefanov-e1771511455866-1024x857.png","contentUrl":"https:\/\/compliancert.com\/wp-content\/uploads\/2026\/02\/rt-Rumen-Stefanov-e1771511455866-1024x857.png"},{"@type":"BreadcrumbList","@id":"https:\/\/compliancert.com\/about-us\/rumen-stefanov\/#breadcrumb","itemListElement":[{"@type":"ListItem","position":1,"name":"Home","item":"https:\/\/compliancert.com\/"},{"@type":"ListItem","position":2,"name":"About Us","item":"https:\/\/compliancert.com\/about-us\/"},{"@type":"ListItem","position":3,"name":"Rumen Stefanov"}]},{"@type":"WebSite","@id":"https:\/\/compliancert.com\/#website","url":"https:\/\/compliancert.com\/","name":"Conformit\u00e9RT","description":"Outil de Conformit\u00e9 et Plateforme d'Automatisation Aliment\u00e9s par l'IA | RGPD | ISO27001 | EU AI Act | NIS2","publisher":{"@id":"https:\/\/compliancert.com\/#organization"},"potentialAction":[{"@type":"SearchAction","target":{"@type":"EntryPoint","urlTemplate":"https:\/\/compliancert.com\/?s={search_term_string}"},"query-input":{"@type":"PropertyValueSpecification","valueRequired":true,"valueName":"search_term_string"}}],"inLanguage":"fr-FR"},{"@type":"Organization","@id":"https:\/\/compliancert.com\/#organization","name":"RT Europe SA","alternateName":"RT","url":"https:\/\/compliancert.com\/","logo":{"@type":"ImageObject","inLanguage":"fr-FR","@id":"https:\/\/compliancert.com\/#\/schema\/logo\/image\/","url":"https:\/\/compliancert.com\/wp-content\/uploads\/2023\/07\/RT-logo-header.svg","contentUrl":"https:\/\/compliancert.com\/wp-content\/uploads\/2023\/07\/RT-logo-header.svg","width":116,"height":60,"caption":"RT Europe SA"},"image":{"@id":"https:\/\/compliancert.com\/#\/schema\/logo\/image\/"},"sameAs":["https:\/\/www.linkedin.com\/company\/compliancert\/"]}]}},"jetpack_sharing_enabled":true,"_links":{"self":[{"href":"https:\/\/compliancert.com\/fr\/wp-json\/wp\/v2\/pages\/26917","targetHints":{"allow":["GET"]}}],"collection":[{"href":"https:\/\/compliancert.com\/fr\/wp-json\/wp\/v2\/pages"}],"about":[{"href":"https:\/\/compliancert.com\/fr\/wp-json\/wp\/v2\/types\/page"}],"author":[{"embeddable":true,"href":"https:\/\/compliancert.com\/fr\/wp-json\/wp\/v2\/users\/1"}],"replies":[{"embeddable":true,"href":"https:\/\/compliancert.com\/fr\/wp-json\/wp\/v2\/comments?post=26917"}],"version-history":[{"count":6,"href":"https:\/\/compliancert.com\/fr\/wp-json\/wp\/v2\/pages\/26917\/revisions"}],"predecessor-version":[{"id":26928,"href":"https:\/\/compliancert.com\/fr\/wp-json\/wp\/v2\/pages\/26917\/revisions\/26928"}],"up":[{"embeddable":true,"href":"https:\/\/compliancert.com\/fr\/wp-json\/wp\/v2\/pages\/13925"}],"wp:attachment":[{"href":"https:\/\/compliancert.com\/fr\/wp-json\/wp\/v2\/media?parent=26917"}],"wp:term":[{"taxonomy":"category","embeddable":true,"href":"https:\/\/compliancert.com\/fr\/wp-json\/wp\/v2\/categories?post=26917"},{"taxonomy":"post_tag","embeddable":true,"href":"https:\/\/compliancert.com\/fr\/wp-json\/wp\/v2\/tags?post=26917"}],"curies":[{"name":"wp","href":"https:\/\/api.w.org\/{rel}","templated":true}]}}