{"id":26435,"date":"2026-01-19T23:26:50","date_gmt":"2026-01-19T23:26:50","guid":{"rendered":"https:\/\/compliancert.com\/?page_id=26435"},"modified":"2026-01-19T23:30:53","modified_gmt":"2026-01-19T23:30:53","slug":"stephanie-anjos-2","status":"publish","type":"page","link":"https:\/\/compliancert.com\/fr\/a-propos-de-nous\/stephanie-anjos-2\/","title":{"rendered":"St\u00e9phanie Anjos"},"content":{"rendered":"<div data-elementor-type=\"wp-page\" data-elementor-id=\"26435\" class=\"elementor elementor-26435\" data-elementor-post-type=\"page\">\n\t\t\t\t\t\t<section class=\"elementor-section elementor-top-section elementor-element elementor-element-4e1d4b6 elementor-section-height-min-height elementor-section-content-middle elementor-reverse-mobile elementor-section-boxed elementor-section-height-default elementor-section-items-middle\" data-id=\"4e1d4b6\" data-element_type=\"section\" data-e-type=\"section\" data-settings=\"{&quot;background_background&quot;:&quot;classic&quot;}\">\n\t\t\t\t\t\t<div class=\"elementor-container elementor-column-gap-default\">\n\t\t\t\t\t<div class=\"elementor-column elementor-col-50 elementor-top-column elementor-element elementor-element-30220cc\" data-id=\"30220cc\" data-element_type=\"column\" data-e-type=\"column\">\n\t\t\t<div class=\"elementor-widget-wrap elementor-element-populated\">\n\t\t\t\t\t\t<div class=\"elementor-element elementor-element-ce51e1f elementor-widget elementor-widget-image\" data-id=\"ce51e1f\" data-element_type=\"widget\" data-e-type=\"widget\" data-widget_type=\"image.default\">\n\t\t\t\t<div class=\"elementor-widget-container\">\n\t\t\t\t\t\t\t\t\t\t\t\t\t\t\t<img fetchpriority=\"high\" decoding=\"async\" width=\"384\" height=\"321\" src=\"https:\/\/i0.wp.com\/compliancert.com\/wp-content\/uploads\/2025\/11\/Stephanie-Anjos.jpg?fit=384%2C321&amp;ssl=1\" class=\"attachment-large size-large wp-image-25656\" alt=\"\" srcset=\"https:\/\/i0.wp.com\/compliancert.com\/wp-content\/uploads\/2025\/11\/Stephanie-Anjos.jpg?w=384&amp;ssl=1 384w, https:\/\/i0.wp.com\/compliancert.com\/wp-content\/uploads\/2025\/11\/Stephanie-Anjos.jpg?resize=300%2C251&amp;ssl=1 300w, https:\/\/i0.wp.com\/compliancert.com\/wp-content\/uploads\/2025\/11\/Stephanie-Anjos.jpg?resize=14%2C12&amp;ssl=1 14w\" sizes=\"(max-width: 384px) 100vw, 384px\" \/>\t\t\t\t\t\t\t\t\t\t\t\t\t\t\t<\/div>\n\t\t\t\t<\/div>\n\t\t\t\t\t<\/div>\n\t\t<\/div>\n\t\t\t\t<div class=\"elementor-column elementor-col-50 elementor-top-column elementor-element elementor-element-afff8bb\" data-id=\"afff8bb\" data-element_type=\"column\" data-e-type=\"column\">\n\t\t\t<div class=\"elementor-widget-wrap elementor-element-populated\">\n\t\t\t\t\t\t<div class=\"elementor-element elementor-element-9272088 elementor-widget__width-auto elementor-icon-list--layout-traditional elementor-list-item-link-full_width elementor-widget elementor-widget-icon-list\" data-id=\"9272088\" data-element_type=\"widget\" data-e-type=\"widget\" data-widget_type=\"icon-list.default\">\n\t\t\t\t<div class=\"elementor-widget-container\">\n\t\t\t\t\t\t\t<ul class=\"elementor-icon-list-items\">\n\t\t\t\t\t\t\t<li class=\"elementor-icon-list-item\">\n\t\t\t\t\t\t\t\t\t\t\t<span class=\"elementor-icon-list-icon\">\n\t\t\t\t\t\t\t<i aria-hidden=\"true\" class=\"vamtamtheme- vamtam-theme-brand-symbol\"><\/i>\t\t\t\t\t\t<\/span>\n\t\t\t\t\t\t\t\t\t\t<span class=\"elementor-icon-list-text\">Gestionnaire des comptes et de la communication<\/span>\n\t\t\t\t\t\t\t\t\t<\/li>\n\t\t\t\t\t\t<\/ul>\n\t\t\t\t\t\t<\/div>\n\t\t\t\t<\/div>\n\t\t\t\t<div class=\"elementor-element elementor-element-602f0ab elementor-widget elementor-widget-heading\" data-id=\"602f0ab\" data-element_type=\"widget\" data-e-type=\"widget\" data-widget_type=\"heading.default\">\n\t\t\t\t<div class=\"elementor-widget-container\">\n\t\t\t\t\t<h1 class=\"elementor-heading-title elementor-size-default\">St\u00e9phanie Anjos<\/h1>\t\t\t\t<\/div>\n\t\t\t\t<\/div>\n\t\t\t\t<div class=\"elementor-element elementor-element-c213e86 elementor-widget elementor-widget-text-editor\" data-id=\"c213e86\" data-element_type=\"widget\" data-e-type=\"widget\" data-widget_type=\"text-editor.default\">\n\t\t\t\t<div class=\"elementor-widget-container\">\n\t\t\t\t\t\t\t\t\t<p>En tant que Account &amp; Communications Manager chez ComplianceRT, St\u00e9phanie Anjos dirige l'engagement des clients et des partenaires tout en menant des communications strat\u00e9giques \u00e0 travers les m\u00e9dias, la sensibilisation de l'\u00e9cosyst\u00e8me et les messages de la plateforme. Elle fait le lien entre les relations, la technologie et la confiance num\u00e9rique pour soutenir la mission de ComplianceRT qui consiste \u00e0 red\u00e9finir la conformit\u00e9 gr\u00e2ce \u00e0 l'intelligence et \u00e0 l'automatisation.<\/p>\t\t\t\t\t\t\t\t<\/div>\n\t\t\t\t<\/div>\n\t\t\t\t\t<\/div>\n\t\t<\/div>\n\t\t\t\t\t<\/div>\n\t\t<\/section>\n\t\t\t\t<section class=\"elementor-section elementor-top-section elementor-element elementor-element-60f9a5e elementor-section-height-min-height elementor-section-items-stretch elementor-section-boxed elementor-section-height-default\" data-id=\"60f9a5e\" data-element_type=\"section\" data-e-type=\"section\">\n\t\t\t\t\t\t<div class=\"elementor-container elementor-column-gap-no\">\n\t\t\t\t\t<div class=\"elementor-column elementor-col-100 elementor-top-column elementor-element elementor-element-977bf1a\" data-id=\"977bf1a\" data-element_type=\"column\" data-e-type=\"column\" data-settings=\"{&quot;background_background&quot;:&quot;classic&quot;,&quot;background_motion_fx_motion_fx_scrolling&quot;:&quot;yes&quot;,&quot;background_motion_fx_translateY_effect&quot;:&quot;yes&quot;,&quot;background_motion_fx_translateY_speed&quot;:{&quot;unit&quot;:&quot;px&quot;,&quot;size&quot;:2,&quot;sizes&quot;:[]},&quot;background_motion_fx_translateY_affectedRange&quot;:{&quot;unit&quot;:&quot;%&quot;,&quot;size&quot;:&quot;&quot;,&quot;sizes&quot;:{&quot;start&quot;:2,&quot;end&quot;:67}},&quot;background_motion_fx_devices&quot;:[&quot;desktop&quot;]}\">\n\t\t\t<div class=\"elementor-widget-wrap elementor-element-populated\">\n\t\t\t\t\t\t<div class=\"elementor-element elementor-element-9836f34 elementor-widget__width-auto elementor-icon-list--layout-traditional elementor-list-item-link-full_width elementor-widget elementor-widget-icon-list\" data-id=\"9836f34\" data-element_type=\"widget\" data-e-type=\"widget\" data-widget_type=\"icon-list.default\">\n\t\t\t\t<div class=\"elementor-widget-container\">\n\t\t\t\t\t\t\t<ul class=\"elementor-icon-list-items\">\n\t\t\t\t\t\t\t<li class=\"elementor-icon-list-item\">\n\t\t\t\t\t\t\t\t\t\t\t<span class=\"elementor-icon-list-icon\">\n\t\t\t\t\t\t\t<i aria-hidden=\"true\" class=\"vamtamtheme- vamtam-theme-brand-symbol\"><\/i>\t\t\t\t\t\t<\/span>\n\t\t\t\t\t\t\t\t\t\t<span class=\"elementor-icon-list-text\">\u00c0 propos de Stephanie Anjos<\/span>\n\t\t\t\t\t\t\t\t\t<\/li>\n\t\t\t\t\t\t<\/ul>\n\t\t\t\t\t\t<\/div>\n\t\t\t\t<\/div>\n\t\t\t\t<div class=\"elementor-element elementor-element-5026705 elementor-widget elementor-widget-text-editor\" data-id=\"5026705\" data-element_type=\"widget\" data-e-type=\"widget\" data-widget_type=\"text-editor.default\">\n\t\t\t\t<div class=\"elementor-widget-container\">\n\t\t\t\t\t\t\t\t\t<p>En tant que Account &amp; Communications Manager chez ComplianceRT, Stephanie Anjos joue un r\u00f4le cl\u00e9 dans l'alignement de la r\u00e9ussite des clients sur la communication strat\u00e9gique.<\/p><p>Elle g\u00e8re les relations avec les clients et les partenaires tout en conduisant la strat\u00e9gie de communication de l'entreprise - de l'engagement des m\u00e9dias et de la sensibilisation de l'\u00e9cosyst\u00e8me au d\u00e9veloppement de contenu autour de 360vue, la m\u00e9ta-plateforme de conformit\u00e9 aliment\u00e9e par l'IA de ComplianceRT.<\/p><p>St\u00e9phanie combine une exp\u00e9rience en d\u00e9veloppement commercial et en gestion des relations avec un int\u00e9r\u00eat marqu\u00e9 pour la technologie, l'innovation et la confiance num\u00e9rique.<\/p><p>Chez ComplianceRT, elle aide \u00e0 mettre en relation les clients, les partenaires et les m\u00e9dias avec la mission de l'entreprise : red\u00e9finir la conformit\u00e9 gr\u00e2ce \u00e0 l'orchestration, l'automatisation et l'intelligence.<\/p>\t\t\t\t\t\t\t\t<\/div>\n\t\t\t\t<\/div>\n\t\t\t\t\t<\/div>\n\t\t<\/div>\n\t\t\t\t\t<\/div>\n\t\t<\/section>\n\t\t\t\t<\/div>","protected":false},"excerpt":{"rendered":"<p>Account &amp; Communications Manager Stephanie Anjos As Account &amp; Communications Manager at ComplianceRT, St\u00e9phanie Anjos leads client and partner engagement while driving strategic communications across media, ecosystem outreach, and platform messaging. She bridges relationships, technology, and digital trust to support ComplianceRT\u2019s mission of redefining compliance through intelligence and automation. About Stephanie Anjos As Account &amp;&#8230;<\/p>","protected":false},"author":1,"featured_media":0,"parent":13925,"menu_order":0,"comment_status":"closed","ping_status":"closed","template":"","meta":{"_acf_changed":false,"_eb_attr":"","footnotes":""},"categories":[],"tags":[],"class_list":["post-26435","page","type-page","status-publish","hentry"],"acf":[],"yoast_head":"<!-- This site is optimized with the Yoast SEO plugin v27.5 - https:\/\/yoast.com\/product\/yoast-seo-wordpress\/ -->\n<title>Stephanie Anjos - ComplianceRT<\/title>\n<meta name=\"robots\" content=\"index, follow, max-snippet:-1, max-image-preview:large, max-video-preview:-1\" \/>\n<link rel=\"canonical\" href=\"https:\/\/compliancert.com\/fr\/a-propos-de-nous\/stephanie-anjos-2\/\" \/>\n<meta property=\"og:locale\" content=\"fr_FR\" \/>\n<meta property=\"og:type\" content=\"article\" \/>\n<meta property=\"og:title\" content=\"Stephanie Anjos - ComplianceRT\" \/>\n<meta property=\"og:description\" content=\"Account &amp; Communications Manager Stephanie Anjos As Account &amp; Communications Manager at ComplianceRT, St\u00e9phanie Anjos leads client and partner engagement while driving strategic communications across media, ecosystem outreach, and platform messaging. She bridges relationships, technology, and digital trust to support ComplianceRT\u2019s mission of redefining compliance through intelligence and automation. About Stephanie Anjos As Account &amp;...\" \/>\n<meta property=\"og:url\" content=\"https:\/\/compliancert.com\/fr\/a-propos-de-nous\/stephanie-anjos-2\/\" \/>\n<meta property=\"og:site_name\" content=\"ComplianceRT\" \/>\n<meta property=\"article:modified_time\" content=\"2026-01-19T23:30:53+00:00\" \/>\n<meta property=\"og:image\" content=\"https:\/\/compliancert.com\/wp-content\/uploads\/2025\/11\/Stephanie-Anjos.jpg\" \/>\n<meta name=\"twitter:card\" content=\"summary_large_image\" \/>\n<meta name=\"twitter:label1\" content=\"Dur\u00e9e de lecture estim\u00e9e\" \/>\n\t<meta name=\"twitter:data1\" content=\"1 minute\" \/>\n<script type=\"application\/ld+json\" class=\"yoast-schema-graph\">{\"@context\":\"https:\\\/\\\/schema.org\",\"@graph\":[{\"@type\":\"WebPage\",\"@id\":\"https:\\\/\\\/compliancert.com\\\/about-us\\\/stephanie-anjos-2\\\/\",\"url\":\"https:\\\/\\\/compliancert.com\\\/about-us\\\/stephanie-anjos-2\\\/\",\"name\":\"Stephanie Anjos - ComplianceRT\",\"isPartOf\":{\"@id\":\"https:\\\/\\\/compliancert.com\\\/#website\"},\"primaryImageOfPage\":{\"@id\":\"https:\\\/\\\/compliancert.com\\\/about-us\\\/stephanie-anjos-2\\\/#primaryimage\"},\"image\":{\"@id\":\"https:\\\/\\\/compliancert.com\\\/about-us\\\/stephanie-anjos-2\\\/#primaryimage\"},\"thumbnailUrl\":\"https:\\\/\\\/compliancert.com\\\/wp-content\\\/uploads\\\/2025\\\/11\\\/Stephanie-Anjos.jpg\",\"datePublished\":\"2026-01-19T23:26:50+00:00\",\"dateModified\":\"2026-01-19T23:30:53+00:00\",\"breadcrumb\":{\"@id\":\"https:\\\/\\\/compliancert.com\\\/about-us\\\/stephanie-anjos-2\\\/#breadcrumb\"},\"inLanguage\":\"fr-FR\",\"potentialAction\":[{\"@type\":\"ReadAction\",\"target\":[\"https:\\\/\\\/compliancert.com\\\/about-us\\\/stephanie-anjos-2\\\/\"]}]},{\"@type\":\"ImageObject\",\"inLanguage\":\"fr-FR\",\"@id\":\"https:\\\/\\\/compliancert.com\\\/about-us\\\/stephanie-anjos-2\\\/#primaryimage\",\"url\":\"https:\\\/\\\/compliancert.com\\\/wp-content\\\/uploads\\\/2025\\\/11\\\/Stephanie-Anjos.jpg\",\"contentUrl\":\"https:\\\/\\\/compliancert.com\\\/wp-content\\\/uploads\\\/2025\\\/11\\\/Stephanie-Anjos.jpg\"},{\"@type\":\"BreadcrumbList\",\"@id\":\"https:\\\/\\\/compliancert.com\\\/about-us\\\/stephanie-anjos-2\\\/#breadcrumb\",\"itemListElement\":[{\"@type\":\"ListItem\",\"position\":1,\"name\":\"Home\",\"item\":\"https:\\\/\\\/compliancert.com\\\/\"},{\"@type\":\"ListItem\",\"position\":2,\"name\":\"About Us\",\"item\":\"https:\\\/\\\/compliancert.com\\\/about-us\\\/\"},{\"@type\":\"ListItem\",\"position\":3,\"name\":\"Stephanie Anjos\"}]},{\"@type\":\"WebSite\",\"@id\":\"https:\\\/\\\/compliancert.com\\\/#website\",\"url\":\"https:\\\/\\\/compliancert.com\\\/\",\"name\":\"ComplianceRT\",\"description\":\"AI-Powered Compliance Tool &amp; Automation Platform | GDPR | ISO27001 | EU AI Act | NIS2\",\"publisher\":{\"@id\":\"https:\\\/\\\/compliancert.com\\\/#organization\"},\"potentialAction\":[{\"@type\":\"SearchAction\",\"target\":{\"@type\":\"EntryPoint\",\"urlTemplate\":\"https:\\\/\\\/compliancert.com\\\/?s={search_term_string}\"},\"query-input\":{\"@type\":\"PropertyValueSpecification\",\"valueRequired\":true,\"valueName\":\"search_term_string\"}}],\"inLanguage\":\"fr-FR\"},{\"@type\":\"Organization\",\"@id\":\"https:\\\/\\\/compliancert.com\\\/#organization\",\"name\":\"RT Europe SA\",\"alternateName\":\"RT\",\"url\":\"https:\\\/\\\/compliancert.com\\\/\",\"logo\":{\"@type\":\"ImageObject\",\"inLanguage\":\"fr-FR\",\"@id\":\"https:\\\/\\\/compliancert.com\\\/#\\\/schema\\\/logo\\\/image\\\/\",\"url\":\"https:\\\/\\\/compliancert.com\\\/wp-content\\\/uploads\\\/2023\\\/07\\\/RT-logo-header.svg\",\"contentUrl\":\"https:\\\/\\\/compliancert.com\\\/wp-content\\\/uploads\\\/2023\\\/07\\\/RT-logo-header.svg\",\"width\":116,\"height\":60,\"caption\":\"RT Europe SA\"},\"image\":{\"@id\":\"https:\\\/\\\/compliancert.com\\\/#\\\/schema\\\/logo\\\/image\\\/\"},\"sameAs\":[\"https:\\\/\\\/www.linkedin.com\\\/company\\\/compliancert\\\/\"]}]}<\/script>\n<!-- \/ Yoast SEO plugin. -->","yoast_head_json":{"title":"Stephanie Anjos - Conformit\u00e9","robots":{"index":"index","follow":"follow","max-snippet":"max-snippet:-1","max-image-preview":"max-image-preview:large","max-video-preview":"max-video-preview:-1"},"canonical":"https:\/\/compliancert.com\/fr\/a-propos-de-nous\/stephanie-anjos-2\/","og_locale":"fr_FR","og_type":"article","og_title":"Stephanie Anjos - ComplianceRT","og_description":"Account &amp; Communications Manager Stephanie Anjos As Account &amp; Communications Manager at ComplianceRT, St\u00e9phanie Anjos leads client and partner engagement while driving strategic communications across media, ecosystem outreach, and platform messaging. She bridges relationships, technology, and digital trust to support ComplianceRT\u2019s mission of redefining compliance through intelligence and automation. About Stephanie Anjos As Account &amp;...","og_url":"https:\/\/compliancert.com\/fr\/a-propos-de-nous\/stephanie-anjos-2\/","og_site_name":"ComplianceRT","article_modified_time":"2026-01-19T23:30:53+00:00","og_image":[{"url":"https:\/\/compliancert.com\/wp-content\/uploads\/2025\/11\/Stephanie-Anjos.jpg","type":"","width":"","height":""}],"twitter_card":"summary_large_image","twitter_misc":{"Dur\u00e9e de lecture estim\u00e9e":"1 minute"},"schema":{"@context":"https:\/\/schema.org","@graph":[{"@type":"WebPage","@id":"https:\/\/compliancert.com\/about-us\/stephanie-anjos-2\/","url":"https:\/\/compliancert.com\/about-us\/stephanie-anjos-2\/","name":"Stephanie Anjos - Conformit\u00e9","isPartOf":{"@id":"https:\/\/compliancert.com\/#website"},"primaryImageOfPage":{"@id":"https:\/\/compliancert.com\/about-us\/stephanie-anjos-2\/#primaryimage"},"image":{"@id":"https:\/\/compliancert.com\/about-us\/stephanie-anjos-2\/#primaryimage"},"thumbnailUrl":"https:\/\/compliancert.com\/wp-content\/uploads\/2025\/11\/Stephanie-Anjos.jpg","datePublished":"2026-01-19T23:26:50+00:00","dateModified":"2026-01-19T23:30:53+00:00","breadcrumb":{"@id":"https:\/\/compliancert.com\/about-us\/stephanie-anjos-2\/#breadcrumb"},"inLanguage":"fr-FR","potentialAction":[{"@type":"ReadAction","target":["https:\/\/compliancert.com\/about-us\/stephanie-anjos-2\/"]}]},{"@type":"ImageObject","inLanguage":"fr-FR","@id":"https:\/\/compliancert.com\/about-us\/stephanie-anjos-2\/#primaryimage","url":"https:\/\/compliancert.com\/wp-content\/uploads\/2025\/11\/Stephanie-Anjos.jpg","contentUrl":"https:\/\/compliancert.com\/wp-content\/uploads\/2025\/11\/Stephanie-Anjos.jpg"},{"@type":"BreadcrumbList","@id":"https:\/\/compliancert.com\/about-us\/stephanie-anjos-2\/#breadcrumb","itemListElement":[{"@type":"ListItem","position":1,"name":"Home","item":"https:\/\/compliancert.com\/"},{"@type":"ListItem","position":2,"name":"About Us","item":"https:\/\/compliancert.com\/about-us\/"},{"@type":"ListItem","position":3,"name":"Stephanie Anjos"}]},{"@type":"WebSite","@id":"https:\/\/compliancert.com\/#website","url":"https:\/\/compliancert.com\/","name":"Conformit\u00e9RT","description":"Outil de Conformit\u00e9 et Plateforme d'Automatisation Aliment\u00e9s par l'IA | RGPD | ISO27001 | EU AI Act | NIS2","publisher":{"@id":"https:\/\/compliancert.com\/#organization"},"potentialAction":[{"@type":"SearchAction","target":{"@type":"EntryPoint","urlTemplate":"https:\/\/compliancert.com\/?s={search_term_string}"},"query-input":{"@type":"PropertyValueSpecification","valueRequired":true,"valueName":"search_term_string"}}],"inLanguage":"fr-FR"},{"@type":"Organization","@id":"https:\/\/compliancert.com\/#organization","name":"RT Europe SA","alternateName":"RT","url":"https:\/\/compliancert.com\/","logo":{"@type":"ImageObject","inLanguage":"fr-FR","@id":"https:\/\/compliancert.com\/#\/schema\/logo\/image\/","url":"https:\/\/compliancert.com\/wp-content\/uploads\/2023\/07\/RT-logo-header.svg","contentUrl":"https:\/\/compliancert.com\/wp-content\/uploads\/2023\/07\/RT-logo-header.svg","width":116,"height":60,"caption":"RT Europe SA"},"image":{"@id":"https:\/\/compliancert.com\/#\/schema\/logo\/image\/"},"sameAs":["https:\/\/www.linkedin.com\/company\/compliancert\/"]}]}},"jetpack_sharing_enabled":true,"_links":{"self":[{"href":"https:\/\/compliancert.com\/fr\/wp-json\/wp\/v2\/pages\/26435","targetHints":{"allow":["GET"]}}],"collection":[{"href":"https:\/\/compliancert.com\/fr\/wp-json\/wp\/v2\/pages"}],"about":[{"href":"https:\/\/compliancert.com\/fr\/wp-json\/wp\/v2\/types\/page"}],"author":[{"embeddable":true,"href":"https:\/\/compliancert.com\/fr\/wp-json\/wp\/v2\/users\/1"}],"replies":[{"embeddable":true,"href":"https:\/\/compliancert.com\/fr\/wp-json\/wp\/v2\/comments?post=26435"}],"version-history":[{"count":6,"href":"https:\/\/compliancert.com\/fr\/wp-json\/wp\/v2\/pages\/26435\/revisions"}],"predecessor-version":[{"id":26441,"href":"https:\/\/compliancert.com\/fr\/wp-json\/wp\/v2\/pages\/26435\/revisions\/26441"}],"up":[{"embeddable":true,"href":"https:\/\/compliancert.com\/fr\/wp-json\/wp\/v2\/pages\/13925"}],"wp:attachment":[{"href":"https:\/\/compliancert.com\/fr\/wp-json\/wp\/v2\/media?parent=26435"}],"wp:term":[{"taxonomy":"category","embeddable":true,"href":"https:\/\/compliancert.com\/fr\/wp-json\/wp\/v2\/categories?post=26435"},{"taxonomy":"post_tag","embeddable":true,"href":"https:\/\/compliancert.com\/fr\/wp-json\/wp\/v2\/tags?post=26435"}],"curies":[{"name":"wp","href":"https:\/\/api.w.org\/{rel}","templated":true}]}}