{"id":26431,"date":"2026-01-19T23:23:34","date_gmt":"2026-01-19T23:23:34","guid":{"rendered":"https:\/\/compliancert.com\/?page_id=26431"},"modified":"2026-01-19T23:30:37","modified_gmt":"2026-01-19T23:30:37","slug":"dr-nikolay-mehandjiev-2","status":"publish","type":"page","link":"https:\/\/compliancert.com\/fr\/a-propos-de-nous\/dr-nikolay-mehandjiev-2\/","title":{"rendered":"Dr. Nikolay Mehandjiev"},"content":{"rendered":"<div data-elementor-type=\"wp-page\" data-elementor-id=\"26431\" class=\"elementor elementor-26431\" data-elementor-post-type=\"page\">\n\t\t\t\t\t\t<section class=\"elementor-section elementor-top-section elementor-element elementor-element-4e1d4b6 elementor-section-height-min-height elementor-section-content-middle elementor-reverse-mobile elementor-section-boxed elementor-section-height-default elementor-section-items-middle\" data-id=\"4e1d4b6\" data-element_type=\"section\" data-e-type=\"section\" data-settings=\"{&quot;background_background&quot;:&quot;classic&quot;}\">\n\t\t\t\t\t\t<div class=\"elementor-container elementor-column-gap-default\">\n\t\t\t\t\t<div class=\"elementor-column elementor-col-50 elementor-top-column elementor-element elementor-element-30220cc\" data-id=\"30220cc\" data-element_type=\"column\" data-e-type=\"column\">\n\t\t\t<div class=\"elementor-widget-wrap elementor-element-populated\">\n\t\t\t\t\t\t<div class=\"elementor-element elementor-element-ce51e1f elementor-widget elementor-widget-image\" data-id=\"ce51e1f\" data-element_type=\"widget\" data-e-type=\"widget\" data-widget_type=\"image.default\">\n\t\t\t\t<div class=\"elementor-widget-container\">\n\t\t\t\t\t\t\t\t\t\t\t\t\t\t\t<img fetchpriority=\"high\" decoding=\"async\" width=\"384\" height=\"321\" src=\"https:\/\/i0.wp.com\/compliancert.com\/wp-content\/uploads\/2025\/11\/Dr-Nikolay-Mehandjiev.jpg?fit=384%2C321&amp;ssl=1\" class=\"attachment-large size-large wp-image-25654\" alt=\"\" srcset=\"https:\/\/i0.wp.com\/compliancert.com\/wp-content\/uploads\/2025\/11\/Dr-Nikolay-Mehandjiev.jpg?w=384&amp;ssl=1 384w, https:\/\/i0.wp.com\/compliancert.com\/wp-content\/uploads\/2025\/11\/Dr-Nikolay-Mehandjiev.jpg?resize=300%2C251&amp;ssl=1 300w, https:\/\/i0.wp.com\/compliancert.com\/wp-content\/uploads\/2025\/11\/Dr-Nikolay-Mehandjiev.jpg?resize=14%2C12&amp;ssl=1 14w\" sizes=\"(max-width: 384px) 100vw, 384px\" \/>\t\t\t\t\t\t\t\t\t\t\t\t\t\t\t<\/div>\n\t\t\t\t<\/div>\n\t\t\t\t\t<\/div>\n\t\t<\/div>\n\t\t\t\t<div class=\"elementor-column elementor-col-50 elementor-top-column elementor-element elementor-element-afff8bb\" data-id=\"afff8bb\" data-element_type=\"column\" data-e-type=\"column\">\n\t\t\t<div class=\"elementor-widget-wrap elementor-element-populated\">\n\t\t\t\t\t\t<div class=\"elementor-element elementor-element-9272088 elementor-widget__width-auto elementor-icon-list--layout-traditional elementor-list-item-link-full_width elementor-widget elementor-widget-icon-list\" data-id=\"9272088\" data-element_type=\"widget\" data-e-type=\"widget\" data-widget_type=\"icon-list.default\">\n\t\t\t\t<div class=\"elementor-widget-container\">\n\t\t\t\t\t\t\t<ul class=\"elementor-icon-list-items\">\n\t\t\t\t\t\t\t<li class=\"elementor-icon-list-item\">\n\t\t\t\t\t\t\t\t\t\t\t<span class=\"elementor-icon-list-icon\">\n\t\t\t\t\t\t\t<i aria-hidden=\"true\" class=\"vamtamtheme- vamtam-theme-brand-symbol\"><\/i>\t\t\t\t\t\t<\/span>\n\t\t\t\t\t\t\t\t\t\t<span class=\"elementor-icon-list-text\">Conseiller en recherche et d\u00e9veloppement<\/span>\n\t\t\t\t\t\t\t\t\t<\/li>\n\t\t\t\t\t\t<\/ul>\n\t\t\t\t\t\t<\/div>\n\t\t\t\t<\/div>\n\t\t\t\t<div class=\"elementor-element elementor-element-602f0ab elementor-widget elementor-widget-heading\" data-id=\"602f0ab\" data-element_type=\"widget\" data-e-type=\"widget\" data-widget_type=\"heading.default\">\n\t\t\t\t<div class=\"elementor-widget-container\">\n\t\t\t\t\t<h1 class=\"elementor-heading-title elementor-size-default\">Dr. Nikolay Mehandjiev <\/h1>\t\t\t\t<\/div>\n\t\t\t\t<\/div>\n\t\t\t\t<div class=\"elementor-element elementor-element-c213e86 elementor-widget elementor-widget-text-editor\" data-id=\"c213e86\" data-element_type=\"widget\" data-e-type=\"widget\" data-widget_type=\"text-editor.default\">\n\t\t\t\t<div class=\"elementor-widget-container\">\n\t\t\t\t\t\t\t\t\t<p>Nikolay Mehandjiev est un universitaire de haut niveau et un leader de la recherche avec plus de 20 ans d'exp\u00e9rience dans l'innovation num\u00e9rique, les syst\u00e8mes d'entreprise et l'IA appliqu\u00e9e, faisant le lien entre le monde universitaire et l'industrie. Chercheur prolifique et expert international, il conseille ComplianceRT sur la strat\u00e9gie de R&amp;D, fa\u00e7onnant l'intelligence de conformit\u00e9 de prochaine g\u00e9n\u00e9ration et l'orchestration pilot\u00e9e par l'IA.<\/p>\t\t\t\t\t\t\t\t<\/div>\n\t\t\t\t<\/div>\n\t\t\t\t\t<\/div>\n\t\t<\/div>\n\t\t\t\t\t<\/div>\n\t\t<\/section>\n\t\t\t\t<section class=\"elementor-section elementor-top-section elementor-element elementor-element-60f9a5e elementor-section-height-min-height elementor-section-items-stretch elementor-section-boxed elementor-section-height-default\" data-id=\"60f9a5e\" data-element_type=\"section\" data-e-type=\"section\">\n\t\t\t\t\t\t<div class=\"elementor-container elementor-column-gap-no\">\n\t\t\t\t\t<div class=\"elementor-column elementor-col-100 elementor-top-column elementor-element elementor-element-977bf1a\" data-id=\"977bf1a\" data-element_type=\"column\" data-e-type=\"column\" data-settings=\"{&quot;background_background&quot;:&quot;classic&quot;,&quot;background_motion_fx_motion_fx_scrolling&quot;:&quot;yes&quot;,&quot;background_motion_fx_translateY_effect&quot;:&quot;yes&quot;,&quot;background_motion_fx_translateY_speed&quot;:{&quot;unit&quot;:&quot;px&quot;,&quot;size&quot;:2,&quot;sizes&quot;:[]},&quot;background_motion_fx_translateY_affectedRange&quot;:{&quot;unit&quot;:&quot;%&quot;,&quot;size&quot;:&quot;&quot;,&quot;sizes&quot;:{&quot;start&quot;:2,&quot;end&quot;:67}},&quot;background_motion_fx_devices&quot;:[&quot;desktop&quot;]}\">\n\t\t\t<div class=\"elementor-widget-wrap elementor-element-populated\">\n\t\t\t\t\t\t<div class=\"elementor-element elementor-element-9836f34 elementor-widget__width-auto elementor-icon-list--layout-traditional elementor-list-item-link-full_width elementor-widget elementor-widget-icon-list\" data-id=\"9836f34\" data-element_type=\"widget\" data-e-type=\"widget\" data-widget_type=\"icon-list.default\">\n\t\t\t\t<div class=\"elementor-widget-container\">\n\t\t\t\t\t\t\t<ul class=\"elementor-icon-list-items\">\n\t\t\t\t\t\t\t<li class=\"elementor-icon-list-item\">\n\t\t\t\t\t\t\t\t\t\t\t<span class=\"elementor-icon-list-icon\">\n\t\t\t\t\t\t\t<i aria-hidden=\"true\" class=\"vamtamtheme- vamtam-theme-brand-symbol\"><\/i>\t\t\t\t\t\t<\/span>\n\t\t\t\t\t\t\t\t\t\t<span class=\"elementor-icon-list-text\">A propos du Dr. Nikolay Mehandjiev <\/span>\n\t\t\t\t\t\t\t\t\t<\/li>\n\t\t\t\t\t\t<\/ul>\n\t\t\t\t\t\t<\/div>\n\t\t\t\t<\/div>\n\t\t\t\t<div class=\"elementor-element elementor-element-5026705 elementor-widget elementor-widget-text-editor\" data-id=\"5026705\" data-element_type=\"widget\" data-e-type=\"widget\" data-widget_type=\"text-editor.default\">\n\t\t\t\t<div class=\"elementor-widget-container\">\n\t\t\t\t\t\t\t\t\t<p>Nikolay Mehandjiev est vice-provost (recherche) \u00e0 l'universit\u00e9 de Birmingham, campus de Duba\u00ef, o\u00f9 il dirige le d\u00e9veloppement de la strat\u00e9gie de recherche et d'engagement du campus.<\/p><p>Avec plus de vingt ans d'exp\u00e9rience dans l'innovation num\u00e9rique, les syst\u00e8mes d'entreprise et l'IA appliqu\u00e9e, son travail fait le lien entre le monde universitaire et l'industrie pour faire progresser les technologies d'entreprise intelligentes et centr\u00e9es sur l'utilisateur.<\/p><p>Auparavant, M. Mehandjiev \u00e9tait professeur de syst\u00e8mes d'information d'entreprise \u00e0 l'universit\u00e9 de Manchester, o\u00f9 il a enseign\u00e9 et men\u00e9 des recherches sur le r\u00f4le transformateur de la technologie num\u00e9rique et du big data dans la fabrication et les industries de transformation.<\/p><p>Il est l'auteur de plus de 150 publications \u00e9valu\u00e9es par des pairs, a \u00e9dit\u00e9 plusieurs num\u00e9ros de revues internationales et a particip\u00e9 \u00e0 25 projets de recherche collaborative d'une valeur de plus de 57 millions d'euros, impliquant des organisations mondiales telles qu'Airbus, SAP, Comau, MAN, BT, Atos, Philips, DHL, Hanomag et Magna InTier.<\/p><p>M. Mehandjiev a \u00e9galement \u00e9t\u00e9 invit\u00e9 par SAP Research Labs (Allemagne), l'universit\u00e9 de Tongji (Chine), Atos Origin SAE (Espagne), BT Research (Royaume-Uni) et UNSW (Australie), et a supervis\u00e9 15 titulaires de doctorat.<\/p><p>Il intervient r\u00e9guli\u00e8rement en tant qu'expert international pour la Commission europ\u00e9enne et les conseils nationaux de la recherche en Belgique, en Pologne, en Russie et au Kazakhstan.<\/p><p>Chez ComplianceRT, M. Mehandjiev conseille sur la strat\u00e9gie de recherche et de d\u00e9veloppement, contribuant \u00e0 fa\u00e7onner la vision de l'entreprise en mati\u00e8re d'intelligence de conformit\u00e9 de nouvelle g\u00e9n\u00e9ration et d'orchestration pilot\u00e9e par l'IA.<\/p><p><!-- notionvc: 956df4ad-4cfc-4907-9bf2-6b32fd1e4a6a --><\/p><p><!-- notionvc: 9ff4b591-d365-4fa1-bc60-f118e9d3c591 --><\/p>\t\t\t\t\t\t\t\t<\/div>\n\t\t\t\t<\/div>\n\t\t\t\t\t<\/div>\n\t\t<\/div>\n\t\t\t\t\t<\/div>\n\t\t<\/section>\n\t\t\t\t<\/div>","protected":false},"excerpt":{"rendered":"<p>Research and Development Advisor Dr. Nikolay Mehandjiev Dr. Nikolay Mehandjiev is a senior academic and research leader with over 20 years of experience in digital innovation, enterprise systems, and applied AI, bridging academia and industry. A prolific researcher and international expert, he advises ComplianceRT on R&amp;D strategy, shaping next-generation compliance intelligence and AI-driven orchestration. About&#8230;<\/p>","protected":false},"author":1,"featured_media":0,"parent":13925,"menu_order":0,"comment_status":"closed","ping_status":"closed","template":"","meta":{"_acf_changed":false,"_eb_attr":"","footnotes":""},"categories":[],"tags":[],"class_list":["post-26431","page","type-page","status-publish","hentry"],"acf":[],"yoast_head":"<!-- This site is optimized with the Yoast SEO plugin v27.5 - https:\/\/yoast.com\/product\/yoast-seo-wordpress\/ -->\n<title>Dr. Nikolay Mehandjiev - ComplianceRT<\/title>\n<meta name=\"robots\" content=\"index, follow, max-snippet:-1, max-image-preview:large, max-video-preview:-1\" \/>\n<link rel=\"canonical\" href=\"https:\/\/compliancert.com\/fr\/a-propos-de-nous\/dr-nikolay-mehandjiev-2\/\" \/>\n<meta property=\"og:locale\" content=\"fr_FR\" \/>\n<meta property=\"og:type\" content=\"article\" \/>\n<meta property=\"og:title\" content=\"Dr. Nikolay Mehandjiev - ComplianceRT\" \/>\n<meta property=\"og:description\" content=\"Research and Development Advisor Dr. Nikolay Mehandjiev Dr. Nikolay Mehandjiev is a senior academic and research leader with over 20 years of experience in digital innovation, enterprise systems, and applied AI, bridging academia and industry. A prolific researcher and international expert, he advises ComplianceRT on R&amp;D strategy, shaping next-generation compliance intelligence and AI-driven orchestration. About...\" \/>\n<meta property=\"og:url\" content=\"https:\/\/compliancert.com\/fr\/a-propos-de-nous\/dr-nikolay-mehandjiev-2\/\" \/>\n<meta property=\"og:site_name\" content=\"ComplianceRT\" \/>\n<meta property=\"article:modified_time\" content=\"2026-01-19T23:30:37+00:00\" \/>\n<meta property=\"og:image\" content=\"https:\/\/compliancert.com\/wp-content\/uploads\/2025\/11\/Dr-Nikolay-Mehandjiev.jpg\" \/>\n<meta name=\"twitter:card\" content=\"summary_large_image\" \/>\n<meta name=\"twitter:label1\" content=\"Dur\u00e9e de lecture estim\u00e9e\" \/>\n\t<meta name=\"twitter:data1\" content=\"2 minutes\" \/>\n<script type=\"application\/ld+json\" class=\"yoast-schema-graph\">{\"@context\":\"https:\\\/\\\/schema.org\",\"@graph\":[{\"@type\":\"WebPage\",\"@id\":\"https:\\\/\\\/compliancert.com\\\/about-us\\\/dr-nikolay-mehandjiev-2\\\/\",\"url\":\"https:\\\/\\\/compliancert.com\\\/about-us\\\/dr-nikolay-mehandjiev-2\\\/\",\"name\":\"Dr. Nikolay Mehandjiev - ComplianceRT\",\"isPartOf\":{\"@id\":\"https:\\\/\\\/compliancert.com\\\/#website\"},\"primaryImageOfPage\":{\"@id\":\"https:\\\/\\\/compliancert.com\\\/about-us\\\/dr-nikolay-mehandjiev-2\\\/#primaryimage\"},\"image\":{\"@id\":\"https:\\\/\\\/compliancert.com\\\/about-us\\\/dr-nikolay-mehandjiev-2\\\/#primaryimage\"},\"thumbnailUrl\":\"https:\\\/\\\/compliancert.com\\\/wp-content\\\/uploads\\\/2025\\\/11\\\/Dr-Nikolay-Mehandjiev.jpg\",\"datePublished\":\"2026-01-19T23:23:34+00:00\",\"dateModified\":\"2026-01-19T23:30:37+00:00\",\"breadcrumb\":{\"@id\":\"https:\\\/\\\/compliancert.com\\\/about-us\\\/dr-nikolay-mehandjiev-2\\\/#breadcrumb\"},\"inLanguage\":\"fr-FR\",\"potentialAction\":[{\"@type\":\"ReadAction\",\"target\":[\"https:\\\/\\\/compliancert.com\\\/about-us\\\/dr-nikolay-mehandjiev-2\\\/\"]}]},{\"@type\":\"ImageObject\",\"inLanguage\":\"fr-FR\",\"@id\":\"https:\\\/\\\/compliancert.com\\\/about-us\\\/dr-nikolay-mehandjiev-2\\\/#primaryimage\",\"url\":\"https:\\\/\\\/compliancert.com\\\/wp-content\\\/uploads\\\/2025\\\/11\\\/Dr-Nikolay-Mehandjiev.jpg\",\"contentUrl\":\"https:\\\/\\\/compliancert.com\\\/wp-content\\\/uploads\\\/2025\\\/11\\\/Dr-Nikolay-Mehandjiev.jpg\"},{\"@type\":\"BreadcrumbList\",\"@id\":\"https:\\\/\\\/compliancert.com\\\/about-us\\\/dr-nikolay-mehandjiev-2\\\/#breadcrumb\",\"itemListElement\":[{\"@type\":\"ListItem\",\"position\":1,\"name\":\"Home\",\"item\":\"https:\\\/\\\/compliancert.com\\\/\"},{\"@type\":\"ListItem\",\"position\":2,\"name\":\"About Us\",\"item\":\"https:\\\/\\\/compliancert.com\\\/about-us\\\/\"},{\"@type\":\"ListItem\",\"position\":3,\"name\":\"Dr. Nikolay Mehandjiev\"}]},{\"@type\":\"WebSite\",\"@id\":\"https:\\\/\\\/compliancert.com\\\/#website\",\"url\":\"https:\\\/\\\/compliancert.com\\\/\",\"name\":\"ComplianceRT\",\"description\":\"AI-Powered Compliance Tool &amp; Automation Platform | GDPR | ISO27001 | EU AI Act | NIS2\",\"publisher\":{\"@id\":\"https:\\\/\\\/compliancert.com\\\/#organization\"},\"potentialAction\":[{\"@type\":\"SearchAction\",\"target\":{\"@type\":\"EntryPoint\",\"urlTemplate\":\"https:\\\/\\\/compliancert.com\\\/?s={search_term_string}\"},\"query-input\":{\"@type\":\"PropertyValueSpecification\",\"valueRequired\":true,\"valueName\":\"search_term_string\"}}],\"inLanguage\":\"fr-FR\"},{\"@type\":\"Organization\",\"@id\":\"https:\\\/\\\/compliancert.com\\\/#organization\",\"name\":\"RT Europe SA\",\"alternateName\":\"RT\",\"url\":\"https:\\\/\\\/compliancert.com\\\/\",\"logo\":{\"@type\":\"ImageObject\",\"inLanguage\":\"fr-FR\",\"@id\":\"https:\\\/\\\/compliancert.com\\\/#\\\/schema\\\/logo\\\/image\\\/\",\"url\":\"https:\\\/\\\/compliancert.com\\\/wp-content\\\/uploads\\\/2023\\\/07\\\/RT-logo-header.svg\",\"contentUrl\":\"https:\\\/\\\/compliancert.com\\\/wp-content\\\/uploads\\\/2023\\\/07\\\/RT-logo-header.svg\",\"width\":116,\"height\":60,\"caption\":\"RT Europe SA\"},\"image\":{\"@id\":\"https:\\\/\\\/compliancert.com\\\/#\\\/schema\\\/logo\\\/image\\\/\"},\"sameAs\":[\"https:\\\/\\\/www.linkedin.com\\\/company\\\/compliancert\\\/\"]}]}<\/script>\n<!-- \/ Yoast SEO plugin. -->","yoast_head_json":{"title":"Dr. Nikolay Mehandjiev - ComplianceRT","robots":{"index":"index","follow":"follow","max-snippet":"max-snippet:-1","max-image-preview":"max-image-preview:large","max-video-preview":"max-video-preview:-1"},"canonical":"https:\/\/compliancert.com\/fr\/a-propos-de-nous\/dr-nikolay-mehandjiev-2\/","og_locale":"fr_FR","og_type":"article","og_title":"Dr. Nikolay Mehandjiev - ComplianceRT","og_description":"Research and Development Advisor Dr. Nikolay Mehandjiev Dr. Nikolay Mehandjiev is a senior academic and research leader with over 20 years of experience in digital innovation, enterprise systems, and applied AI, bridging academia and industry. A prolific researcher and international expert, he advises ComplianceRT on R&amp;D strategy, shaping next-generation compliance intelligence and AI-driven orchestration. About...","og_url":"https:\/\/compliancert.com\/fr\/a-propos-de-nous\/dr-nikolay-mehandjiev-2\/","og_site_name":"ComplianceRT","article_modified_time":"2026-01-19T23:30:37+00:00","og_image":[{"url":"https:\/\/compliancert.com\/wp-content\/uploads\/2025\/11\/Dr-Nikolay-Mehandjiev.jpg","type":"","width":"","height":""}],"twitter_card":"summary_large_image","twitter_misc":{"Dur\u00e9e de lecture estim\u00e9e":"2 minutes"},"schema":{"@context":"https:\/\/schema.org","@graph":[{"@type":"WebPage","@id":"https:\/\/compliancert.com\/about-us\/dr-nikolay-mehandjiev-2\/","url":"https:\/\/compliancert.com\/about-us\/dr-nikolay-mehandjiev-2\/","name":"Dr. Nikolay Mehandjiev - ComplianceRT","isPartOf":{"@id":"https:\/\/compliancert.com\/#website"},"primaryImageOfPage":{"@id":"https:\/\/compliancert.com\/about-us\/dr-nikolay-mehandjiev-2\/#primaryimage"},"image":{"@id":"https:\/\/compliancert.com\/about-us\/dr-nikolay-mehandjiev-2\/#primaryimage"},"thumbnailUrl":"https:\/\/compliancert.com\/wp-content\/uploads\/2025\/11\/Dr-Nikolay-Mehandjiev.jpg","datePublished":"2026-01-19T23:23:34+00:00","dateModified":"2026-01-19T23:30:37+00:00","breadcrumb":{"@id":"https:\/\/compliancert.com\/about-us\/dr-nikolay-mehandjiev-2\/#breadcrumb"},"inLanguage":"fr-FR","potentialAction":[{"@type":"ReadAction","target":["https:\/\/compliancert.com\/about-us\/dr-nikolay-mehandjiev-2\/"]}]},{"@type":"ImageObject","inLanguage":"fr-FR","@id":"https:\/\/compliancert.com\/about-us\/dr-nikolay-mehandjiev-2\/#primaryimage","url":"https:\/\/compliancert.com\/wp-content\/uploads\/2025\/11\/Dr-Nikolay-Mehandjiev.jpg","contentUrl":"https:\/\/compliancert.com\/wp-content\/uploads\/2025\/11\/Dr-Nikolay-Mehandjiev.jpg"},{"@type":"BreadcrumbList","@id":"https:\/\/compliancert.com\/about-us\/dr-nikolay-mehandjiev-2\/#breadcrumb","itemListElement":[{"@type":"ListItem","position":1,"name":"Home","item":"https:\/\/compliancert.com\/"},{"@type":"ListItem","position":2,"name":"About Us","item":"https:\/\/compliancert.com\/about-us\/"},{"@type":"ListItem","position":3,"name":"Dr. Nikolay Mehandjiev"}]},{"@type":"WebSite","@id":"https:\/\/compliancert.com\/#website","url":"https:\/\/compliancert.com\/","name":"Conformit\u00e9RT","description":"Outil de Conformit\u00e9 et Plateforme d'Automatisation Aliment\u00e9s par l'IA | RGPD | ISO27001 | EU AI Act | NIS2","publisher":{"@id":"https:\/\/compliancert.com\/#organization"},"potentialAction":[{"@type":"SearchAction","target":{"@type":"EntryPoint","urlTemplate":"https:\/\/compliancert.com\/?s={search_term_string}"},"query-input":{"@type":"PropertyValueSpecification","valueRequired":true,"valueName":"search_term_string"}}],"inLanguage":"fr-FR"},{"@type":"Organization","@id":"https:\/\/compliancert.com\/#organization","name":"RT Europe SA","alternateName":"RT","url":"https:\/\/compliancert.com\/","logo":{"@type":"ImageObject","inLanguage":"fr-FR","@id":"https:\/\/compliancert.com\/#\/schema\/logo\/image\/","url":"https:\/\/compliancert.com\/wp-content\/uploads\/2023\/07\/RT-logo-header.svg","contentUrl":"https:\/\/compliancert.com\/wp-content\/uploads\/2023\/07\/RT-logo-header.svg","width":116,"height":60,"caption":"RT Europe SA"},"image":{"@id":"https:\/\/compliancert.com\/#\/schema\/logo\/image\/"},"sameAs":["https:\/\/www.linkedin.com\/company\/compliancert\/"]}]}},"jetpack_sharing_enabled":true,"_links":{"self":[{"href":"https:\/\/compliancert.com\/fr\/wp-json\/wp\/v2\/pages\/26431","targetHints":{"allow":["GET"]}}],"collection":[{"href":"https:\/\/compliancert.com\/fr\/wp-json\/wp\/v2\/pages"}],"about":[{"href":"https:\/\/compliancert.com\/fr\/wp-json\/wp\/v2\/types\/page"}],"author":[{"embeddable":true,"href":"https:\/\/compliancert.com\/fr\/wp-json\/wp\/v2\/users\/1"}],"replies":[{"embeddable":true,"href":"https:\/\/compliancert.com\/fr\/wp-json\/wp\/v2\/comments?post=26431"}],"version-history":[{"count":3,"href":"https:\/\/compliancert.com\/fr\/wp-json\/wp\/v2\/pages\/26431\/revisions"}],"predecessor-version":[{"id":26434,"href":"https:\/\/compliancert.com\/fr\/wp-json\/wp\/v2\/pages\/26431\/revisions\/26434"}],"up":[{"embeddable":true,"href":"https:\/\/compliancert.com\/fr\/wp-json\/wp\/v2\/pages\/13925"}],"wp:attachment":[{"href":"https:\/\/compliancert.com\/fr\/wp-json\/wp\/v2\/media?parent=26431"}],"wp:term":[{"taxonomy":"category","embeddable":true,"href":"https:\/\/compliancert.com\/fr\/wp-json\/wp\/v2\/categories?post=26431"},{"taxonomy":"post_tag","embeddable":true,"href":"https:\/\/compliancert.com\/fr\/wp-json\/wp\/v2\/tags?post=26431"}],"curies":[{"name":"wp","href":"https:\/\/api.w.org\/{rel}","templated":true}]}}