{"id":26403,"date":"2026-01-19T23:01:33","date_gmt":"2026-01-19T23:01:33","guid":{"rendered":"https:\/\/compliancert.com\/?page_id=26403"},"modified":"2026-01-19T23:29:59","modified_gmt":"2026-01-19T23:29:59","slug":"sam-sahana","status":"publish","type":"page","link":"https:\/\/compliancert.com\/fr\/a-propos-de-nous\/sam-sahana\/","title":{"rendered":"Sam Sahana"},"content":{"rendered":"<div data-elementor-type=\"wp-page\" data-elementor-id=\"26403\" class=\"elementor elementor-26403\" data-elementor-post-type=\"page\">\n\t\t\t\t\t\t<section class=\"elementor-section elementor-top-section elementor-element elementor-element-4e1d4b6 elementor-section-height-min-height elementor-section-content-middle elementor-reverse-mobile elementor-section-boxed elementor-section-height-default elementor-section-items-middle\" data-id=\"4e1d4b6\" data-element_type=\"section\" data-e-type=\"section\" data-settings=\"{&quot;background_background&quot;:&quot;classic&quot;}\">\n\t\t\t\t\t\t<div class=\"elementor-container elementor-column-gap-default\">\n\t\t\t\t\t<div class=\"elementor-column elementor-col-50 elementor-top-column elementor-element elementor-element-30220cc\" data-id=\"30220cc\" data-element_type=\"column\" data-e-type=\"column\">\n\t\t\t<div class=\"elementor-widget-wrap elementor-element-populated\">\n\t\t\t\t\t\t<div class=\"elementor-element elementor-element-ce51e1f elementor-widget elementor-widget-image\" data-id=\"ce51e1f\" data-element_type=\"widget\" data-e-type=\"widget\" data-widget_type=\"image.default\">\n\t\t\t\t<div class=\"elementor-widget-container\">\n\t\t\t\t\t\t\t\t\t\t\t\t\t\t\t<img fetchpriority=\"high\" decoding=\"async\" width=\"384\" height=\"321\" src=\"https:\/\/i0.wp.com\/compliancert.com\/wp-content\/uploads\/2025\/11\/Sam-Sahana.jpg?fit=384%2C321&amp;ssl=1\" class=\"attachment-large size-large wp-image-25655\" alt=\"\" srcset=\"https:\/\/i0.wp.com\/compliancert.com\/wp-content\/uploads\/2025\/11\/Sam-Sahana.jpg?w=384&amp;ssl=1 384w, https:\/\/i0.wp.com\/compliancert.com\/wp-content\/uploads\/2025\/11\/Sam-Sahana.jpg?resize=300%2C251&amp;ssl=1 300w, https:\/\/i0.wp.com\/compliancert.com\/wp-content\/uploads\/2025\/11\/Sam-Sahana.jpg?resize=14%2C12&amp;ssl=1 14w\" sizes=\"(max-width: 384px) 100vw, 384px\" \/>\t\t\t\t\t\t\t\t\t\t\t\t\t\t\t<\/div>\n\t\t\t\t<\/div>\n\t\t\t\t\t<\/div>\n\t\t<\/div>\n\t\t\t\t<div class=\"elementor-column elementor-col-50 elementor-top-column elementor-element elementor-element-afff8bb\" data-id=\"afff8bb\" data-element_type=\"column\" data-e-type=\"column\">\n\t\t\t<div class=\"elementor-widget-wrap elementor-element-populated\">\n\t\t\t\t\t\t<div class=\"elementor-element elementor-element-9272088 elementor-widget__width-auto elementor-icon-list--layout-traditional elementor-list-item-link-full_width elementor-widget elementor-widget-icon-list\" data-id=\"9272088\" data-element_type=\"widget\" data-e-type=\"widget\" data-widget_type=\"icon-list.default\">\n\t\t\t\t<div class=\"elementor-widget-container\">\n\t\t\t\t\t\t\t<ul class=\"elementor-icon-list-items\">\n\t\t\t\t\t\t\t<li class=\"elementor-icon-list-item\">\n\t\t\t\t\t\t\t\t\t\t\t<span class=\"elementor-icon-list-icon\">\n\t\t\t\t\t\t\t<i aria-hidden=\"true\" class=\"vamtamtheme- vamtam-theme-brand-symbol\"><\/i>\t\t\t\t\t\t<\/span>\n\t\t\t\t\t\t\t\t\t\t<span class=\"elementor-icon-list-text\">Directeur g\u00e9n\u00e9ral et fondateur<\/span>\n\t\t\t\t\t\t\t\t\t<\/li>\n\t\t\t\t\t\t<\/ul>\n\t\t\t\t\t\t<\/div>\n\t\t\t\t<\/div>\n\t\t\t\t<div class=\"elementor-element elementor-element-602f0ab elementor-widget elementor-widget-heading\" data-id=\"602f0ab\" data-element_type=\"widget\" data-e-type=\"widget\" data-widget_type=\"heading.default\">\n\t\t\t\t<div class=\"elementor-widget-container\">\n\t\t\t\t\t<h1 class=\"elementor-heading-title elementor-size-default\">Sam Sahana<\/h1>\t\t\t\t<\/div>\n\t\t\t\t<\/div>\n\t\t\t\t<div class=\"elementor-element elementor-element-c213e86 elementor-widget elementor-widget-text-editor\" data-id=\"c213e86\" data-element_type=\"widget\" data-e-type=\"widget\" data-widget_type=\"text-editor.default\">\n\t\t\t\t<div class=\"elementor-widget-container\">\n\t\t\t\t\t\t\t\t\t<p>Sam Sahana, qui poss\u00e8de une exp\u00e9rience mondiale en tant que cadre et membre de conseils d'administration dans le domaine des technologies, apporte plus de 25 ans d'exp\u00e9rience en mati\u00e8re de transformation, d'innovation et de cr\u00e9ation de valeur dans des entreprises publiques, des soci\u00e9t\u00e9s de capital-investissement et des soci\u00e9t\u00e9s financ\u00e9es par le capital-risque, alliant vision strat\u00e9gique et leadership technique approfondi.<\/p>\t\t\t\t\t\t\t\t<\/div>\n\t\t\t\t<\/div>\n\t\t\t\t\t<\/div>\n\t\t<\/div>\n\t\t\t\t\t<\/div>\n\t\t<\/section>\n\t\t\t\t<section class=\"elementor-section elementor-top-section elementor-element elementor-element-60f9a5e elementor-section-height-min-height elementor-section-items-stretch elementor-section-boxed elementor-section-height-default\" data-id=\"60f9a5e\" data-element_type=\"section\" data-e-type=\"section\">\n\t\t\t\t\t\t<div class=\"elementor-container elementor-column-gap-no\">\n\t\t\t\t\t<div class=\"elementor-column elementor-col-100 elementor-top-column elementor-element elementor-element-977bf1a\" data-id=\"977bf1a\" data-element_type=\"column\" data-e-type=\"column\" data-settings=\"{&quot;background_background&quot;:&quot;classic&quot;,&quot;background_motion_fx_motion_fx_scrolling&quot;:&quot;yes&quot;,&quot;background_motion_fx_translateY_effect&quot;:&quot;yes&quot;,&quot;background_motion_fx_translateY_speed&quot;:{&quot;unit&quot;:&quot;px&quot;,&quot;size&quot;:2,&quot;sizes&quot;:[]},&quot;background_motion_fx_translateY_affectedRange&quot;:{&quot;unit&quot;:&quot;%&quot;,&quot;size&quot;:&quot;&quot;,&quot;sizes&quot;:{&quot;start&quot;:2,&quot;end&quot;:67}},&quot;background_motion_fx_devices&quot;:[&quot;desktop&quot;]}\">\n\t\t\t<div class=\"elementor-widget-wrap elementor-element-populated\">\n\t\t\t\t\t\t<div class=\"elementor-element elementor-element-9836f34 elementor-widget__width-auto elementor-icon-list--layout-traditional elementor-list-item-link-full_width elementor-widget elementor-widget-icon-list\" data-id=\"9836f34\" data-element_type=\"widget\" data-e-type=\"widget\" data-widget_type=\"icon-list.default\">\n\t\t\t\t<div class=\"elementor-widget-container\">\n\t\t\t\t\t\t\t<ul class=\"elementor-icon-list-items\">\n\t\t\t\t\t\t\t<li class=\"elementor-icon-list-item\">\n\t\t\t\t\t\t\t\t\t\t\t<span class=\"elementor-icon-list-icon\">\n\t\t\t\t\t\t\t<i aria-hidden=\"true\" class=\"vamtamtheme- vamtam-theme-brand-symbol\"><\/i>\t\t\t\t\t\t<\/span>\n\t\t\t\t\t\t\t\t\t\t<span class=\"elementor-icon-list-text\">\u00c0 propos de Sam Sahana<\/span>\n\t\t\t\t\t\t\t\t\t<\/li>\n\t\t\t\t\t\t<\/ul>\n\t\t\t\t\t\t<\/div>\n\t\t\t\t<\/div>\n\t\t\t\t<div class=\"elementor-element elementor-element-5026705 elementor-widget elementor-widget-text-editor\" data-id=\"5026705\" data-element_type=\"widget\" data-e-type=\"widget\" data-widget_type=\"text-editor.default\">\n\t\t\t\t<div class=\"elementor-widget-container\">\n\t\t\t\t\t\t\t\t\t<p>Sam Sahana poss\u00e8de plus de trente ans d'exp\u00e9rience en tant que dirigeant au niveau du conseil d'administration et de la direction d'entreprises multinationales et d'organisations \u00e0 forte croissance ax\u00e9es sur la technologie. Sa carri\u00e8re couvre \u00e0 la fois les grandes entreprises publiques et les entreprises financ\u00e9es par le capital-investissement dans des secteurs tels que la consommation, la vente au d\u00e9tail, la logistique, les soins de sant\u00e9, les voyages et les services financiers.<\/p><p>Technologue et strat\u00e8ge chevronn\u00e9, Sam a occup\u00e9 les fonctions de Global CIO de IATA (Gen\u00e8ve), Group CTO et Board Director de EurotacGlass AG (Freienbach, Schwyz), Group CTO de Odeon et UCI Cinemas, CIO Advisor de Walgreens Boots Alliance, CTO et Board Director de ReBOUND Returns, et EVP de Reverse Logistics Group.<\/p><p>Au cours de ses 25 ans de carri\u00e8re dans le domaine de la technologie et de l'innovation des produits, Sam a cr\u00e9\u00e9, d\u00e9velopp\u00e9 et quitt\u00e9 de nombreuses entreprises, qu'il s'agisse de startups et de scaleups telles que Opodo, ReBOUND Returns et Reverse Logistics Group, ou de transformations d'entreprises pour des soci\u00e9t\u00e9s du Fortune 500 et des soci\u00e9t\u00e9s d\u00e9tenues par des investisseurs priv\u00e9s.<\/p><p>Sa vaste exp\u00e9rience au sein de grandes soci\u00e9t\u00e9s de capital-investissement et de capital-risque - notamment Cinven, BC Partners, Candover, Terra Firma, BGF et EMK Capital - a fa\u00e7onn\u00e9 son expertise en mati\u00e8re de cr\u00e9ation de valeur, d'excellence op\u00e9rationnelle et de croissance fond\u00e9e sur l'innovation.<\/p><p>Ayant v\u00e9cu et travaill\u00e9 au Royaume-Uni, en Irlande, en Suisse, au Canada et en Allemagne, Sam apporte une perspective v\u00e9ritablement internationale au leadership, \u00e0 la technologie et \u00e0 la gouvernance.<\/p><p>Aujourd'hui, en tant que fondateur et PDG de ComplianceRT, Sam dirige une mission n\u00e9e dans la Trust Valley suisse : red\u00e9finir la conformit\u00e9 et la cybers\u00e9curit\u00e9 gr\u00e2ce \u00e0 l'orchestration aliment\u00e9e par l'IA, l'automatisation et l'expertise humaine - en transformant la confiance num\u00e9rique en un avantage concurrentiel durable.<\/p><p><!-- notionvc: 956df4ad-4cfc-4907-9bf2-6b32fd1e4a6a --><\/p><p><!-- notionvc: 9ff4b591-d365-4fa1-bc60-f118e9d3c591 --><\/p>\t\t\t\t\t\t\t\t<\/div>\n\t\t\t\t<\/div>\n\t\t\t\t\t<\/div>\n\t\t<\/div>\n\t\t\t\t\t<\/div>\n\t\t<\/section>\n\t\t\t\t<\/div>","protected":false},"excerpt":{"rendered":"<p>Managing Director and Founder Sam Sahana A globally experienced technology executive and board leader, Sam Sahana brings over 25 years of experience driving transformation, innovation, and value creation across public, private-equity, and venture-backed organizations, combining strategic vision with deep technical leadership. About Sam Sahana Sam Sahana brings over three decades of accomplished leadership at Board&#8230;<\/p>","protected":false},"author":1,"featured_media":0,"parent":13925,"menu_order":0,"comment_status":"closed","ping_status":"closed","template":"","meta":{"_acf_changed":false,"_eb_attr":"","footnotes":""},"categories":[],"tags":[],"class_list":["post-26403","page","type-page","status-publish","hentry"],"acf":[],"yoast_head":"<!-- This site is optimized with the Yoast SEO plugin v27.5 - https:\/\/yoast.com\/product\/yoast-seo-wordpress\/ -->\n<title>Sam Sahana - ComplianceRT<\/title>\n<meta name=\"robots\" content=\"index, follow, max-snippet:-1, max-image-preview:large, max-video-preview:-1\" \/>\n<link rel=\"canonical\" href=\"https:\/\/compliancert.com\/fr\/a-propos-de-nous\/sam-sahana\/\" \/>\n<meta property=\"og:locale\" content=\"fr_FR\" \/>\n<meta property=\"og:type\" content=\"article\" \/>\n<meta property=\"og:title\" content=\"Sam Sahana - ComplianceRT\" \/>\n<meta property=\"og:description\" content=\"Managing Director and Founder Sam Sahana A globally experienced technology executive and board leader, Sam Sahana brings over 25 years of experience driving transformation, innovation, and value creation across public, private-equity, and venture-backed organizations, combining strategic vision with deep technical leadership. About Sam Sahana Sam Sahana brings over three decades of accomplished leadership at Board...\" \/>\n<meta property=\"og:url\" content=\"https:\/\/compliancert.com\/fr\/a-propos-de-nous\/sam-sahana\/\" \/>\n<meta property=\"og:site_name\" content=\"ComplianceRT\" \/>\n<meta property=\"article:modified_time\" content=\"2026-01-19T23:29:59+00:00\" \/>\n<meta property=\"og:image\" content=\"https:\/\/compliancert.com\/wp-content\/uploads\/2025\/11\/Sam-Sahana.jpg\" \/>\n<meta name=\"twitter:card\" content=\"summary_large_image\" \/>\n<meta name=\"twitter:label1\" content=\"Dur\u00e9e de lecture estim\u00e9e\" \/>\n\t<meta name=\"twitter:data1\" content=\"2 minutes\" \/>\n<script type=\"application\/ld+json\" class=\"yoast-schema-graph\">{\"@context\":\"https:\\\/\\\/schema.org\",\"@graph\":[{\"@type\":\"WebPage\",\"@id\":\"https:\\\/\\\/compliancert.com\\\/about-us\\\/sam-sahana\\\/\",\"url\":\"https:\\\/\\\/compliancert.com\\\/about-us\\\/sam-sahana\\\/\",\"name\":\"Sam Sahana - ComplianceRT\",\"isPartOf\":{\"@id\":\"https:\\\/\\\/compliancert.com\\\/#website\"},\"primaryImageOfPage\":{\"@id\":\"https:\\\/\\\/compliancert.com\\\/about-us\\\/sam-sahana\\\/#primaryimage\"},\"image\":{\"@id\":\"https:\\\/\\\/compliancert.com\\\/about-us\\\/sam-sahana\\\/#primaryimage\"},\"thumbnailUrl\":\"https:\\\/\\\/compliancert.com\\\/wp-content\\\/uploads\\\/2025\\\/11\\\/Sam-Sahana.jpg\",\"datePublished\":\"2026-01-19T23:01:33+00:00\",\"dateModified\":\"2026-01-19T23:29:59+00:00\",\"breadcrumb\":{\"@id\":\"https:\\\/\\\/compliancert.com\\\/about-us\\\/sam-sahana\\\/#breadcrumb\"},\"inLanguage\":\"fr-FR\",\"potentialAction\":[{\"@type\":\"ReadAction\",\"target\":[\"https:\\\/\\\/compliancert.com\\\/about-us\\\/sam-sahana\\\/\"]}]},{\"@type\":\"ImageObject\",\"inLanguage\":\"fr-FR\",\"@id\":\"https:\\\/\\\/compliancert.com\\\/about-us\\\/sam-sahana\\\/#primaryimage\",\"url\":\"https:\\\/\\\/compliancert.com\\\/wp-content\\\/uploads\\\/2025\\\/11\\\/Sam-Sahana.jpg\",\"contentUrl\":\"https:\\\/\\\/compliancert.com\\\/wp-content\\\/uploads\\\/2025\\\/11\\\/Sam-Sahana.jpg\"},{\"@type\":\"BreadcrumbList\",\"@id\":\"https:\\\/\\\/compliancert.com\\\/about-us\\\/sam-sahana\\\/#breadcrumb\",\"itemListElement\":[{\"@type\":\"ListItem\",\"position\":1,\"name\":\"Home\",\"item\":\"https:\\\/\\\/compliancert.com\\\/\"},{\"@type\":\"ListItem\",\"position\":2,\"name\":\"About Us\",\"item\":\"https:\\\/\\\/compliancert.com\\\/about-us\\\/\"},{\"@type\":\"ListItem\",\"position\":3,\"name\":\"Sam Sahana\"}]},{\"@type\":\"WebSite\",\"@id\":\"https:\\\/\\\/compliancert.com\\\/#website\",\"url\":\"https:\\\/\\\/compliancert.com\\\/\",\"name\":\"ComplianceRT\",\"description\":\"AI-Powered Compliance Tool &amp; Automation Platform | GDPR | ISO27001 | EU AI Act | NIS2\",\"publisher\":{\"@id\":\"https:\\\/\\\/compliancert.com\\\/#organization\"},\"potentialAction\":[{\"@type\":\"SearchAction\",\"target\":{\"@type\":\"EntryPoint\",\"urlTemplate\":\"https:\\\/\\\/compliancert.com\\\/?s={search_term_string}\"},\"query-input\":{\"@type\":\"PropertyValueSpecification\",\"valueRequired\":true,\"valueName\":\"search_term_string\"}}],\"inLanguage\":\"fr-FR\"},{\"@type\":\"Organization\",\"@id\":\"https:\\\/\\\/compliancert.com\\\/#organization\",\"name\":\"RT Europe SA\",\"alternateName\":\"RT\",\"url\":\"https:\\\/\\\/compliancert.com\\\/\",\"logo\":{\"@type\":\"ImageObject\",\"inLanguage\":\"fr-FR\",\"@id\":\"https:\\\/\\\/compliancert.com\\\/#\\\/schema\\\/logo\\\/image\\\/\",\"url\":\"https:\\\/\\\/compliancert.com\\\/wp-content\\\/uploads\\\/2023\\\/07\\\/RT-logo-header.svg\",\"contentUrl\":\"https:\\\/\\\/compliancert.com\\\/wp-content\\\/uploads\\\/2023\\\/07\\\/RT-logo-header.svg\",\"width\":116,\"height\":60,\"caption\":\"RT Europe SA\"},\"image\":{\"@id\":\"https:\\\/\\\/compliancert.com\\\/#\\\/schema\\\/logo\\\/image\\\/\"},\"sameAs\":[\"https:\\\/\\\/www.linkedin.com\\\/company\\\/compliancert\\\/\"]}]}<\/script>\n<!-- \/ Yoast SEO plugin. -->","yoast_head_json":{"title":"Sam Sahana - Conformit\u00e9","robots":{"index":"index","follow":"follow","max-snippet":"max-snippet:-1","max-image-preview":"max-image-preview:large","max-video-preview":"max-video-preview:-1"},"canonical":"https:\/\/compliancert.com\/fr\/a-propos-de-nous\/sam-sahana\/","og_locale":"fr_FR","og_type":"article","og_title":"Sam Sahana - ComplianceRT","og_description":"Managing Director and Founder Sam Sahana A globally experienced technology executive and board leader, Sam Sahana brings over 25 years of experience driving transformation, innovation, and value creation across public, private-equity, and venture-backed organizations, combining strategic vision with deep technical leadership. About Sam Sahana Sam Sahana brings over three decades of accomplished leadership at Board...","og_url":"https:\/\/compliancert.com\/fr\/a-propos-de-nous\/sam-sahana\/","og_site_name":"ComplianceRT","article_modified_time":"2026-01-19T23:29:59+00:00","og_image":[{"url":"https:\/\/compliancert.com\/wp-content\/uploads\/2025\/11\/Sam-Sahana.jpg","type":"","width":"","height":""}],"twitter_card":"summary_large_image","twitter_misc":{"Dur\u00e9e de lecture estim\u00e9e":"2 minutes"},"schema":{"@context":"https:\/\/schema.org","@graph":[{"@type":"WebPage","@id":"https:\/\/compliancert.com\/about-us\/sam-sahana\/","url":"https:\/\/compliancert.com\/about-us\/sam-sahana\/","name":"Sam Sahana - Conformit\u00e9","isPartOf":{"@id":"https:\/\/compliancert.com\/#website"},"primaryImageOfPage":{"@id":"https:\/\/compliancert.com\/about-us\/sam-sahana\/#primaryimage"},"image":{"@id":"https:\/\/compliancert.com\/about-us\/sam-sahana\/#primaryimage"},"thumbnailUrl":"https:\/\/compliancert.com\/wp-content\/uploads\/2025\/11\/Sam-Sahana.jpg","datePublished":"2026-01-19T23:01:33+00:00","dateModified":"2026-01-19T23:29:59+00:00","breadcrumb":{"@id":"https:\/\/compliancert.com\/about-us\/sam-sahana\/#breadcrumb"},"inLanguage":"fr-FR","potentialAction":[{"@type":"ReadAction","target":["https:\/\/compliancert.com\/about-us\/sam-sahana\/"]}]},{"@type":"ImageObject","inLanguage":"fr-FR","@id":"https:\/\/compliancert.com\/about-us\/sam-sahana\/#primaryimage","url":"https:\/\/compliancert.com\/wp-content\/uploads\/2025\/11\/Sam-Sahana.jpg","contentUrl":"https:\/\/compliancert.com\/wp-content\/uploads\/2025\/11\/Sam-Sahana.jpg"},{"@type":"BreadcrumbList","@id":"https:\/\/compliancert.com\/about-us\/sam-sahana\/#breadcrumb","itemListElement":[{"@type":"ListItem","position":1,"name":"Home","item":"https:\/\/compliancert.com\/"},{"@type":"ListItem","position":2,"name":"About Us","item":"https:\/\/compliancert.com\/about-us\/"},{"@type":"ListItem","position":3,"name":"Sam Sahana"}]},{"@type":"WebSite","@id":"https:\/\/compliancert.com\/#website","url":"https:\/\/compliancert.com\/","name":"Conformit\u00e9RT","description":"Outil de Conformit\u00e9 et Plateforme d'Automatisation Aliment\u00e9s par l'IA | RGPD | ISO27001 | EU AI Act | NIS2","publisher":{"@id":"https:\/\/compliancert.com\/#organization"},"potentialAction":[{"@type":"SearchAction","target":{"@type":"EntryPoint","urlTemplate":"https:\/\/compliancert.com\/?s={search_term_string}"},"query-input":{"@type":"PropertyValueSpecification","valueRequired":true,"valueName":"search_term_string"}}],"inLanguage":"fr-FR"},{"@type":"Organization","@id":"https:\/\/compliancert.com\/#organization","name":"RT Europe SA","alternateName":"RT","url":"https:\/\/compliancert.com\/","logo":{"@type":"ImageObject","inLanguage":"fr-FR","@id":"https:\/\/compliancert.com\/#\/schema\/logo\/image\/","url":"https:\/\/compliancert.com\/wp-content\/uploads\/2023\/07\/RT-logo-header.svg","contentUrl":"https:\/\/compliancert.com\/wp-content\/uploads\/2023\/07\/RT-logo-header.svg","width":116,"height":60,"caption":"RT Europe SA"},"image":{"@id":"https:\/\/compliancert.com\/#\/schema\/logo\/image\/"},"sameAs":["https:\/\/www.linkedin.com\/company\/compliancert\/"]}]}},"jetpack_sharing_enabled":true,"_links":{"self":[{"href":"https:\/\/compliancert.com\/fr\/wp-json\/wp\/v2\/pages\/26403","targetHints":{"allow":["GET"]}}],"collection":[{"href":"https:\/\/compliancert.com\/fr\/wp-json\/wp\/v2\/pages"}],"about":[{"href":"https:\/\/compliancert.com\/fr\/wp-json\/wp\/v2\/types\/page"}],"author":[{"embeddable":true,"href":"https:\/\/compliancert.com\/fr\/wp-json\/wp\/v2\/users\/1"}],"replies":[{"embeddable":true,"href":"https:\/\/compliancert.com\/fr\/wp-json\/wp\/v2\/comments?post=26403"}],"version-history":[{"count":20,"href":"https:\/\/compliancert.com\/fr\/wp-json\/wp\/v2\/pages\/26403\/revisions"}],"predecessor-version":[{"id":26430,"href":"https:\/\/compliancert.com\/fr\/wp-json\/wp\/v2\/pages\/26403\/revisions\/26430"}],"up":[{"embeddable":true,"href":"https:\/\/compliancert.com\/fr\/wp-json\/wp\/v2\/pages\/13925"}],"wp:attachment":[{"href":"https:\/\/compliancert.com\/fr\/wp-json\/wp\/v2\/media?parent=26403"}],"wp:term":[{"taxonomy":"category","embeddable":true,"href":"https:\/\/compliancert.com\/fr\/wp-json\/wp\/v2\/categories?post=26403"},{"taxonomy":"post_tag","embeddable":true,"href":"https:\/\/compliancert.com\/fr\/wp-json\/wp\/v2\/tags?post=26403"}],"curies":[{"name":"wp","href":"https:\/\/api.w.org\/{rel}","templated":true}]}}