{"id":15243,"date":"2024-07-24T15:46:09","date_gmt":"2024-07-24T15:46:09","guid":{"rendered":"https:\/\/techrenzhe.com\/website_eed82bcb\/?page_id=15243"},"modified":"2024-10-14T12:06:45","modified_gmt":"2024-10-14T12:06:45","slug":"conditions-generales","status":"publish","type":"page","link":"https:\/\/compliancert.com\/fr\/conditions-generales\/","title":{"rendered":"Conditions g\u00e9n\u00e9rales d'utilisation"},"content":{"rendered":"<div data-elementor-type=\"wp-page\" data-elementor-id=\"15243\" class=\"elementor elementor-15243\" data-elementor-post-type=\"page\">\n\t\t\t\t\t\t<section class=\"elementor-section elementor-top-section elementor-element elementor-element-4e1d4b6 elementor-section-height-min-height elementor-section-content-middle elementor-section-boxed elementor-section-height-default elementor-section-items-middle\" data-id=\"4e1d4b6\" data-element_type=\"section\" data-e-type=\"section\" data-settings=\"{&quot;background_background&quot;:&quot;classic&quot;}\">\n\t\t\t\t\t\t\t<div class=\"elementor-background-overlay\"><\/div>\n\t\t\t\t\t\t\t<div class=\"elementor-container elementor-column-gap-default\">\n\t\t\t\t\t<div class=\"elementor-column elementor-col-100 elementor-top-column elementor-element elementor-element-30220cc\" data-id=\"30220cc\" data-element_type=\"column\" data-e-type=\"column\">\n\t\t\t<div class=\"elementor-widget-wrap elementor-element-populated\">\n\t\t\t\t<div class=\"elementor-element elementor-element-b2a9839 e-flex e-con-boxed e-con e-parent\" data-id=\"b2a9839\" data-element_type=\"container\" data-e-type=\"container\">\n\t\t\t\t\t<div class=\"e-con-inner\">\n\t\t\t\t<div class=\"elementor-element elementor-element-7368c4c elementor-widget elementor-widget-heading\" data-id=\"7368c4c\" data-element_type=\"widget\" data-e-type=\"widget\" data-widget_type=\"heading.default\">\n\t\t\t\t<div class=\"elementor-widget-container\">\n\t\t\t\t\t<h2 class=\"elementor-heading-title elementor-size-default\">Conditions g\u00e9n\u00e9rales de RT<\/h2>\t\t\t\t<\/div>\n\t\t\t\t<\/div>\n\t\t\t\t\t<\/div>\n\t\t\t\t<\/div>\n\t\t\t\t<div class=\"elementor-element elementor-element-806b40a elementor-absolute pin-shadow elementor-view-default elementor-widget elementor-widget-icon\" data-id=\"806b40a\" data-element_type=\"widget\" data-e-type=\"widget\" data-settings=\"{&quot;_animation&quot;:&quot;none&quot;,&quot;_animation_tablet&quot;:&quot;none&quot;,&quot;_animation_delay&quot;:300,&quot;_position&quot;:&quot;absolute&quot;}\" data-widget_type=\"icon.default\">\n\t\t\t\t<div class=\"elementor-widget-container\">\n\t\t\t\t\t\t\t<div class=\"elementor-icon-wrapper\">\n\t\t\t<div class=\"elementor-icon\">\n\t\t\t<i aria-hidden=\"true\" class=\"vamtamtheme- vamtam-theme-brand-symbol\"><\/i>\t\t\t<\/div>\n\t\t<\/div>\n\t\t\t\t\t\t<\/div>\n\t\t\t\t<\/div>\n\t\t\t\t\t<\/div>\n\t\t<\/div>\n\t\t\t\t\t<\/div>\n\t\t<\/section>\n\t\t\t\t<section class=\"elementor-section elementor-top-section elementor-element elementor-element-e08f992 elementor-section-boxed elementor-section-height-default elementor-section-height-default\" data-id=\"e08f992\" data-element_type=\"section\" data-e-type=\"section\" data-settings=\"{&quot;background_background&quot;:&quot;classic&quot;}\">\n\t\t\t\t\t\t<div class=\"elementor-container elementor-column-gap-no\">\n\t\t\t\t\t<div class=\"elementor-column elementor-col-100 elementor-top-column elementor-element elementor-element-9a8772e\" data-id=\"9a8772e\" data-element_type=\"column\" data-e-type=\"column\">\n\t\t\t<div class=\"elementor-widget-wrap elementor-element-populated\">\n\t\t\t\t\t\t<div class=\"elementor-element elementor-element-675001b elementor-widget elementor-widget-heading\" data-id=\"675001b\" data-element_type=\"widget\" data-e-type=\"widget\" data-widget_type=\"heading.default\">\n\t\t\t\t<div class=\"elementor-widget-container\">\n\t\t\t\t\t<h4 class=\"elementor-heading-title elementor-size-default\">Introduction<\/h4>\t\t\t\t<\/div>\n\t\t\t\t<\/div>\n\t\t\t\t<div class=\"elementor-element elementor-element-f26c8ad elementor-widget elementor-widget-text-editor\" data-id=\"f26c8ad\" data-element_type=\"widget\" data-e-type=\"widget\" data-widget_type=\"text-editor.default\">\n\t\t\t\t<div class=\"elementor-widget-container\">\n\t\t\t\t\t\t\t\t\t<p>Bienvenue sur le site web de RT Consulting. Les pr\u00e9sentes conditions g\u00e9n\u00e9rales r\u00e9gissent votre utilisation de notre site et de nos services. En acc\u00e9dant \u00e0 notre site, vous acceptez de vous conformer \u00e0 ces conditions et d'\u00eatre li\u00e9 par elles. Si vous n'\u00eates pas d'accord avec une quelconque partie de ces conditions, veuillez ne pas utiliser notre site web.<\/p>\t\t\t\t\t\t\t\t<\/div>\n\t\t\t\t<\/div>\n\t\t\t\t<div class=\"elementor-element elementor-element-1b79373 elementor-widget elementor-widget-heading\" data-id=\"1b79373\" data-element_type=\"widget\" data-e-type=\"widget\" data-widget_type=\"heading.default\">\n\t\t\t\t<div class=\"elementor-widget-container\">\n\t\t\t\t\t<h4 class=\"elementor-heading-title elementor-size-default\">Services<\/h4>\t\t\t\t<\/div>\n\t\t\t\t<\/div>\n\t\t\t\t<div class=\"elementor-element elementor-element-5419de1 elementor-widget elementor-widget-text-editor\" data-id=\"5419de1\" data-element_type=\"widget\" data-e-type=\"widget\" data-widget_type=\"text-editor.default\">\n\t\t\t\t<div class=\"elementor-widget-container\">\n\t\t\t\t\t\t\t\t\t<p>RT Consulting fournit des services de conseil pour aider les entreprises dans leurs parcours de conformit\u00e9, y compris, mais sans s'y limiter, GDPR, ISO 27001, et d'autres cadres de conformit\u00e9 r\u00e9glementaire. Nos services sont adapt\u00e9s pour r\u00e9pondre aux besoins sp\u00e9cifiques de nos clients.<\/p>\t\t\t\t\t\t\t\t<\/div>\n\t\t\t\t<\/div>\n\t\t\t\t<div class=\"elementor-element elementor-element-a17a205 elementor-widget elementor-widget-heading\" data-id=\"a17a205\" data-element_type=\"widget\" data-e-type=\"widget\" data-widget_type=\"heading.default\">\n\t\t\t\t<div class=\"elementor-widget-container\">\n\t\t\t\t\t<h4 class=\"elementor-heading-title elementor-size-default\">Utilisation du site web<\/h4>\t\t\t\t<\/div>\n\t\t\t\t<\/div>\n\t\t\t\t<div class=\"elementor-element elementor-element-4a7d2be elementor-widget elementor-widget-text-editor\" data-id=\"4a7d2be\" data-element_type=\"widget\" data-e-type=\"widget\" data-widget_type=\"text-editor.default\">\n\t\t\t\t<div class=\"elementor-widget-container\">\n\t\t\t\t\t\t\t\t\t<p>Vous acceptez d'utiliser notre site web \u00e0 des fins l\u00e9gales uniquement. Vous ne devez pas utiliser le site :<\/p><ul><li>D'une mani\u00e8re qui enfreint toute loi ou r\u00e9glementation locale, nationale ou internationale applicable.<\/li><li>D'une mani\u00e8re ill\u00e9gale ou frauduleuse, ou ayant un but ou un effet ill\u00e9gal ou frauduleux.<\/li><li>Transmettre ou faire envoyer toute publicit\u00e9 ou tout mat\u00e9riel promotionnel non sollicit\u00e9s ou non autoris\u00e9s ou toute autre forme de sollicitation similaire (spam).<\/li><\/ul>\t\t\t\t\t\t\t\t<\/div>\n\t\t\t\t<\/div>\n\t\t\t\t<div class=\"elementor-element elementor-element-56a4fa6 elementor-widget elementor-widget-heading\" data-id=\"56a4fa6\" data-element_type=\"widget\" data-e-type=\"widget\" data-widget_type=\"heading.default\">\n\t\t\t\t<div class=\"elementor-widget-container\">\n\t\t\t\t\t<h4 class=\"elementor-heading-title elementor-size-default\">Propri\u00e9t\u00e9 intellectuelle<\/h4>\t\t\t\t<\/div>\n\t\t\t\t<\/div>\n\t\t\t\t<div class=\"elementor-element elementor-element-f2be230 elementor-widget elementor-widget-text-editor\" data-id=\"f2be230\" data-element_type=\"widget\" data-e-type=\"widget\" data-widget_type=\"text-editor.default\">\n\t\t\t\t<div class=\"elementor-widget-container\">\n\t\t\t\t\t\t\t\t\t<p>Tout le contenu de ce site, y compris, mais sans s'y limiter, les textes, les graphiques, les logos, les images et les logiciels, est la propri\u00e9t\u00e9 de RT Consulting ou de ses fournisseurs de contenu et est prot\u00e9g\u00e9 par les lois internationales sur les droits d'auteur. L'utilisation non autoris\u00e9e de tout contenu de ce site est strictement interdite.<!-- notionvc: fa166b16-1ec9-409a-9221-20707305f6af --><\/p>\t\t\t\t\t\t\t\t<\/div>\n\t\t\t\t<\/div>\n\t\t\t\t<div class=\"elementor-element elementor-element-59086e1 elementor-widget elementor-widget-heading\" data-id=\"59086e1\" data-element_type=\"widget\" data-e-type=\"widget\" data-widget_type=\"heading.default\">\n\t\t\t\t<div class=\"elementor-widget-container\">\n\t\t\t\t\t<h4 class=\"elementor-heading-title elementor-size-default\">Limitation de la responsabilit\u00e9<\/h4>\t\t\t\t<\/div>\n\t\t\t\t<\/div>\n\t\t\t\t<div class=\"elementor-element elementor-element-bb00ec5 elementor-widget elementor-widget-text-editor\" data-id=\"bb00ec5\" data-element_type=\"widget\" data-e-type=\"widget\" data-widget_type=\"text-editor.default\">\n\t\t\t\t<div class=\"elementor-widget-container\">\n\t\t\t\t\t\t\t\t\t<p>RT Consulting fournit le site web et les services \"en l'\u00e9tat\" sans aucune garantie de quelque nature que ce soit. Nous ne garantissons pas l'exactitude, l'exhaustivit\u00e9 ou l'utilit\u00e9 des informations fournies sur le site. Dans toute la mesure permise par la loi, RT Consulting d\u00e9cline toute garantie, expresse ou implicite, y compris, mais sans s'y limiter, les garanties implicites de qualit\u00e9 marchande et d'ad\u00e9quation \u00e0 un usage particulier.<!-- notionvc: 312b201b-f38a-4658-9f1e-ff85adad4e91 --><br \/><!-- notionvc: fa166b16-1ec9-409a-9221-20707305f6af --><\/p>\t\t\t\t\t\t\t\t<\/div>\n\t\t\t\t<\/div>\n\t\t\t\t<div class=\"elementor-element elementor-element-c73a759 elementor-widget elementor-widget-heading\" data-id=\"c73a759\" data-element_type=\"widget\" data-e-type=\"widget\" data-widget_type=\"heading.default\">\n\t\t\t\t<div class=\"elementor-widget-container\">\n\t\t\t\t\t<h4 class=\"elementor-heading-title elementor-size-default\">Indemnisation<\/h4>\t\t\t\t<\/div>\n\t\t\t\t<\/div>\n\t\t\t\t<div class=\"elementor-element elementor-element-6f2e6fe elementor-widget elementor-widget-text-editor\" data-id=\"6f2e6fe\" data-element_type=\"widget\" data-e-type=\"widget\" data-widget_type=\"text-editor.default\">\n\t\t\t\t<div class=\"elementor-widget-container\">\n\t\t\t\t\t\t\t\t\t<p>Vous acceptez d'indemniser, de d\u00e9fendre et de d\u00e9gager de toute responsabilit\u00e9 RT Consulting, ses dirigeants, administrateurs, employ\u00e9s, agents, conc\u00e9dants de licence et fournisseurs en cas de pertes, d\u00e9penses, dommages et co\u00fbts, y compris les honoraires raisonnables d'avocat, r\u00e9sultant de toute violation des pr\u00e9sentes conditions g\u00e9n\u00e9rales ou de toute activit\u00e9 li\u00e9e \u00e0 votre compte (y compris une conduite n\u00e9gligente ou fautive) par vous ou toute autre personne acc\u00e9dant au site web \u00e0 l'aide de votre compte Internet.<!-- notionvc: c1ce5fa5-651b-4158-8ee0-32e963c6b660 --><br \/><!-- notionvc: fa166b16-1ec9-409a-9221-20707305f6af --><\/p>\t\t\t\t\t\t\t\t<\/div>\n\t\t\t\t<\/div>\n\t\t\t\t<div class=\"elementor-element elementor-element-b785224 elementor-widget elementor-widget-heading\" data-id=\"b785224\" data-element_type=\"widget\" data-e-type=\"widget\" data-widget_type=\"heading.default\">\n\t\t\t\t<div class=\"elementor-widget-container\">\n\t\t\t\t\t<h4 class=\"elementor-heading-title elementor-size-default\">Politique de confidentialit\u00e9<\/h4>\t\t\t\t<\/div>\n\t\t\t\t<\/div>\n\t\t\t\t<div class=\"elementor-element elementor-element-96a207e elementor-widget elementor-widget-text-editor\" data-id=\"96a207e\" data-element_type=\"widget\" data-e-type=\"widget\" data-widget_type=\"text-editor.default\">\n\t\t\t\t<div class=\"elementor-widget-container\">\n\t\t\t\t\t\t\t\t\t<p>Votre utilisation du site web est \u00e9galement soumise \u00e0 la politique de confidentialit\u00e9 de RT Consulting. Veuillez consulter notre politique de confidentialit\u00e9, qui r\u00e9git \u00e9galement le site et informe les utilisateurs de nos pratiques en mati\u00e8re de collecte de donn\u00e9es.<!-- notionvc: 246e044f-e055-442c-9588-ac962dc843bb --><br \/><!-- notionvc: fa166b16-1ec9-409a-9221-20707305f6af --><\/p>\t\t\t\t\t\t\t\t<\/div>\n\t\t\t\t<\/div>\n\t\t\t\t<div class=\"elementor-element elementor-element-ab47a05 elementor-widget elementor-widget-heading\" data-id=\"ab47a05\" data-element_type=\"widget\" data-e-type=\"widget\" data-widget_type=\"heading.default\">\n\t\t\t\t<div class=\"elementor-widget-container\">\n\t\t\t\t\t<h4 class=\"elementor-heading-title elementor-size-default\">Modifications des conditions g\u00e9n\u00e9rales<\/h4>\t\t\t\t<\/div>\n\t\t\t\t<\/div>\n\t\t\t\t<div class=\"elementor-element elementor-element-6a64723 elementor-widget elementor-widget-text-editor\" data-id=\"6a64723\" data-element_type=\"widget\" data-e-type=\"widget\" data-widget_type=\"text-editor.default\">\n\t\t\t\t<div class=\"elementor-widget-container\">\n\t\t\t\t\t\t\t\t\t<p>RT Consulting se r\u00e9serve le droit de modifier les pr\u00e9sentes conditions g\u00e9n\u00e9rales \u00e0 tout moment. Toute modification sera publi\u00e9e sur cette page, et il vous incombe de consulter r\u00e9guli\u00e8rement ces conditions g\u00e9n\u00e9rales pour vous assurer que vous \u00eates au courant des mises \u00e0 jour.<!-- notionvc: fa04a6c7-3cd4-47ae-a022-1cc1032bad6e --><br \/><!-- notionvc: fa166b16-1ec9-409a-9221-20707305f6af --><\/p>\t\t\t\t\t\t\t\t<\/div>\n\t\t\t\t<\/div>\n\t\t\t\t<div class=\"elementor-element elementor-element-b714bc5 elementor-widget elementor-widget-heading\" data-id=\"b714bc5\" data-element_type=\"widget\" data-e-type=\"widget\" data-widget_type=\"heading.default\">\n\t\t\t\t<div class=\"elementor-widget-container\">\n\t\t\t\t\t<h4 class=\"elementor-heading-title elementor-size-default\">Droit applicable<\/h4>\t\t\t\t<\/div>\n\t\t\t\t<\/div>\n\t\t\t\t<div class=\"elementor-element elementor-element-22c71eb elementor-widget elementor-widget-text-editor\" data-id=\"22c71eb\" data-element_type=\"widget\" data-e-type=\"widget\" data-widget_type=\"text-editor.default\">\n\t\t\t\t<div class=\"elementor-widget-container\">\n\t\t\t\t\t\t\t\t\t<p>Les pr\u00e9sentes conditions sont r\u00e9gies et interpr\u00e9t\u00e9es conform\u00e9ment aux lois de [Votre pays\/\u00c9tat], et vous vous soumettez irr\u00e9vocablement \u00e0 la comp\u00e9tence exclusive des tribunaux de ce lieu.<!-- notionvc: b3ed658e-6f27-40bd-b994-132797d33813 --><br \/><!-- notionvc: fa166b16-1ec9-409a-9221-20707305f6af --><\/p>\t\t\t\t\t\t\t\t<\/div>\n\t\t\t\t<\/div>\n\t\t\t\t<div class=\"elementor-element elementor-element-ba068a2 elementor-widget elementor-widget-heading\" data-id=\"ba068a2\" data-element_type=\"widget\" data-e-type=\"widget\" data-widget_type=\"heading.default\">\n\t\t\t\t<div class=\"elementor-widget-container\">\n\t\t\t\t\t<h4 class=\"elementor-heading-title elementor-size-default\">Informations sur le contact<\/h4>\t\t\t\t<\/div>\n\t\t\t\t<\/div>\n\t\t\t\t<div class=\"elementor-element elementor-element-1c6cece elementor-widget elementor-widget-text-editor\" data-id=\"1c6cece\" data-element_type=\"widget\" data-e-type=\"widget\" data-widget_type=\"text-editor.default\">\n\t\t\t\t<div class=\"elementor-widget-container\">\n\t\t\t\t\t\t\t\t\t<p>Si vous avez des questions concernant les pr\u00e9sentes conditions g\u00e9n\u00e9rales, veuillez nous contacter \u00e0 l'adresse suivante :<\/p><p>RT Conseil<\/p><p>contact@compliancert.com<\/p><p>En utilisant notre site web, vous reconnaissez avoir lu, compris et accept\u00e9 d'\u00eatre li\u00e9 par les pr\u00e9sentes conditions g\u00e9n\u00e9rales.<\/p><p><!-- notionvc: 16e12606-dd2c-488e-9509-6bed4cc12fbe --><br \/><!-- notionvc: fa166b16-1ec9-409a-9221-20707305f6af --><\/p>\t\t\t\t\t\t\t\t<\/div>\n\t\t\t\t<\/div>\n\t\t\t\t\t<\/div>\n\t\t<\/div>\n\t\t\t\t\t<\/div>\n\t\t<\/section>\n\t\t\t\t<\/div>","protected":false},"excerpt":{"rendered":"<p>RT\u2019s Terms and Conditions Introduction Welcome to RT Consulting\u2019s website. These Terms and Conditions govern your use of our site and services. By accessing our website, you agree to comply with and be bound by these terms. If you do not agree with any part of these terms, please do not use our website. Services&#8230;<\/p>","protected":false},"author":1,"featured_media":0,"parent":0,"menu_order":0,"comment_status":"closed","ping_status":"closed","template":"","meta":{"_acf_changed":false,"_eb_attr":"","footnotes":""},"categories":[],"tags":[],"class_list":["post-15243","page","type-page","status-publish","hentry"],"acf":[],"yoast_head":"<!-- This site is optimized with the Yoast SEO plugin v27.5 - https:\/\/yoast.com\/product\/yoast-seo-wordpress\/ -->\n<title>Terms and Conditions - ComplianceRT<\/title>\n<meta name=\"robots\" content=\"index, follow, max-snippet:-1, max-image-preview:large, max-video-preview:-1\" \/>\n<link rel=\"canonical\" href=\"https:\/\/compliancert.com\/fr\/conditions-generales\/\" \/>\n<meta property=\"og:locale\" content=\"fr_FR\" \/>\n<meta property=\"og:type\" content=\"article\" \/>\n<meta property=\"og:title\" content=\"Terms and Conditions - ComplianceRT\" \/>\n<meta property=\"og:description\" content=\"RT\u2019s Terms and Conditions Introduction Welcome to RT Consulting\u2019s website. These Terms and Conditions govern your use of our site and services. By accessing our website, you agree to comply with and be bound by these terms. If you do not agree with any part of these terms, please do not use our website. Services...\" \/>\n<meta property=\"og:url\" content=\"https:\/\/compliancert.com\/fr\/conditions-generales\/\" \/>\n<meta property=\"og:site_name\" content=\"ComplianceRT\" \/>\n<meta property=\"article:modified_time\" content=\"2024-10-14T12:06:45+00:00\" \/>\n<meta property=\"og:image\" content=\"https:\/\/i0.wp.com\/compliancert.com\/wp-content\/uploads\/2024\/11\/Screenshot-2024-11-21-at-11.13.35.webp?fit=1920%2C890&ssl=1\" \/>\n\t<meta property=\"og:image:width\" content=\"1920\" \/>\n\t<meta property=\"og:image:height\" content=\"890\" \/>\n\t<meta property=\"og:image:type\" content=\"image\/webp\" \/>\n<meta name=\"twitter:card\" content=\"summary_large_image\" \/>\n<meta name=\"twitter:label1\" content=\"Dur\u00e9e de lecture estim\u00e9e\" \/>\n\t<meta name=\"twitter:data1\" content=\"3 minutes\" \/>\n<script type=\"application\/ld+json\" class=\"yoast-schema-graph\">{\"@context\":\"https:\\\/\\\/schema.org\",\"@graph\":[{\"@type\":\"WebPage\",\"@id\":\"https:\\\/\\\/compliancert.com\\\/terms-and-conditions\\\/\",\"url\":\"https:\\\/\\\/compliancert.com\\\/terms-and-conditions\\\/\",\"name\":\"Terms and Conditions - ComplianceRT\",\"isPartOf\":{\"@id\":\"https:\\\/\\\/compliancert.com\\\/#website\"},\"datePublished\":\"2024-07-24T15:46:09+00:00\",\"dateModified\":\"2024-10-14T12:06:45+00:00\",\"breadcrumb\":{\"@id\":\"https:\\\/\\\/compliancert.com\\\/terms-and-conditions\\\/#breadcrumb\"},\"inLanguage\":\"fr-FR\",\"potentialAction\":[{\"@type\":\"ReadAction\",\"target\":[\"https:\\\/\\\/compliancert.com\\\/terms-and-conditions\\\/\"]}]},{\"@type\":\"BreadcrumbList\",\"@id\":\"https:\\\/\\\/compliancert.com\\\/terms-and-conditions\\\/#breadcrumb\",\"itemListElement\":[{\"@type\":\"ListItem\",\"position\":1,\"name\":\"Home\",\"item\":\"https:\\\/\\\/compliancert.com\\\/\"},{\"@type\":\"ListItem\",\"position\":2,\"name\":\"Terms and Conditions\"}]},{\"@type\":\"WebSite\",\"@id\":\"https:\\\/\\\/compliancert.com\\\/#website\",\"url\":\"https:\\\/\\\/compliancert.com\\\/\",\"name\":\"ComplianceRT\",\"description\":\"AI-Powered Compliance Tool &amp; Automation Platform | GDPR | ISO27001 | EU AI Act | NIS2\",\"publisher\":{\"@id\":\"https:\\\/\\\/compliancert.com\\\/#organization\"},\"potentialAction\":[{\"@type\":\"SearchAction\",\"target\":{\"@type\":\"EntryPoint\",\"urlTemplate\":\"https:\\\/\\\/compliancert.com\\\/?s={search_term_string}\"},\"query-input\":{\"@type\":\"PropertyValueSpecification\",\"valueRequired\":true,\"valueName\":\"search_term_string\"}}],\"inLanguage\":\"fr-FR\"},{\"@type\":\"Organization\",\"@id\":\"https:\\\/\\\/compliancert.com\\\/#organization\",\"name\":\"RT Europe SA\",\"alternateName\":\"RT\",\"url\":\"https:\\\/\\\/compliancert.com\\\/\",\"logo\":{\"@type\":\"ImageObject\",\"inLanguage\":\"fr-FR\",\"@id\":\"https:\\\/\\\/compliancert.com\\\/#\\\/schema\\\/logo\\\/image\\\/\",\"url\":\"https:\\\/\\\/compliancert.com\\\/wp-content\\\/uploads\\\/2023\\\/07\\\/RT-logo-header.svg\",\"contentUrl\":\"https:\\\/\\\/compliancert.com\\\/wp-content\\\/uploads\\\/2023\\\/07\\\/RT-logo-header.svg\",\"width\":116,\"height\":60,\"caption\":\"RT Europe SA\"},\"image\":{\"@id\":\"https:\\\/\\\/compliancert.com\\\/#\\\/schema\\\/logo\\\/image\\\/\"},\"sameAs\":[\"https:\\\/\\\/www.linkedin.com\\\/company\\\/compliancert\\\/\"]}]}<\/script>\n<!-- \/ Yoast SEO plugin. -->","yoast_head_json":{"title":"Conditions g\u00e9n\u00e9rales - ComplianceRT","robots":{"index":"index","follow":"follow","max-snippet":"max-snippet:-1","max-image-preview":"max-image-preview:large","max-video-preview":"max-video-preview:-1"},"canonical":"https:\/\/compliancert.com\/fr\/conditions-generales\/","og_locale":"fr_FR","og_type":"article","og_title":"Terms and Conditions - ComplianceRT","og_description":"RT\u2019s Terms and Conditions Introduction Welcome to RT Consulting\u2019s website. These Terms and Conditions govern your use of our site and services. By accessing our website, you agree to comply with and be bound by these terms. If you do not agree with any part of these terms, please do not use our website. Services...","og_url":"https:\/\/compliancert.com\/fr\/conditions-generales\/","og_site_name":"ComplianceRT","article_modified_time":"2024-10-14T12:06:45+00:00","og_image":[{"width":1920,"height":890,"url":"https:\/\/i0.wp.com\/compliancert.com\/wp-content\/uploads\/2024\/11\/Screenshot-2024-11-21-at-11.13.35.webp?fit=1920%2C890&ssl=1","type":"image\/webp"}],"twitter_card":"summary_large_image","twitter_misc":{"Dur\u00e9e de lecture estim\u00e9e":"3 minutes"},"schema":{"@context":"https:\/\/schema.org","@graph":[{"@type":"WebPage","@id":"https:\/\/compliancert.com\/terms-and-conditions\/","url":"https:\/\/compliancert.com\/terms-and-conditions\/","name":"Conditions g\u00e9n\u00e9rales - ComplianceRT","isPartOf":{"@id":"https:\/\/compliancert.com\/#website"},"datePublished":"2024-07-24T15:46:09+00:00","dateModified":"2024-10-14T12:06:45+00:00","breadcrumb":{"@id":"https:\/\/compliancert.com\/terms-and-conditions\/#breadcrumb"},"inLanguage":"fr-FR","potentialAction":[{"@type":"ReadAction","target":["https:\/\/compliancert.com\/terms-and-conditions\/"]}]},{"@type":"BreadcrumbList","@id":"https:\/\/compliancert.com\/terms-and-conditions\/#breadcrumb","itemListElement":[{"@type":"ListItem","position":1,"name":"Home","item":"https:\/\/compliancert.com\/"},{"@type":"ListItem","position":2,"name":"Terms and Conditions"}]},{"@type":"WebSite","@id":"https:\/\/compliancert.com\/#website","url":"https:\/\/compliancert.com\/","name":"Conformit\u00e9RT","description":"Outil de Conformit\u00e9 et Plateforme d'Automatisation Aliment\u00e9s par l'IA | RGPD | ISO27001 | EU AI Act | NIS2","publisher":{"@id":"https:\/\/compliancert.com\/#organization"},"potentialAction":[{"@type":"SearchAction","target":{"@type":"EntryPoint","urlTemplate":"https:\/\/compliancert.com\/?s={search_term_string}"},"query-input":{"@type":"PropertyValueSpecification","valueRequired":true,"valueName":"search_term_string"}}],"inLanguage":"fr-FR"},{"@type":"Organization","@id":"https:\/\/compliancert.com\/#organization","name":"RT Europe SA","alternateName":"RT","url":"https:\/\/compliancert.com\/","logo":{"@type":"ImageObject","inLanguage":"fr-FR","@id":"https:\/\/compliancert.com\/#\/schema\/logo\/image\/","url":"https:\/\/compliancert.com\/wp-content\/uploads\/2023\/07\/RT-logo-header.svg","contentUrl":"https:\/\/compliancert.com\/wp-content\/uploads\/2023\/07\/RT-logo-header.svg","width":116,"height":60,"caption":"RT Europe SA"},"image":{"@id":"https:\/\/compliancert.com\/#\/schema\/logo\/image\/"},"sameAs":["https:\/\/www.linkedin.com\/company\/compliancert\/"]}]}},"jetpack_sharing_enabled":true,"_links":{"self":[{"href":"https:\/\/compliancert.com\/fr\/wp-json\/wp\/v2\/pages\/15243","targetHints":{"allow":["GET"]}}],"collection":[{"href":"https:\/\/compliancert.com\/fr\/wp-json\/wp\/v2\/pages"}],"about":[{"href":"https:\/\/compliancert.com\/fr\/wp-json\/wp\/v2\/types\/page"}],"author":[{"embeddable":true,"href":"https:\/\/compliancert.com\/fr\/wp-json\/wp\/v2\/users\/1"}],"replies":[{"embeddable":true,"href":"https:\/\/compliancert.com\/fr\/wp-json\/wp\/v2\/comments?post=15243"}],"version-history":[{"count":11,"href":"https:\/\/compliancert.com\/fr\/wp-json\/wp\/v2\/pages\/15243\/revisions"}],"predecessor-version":[{"id":19735,"href":"https:\/\/compliancert.com\/fr\/wp-json\/wp\/v2\/pages\/15243\/revisions\/19735"}],"wp:attachment":[{"href":"https:\/\/compliancert.com\/fr\/wp-json\/wp\/v2\/media?parent=15243"}],"wp:term":[{"taxonomy":"category","embeddable":true,"href":"https:\/\/compliancert.com\/fr\/wp-json\/wp\/v2\/categories?post=15243"},{"taxonomy":"post_tag","embeddable":true,"href":"https:\/\/compliancert.com\/fr\/wp-json\/wp\/v2\/tags?post=15243"}],"curies":[{"name":"wp","href":"https:\/\/api.w.org\/{rel}","templated":true}]}}