{"id":14860,"date":"2024-07-22T22:30:31","date_gmt":"2024-07-22T22:30:31","guid":{"rendered":"https:\/\/techrenzhe.com\/website_eed82bcb\/?page_id=14860"},"modified":"2025-09-22T21:34:15","modified_gmt":"2025-09-22T21:34:15","slug":"evaluation-de-la-maturite-gdpr","status":"publish","type":"page","link":"https:\/\/compliancert.com\/fr\/evaluation-de-la-maturite-gdpr\/","title":{"rendered":"\u00c9valuation de la maturit\u00e9 RGPD"},"content":{"rendered":"<div data-elementor-type=\"wp-page\" data-elementor-id=\"14860\" class=\"elementor elementor-14860\" data-elementor-post-type=\"page\">\n\t\t\t\t\t\t<section class=\"elementor-section elementor-top-section elementor-element elementor-element-5f08f8c elementor-section-height-min-height elementor-section-content-middle elementor-section-boxed elementor-section-height-default elementor-section-items-middle\" data-id=\"5f08f8c\" data-element_type=\"section\" data-e-type=\"section\" data-settings=\"{&quot;background_background&quot;:&quot;classic&quot;}\">\n\t\t\t\t\t\t<div class=\"elementor-container elementor-column-gap-default\">\n\t\t\t\t\t<div class=\"elementor-column elementor-col-100 elementor-top-column elementor-element elementor-element-b979277\" data-id=\"b979277\" data-element_type=\"column\" data-e-type=\"column\">\n\t\t\t<div class=\"elementor-widget-wrap elementor-element-populated\">\n\t\t\t\t<div class=\"elementor-element elementor-element-4dddc35 e-flex e-con-boxed e-con e-parent\" data-id=\"4dddc35\" data-element_type=\"container\" data-e-type=\"container\">\n\t\t\t\t\t<div class=\"e-con-inner\">\n\t\t\t\t<div class=\"elementor-element elementor-element-116637c animated-slow elementor-widget__width-initial elementor-headline--style-highlight elementor-invisible elementor-widget elementor-widget-animated-headline\" data-id=\"116637c\" data-element_type=\"widget\" data-e-type=\"widget\" data-settings=\"{&quot;highlighted_text&quot;:&quot;GDPR Maturity Assessment&quot;,&quot;_animation&quot;:&quot;fadeIn&quot;,&quot;_animation_delay&quot;:300,&quot;marker&quot;:&quot;underline&quot;,&quot;headline_style&quot;:&quot;highlight&quot;,&quot;loop&quot;:&quot;yes&quot;,&quot;highlight_animation_duration&quot;:1200,&quot;highlight_iteration_delay&quot;:8000}\" data-widget_type=\"animated-headline.default\">\n\t\t\t\t<div class=\"elementor-widget-container\">\n\t\t\t\t\t\t\t<h1 class=\"elementor-headline\">\n\t\t\t\t<span class=\"elementor-headline-dynamic-wrapper elementor-headline-text-wrapper\">\n\t\t\t\t\t<span class=\"elementor-headline-dynamic-text elementor-headline-text-active\">\u00c9valuation de la maturit\u00e9 RGPD<\/span>\n\t\t\t\t<\/span>\n\t\t\t\t<\/h1>\n\t\t\t\t\t\t<\/div>\n\t\t\t\t<\/div>\n\t\t\t\t\t<\/div>\n\t\t\t\t<\/div>\n\t\t<div class=\"elementor-element elementor-element-c2656b3 e-flex e-con-boxed e-con e-parent\" data-id=\"c2656b3\" data-element_type=\"container\" data-e-type=\"container\">\n\t\t\t\t\t<div class=\"e-con-inner\">\n\t\t\t\t<div class=\"vamtam-has-theme-widget-styles elementor-element elementor-element-0fe451b elementor-widget__width-auto vamtam-has-underline-anim elementor-widget elementor-widget-button\" data-id=\"0fe451b\" data-element_type=\"widget\" data-e-type=\"widget\" data-widget_type=\"button.default\">\n\t\t\t\t<div class=\"elementor-widget-container\">\n\t\t\t\t\t\t\t\t\t<div class=\"elementor-button-wrapper\">\n\t\t\t\t\t<a class=\"elementor-button elementor-button-link elementor-size-sm\" href=\"#elementor-action%3Aaction%3Dpopup%3Aopen%26settings%3DeyJpZCI6IjI1MjU4IiwidG9nZ2xlIjpmYWxzZSwiYWxpZ25fd2l0aF9wYXJlbnQiOiIifQ%3D%3D\">\n\t\t\t\t\t\t<span class=\"elementor-button-content-wrapper\">\n\t\t\t\t\t\t\t\t\t<span class=\"elementor-button-text\">R\u00e9server une consultation<\/span>\n\t\t\t\t\t<\/span>\n\t\t\t\t\t<\/a>\n\t\t\t\t<\/div>\n\t\t\t\t\t\t\t\t<\/div>\n\t\t\t\t<\/div>\n\t\t\t\t\t<\/div>\n\t\t\t\t<\/div>\n\t\t\t\t\t<\/div>\n\t\t<\/div>\n\t\t\t\t\t<\/div>\n\t\t<\/section>\n\t\t\t\t<section class=\"elementor-section elementor-top-section elementor-element elementor-element-e08f992 elementor-section-boxed elementor-section-height-default elementor-section-height-default\" data-id=\"e08f992\" data-element_type=\"section\" data-e-type=\"section\">\n\t\t\t\t\t\t<div class=\"elementor-container elementor-column-gap-no\">\n\t\t\t\t\t<div class=\"elementor-column elementor-col-100 elementor-top-column elementor-element elementor-element-9a8772e\" data-id=\"9a8772e\" data-element_type=\"column\" data-e-type=\"column\">\n\t\t\t<div class=\"elementor-widget-wrap elementor-element-populated\">\n\t\t\t\t\t\t<div class=\"elementor-element elementor-element-011ee8f elementor-align-start elementor-widget__width-auto elementor-icon-list--layout-traditional elementor-list-item-link-full_width elementor-widget elementor-widget-icon-list\" data-id=\"011ee8f\" data-element_type=\"widget\" data-e-type=\"widget\" data-widget_type=\"icon-list.default\">\n\t\t\t\t<div class=\"elementor-widget-container\">\n\t\t\t\t\t\t\t<ul class=\"elementor-icon-list-items\">\n\t\t\t\t\t\t\t<li class=\"elementor-icon-list-item\">\n\t\t\t\t\t\t\t\t\t\t\t<span class=\"elementor-icon-list-icon\">\n\t\t\t\t\t\t\t<i aria-hidden=\"true\" class=\"vamtamtheme- vamtam-theme-brand-symbol\"><\/i>\t\t\t\t\t\t<\/span>\n\t\t\t\t\t\t\t\t\t\t<span class=\"elementor-icon-list-text\">Protection des donn\u00e9es<\/span>\n\t\t\t\t\t\t\t\t\t<\/li>\n\t\t\t\t\t\t<\/ul>\n\t\t\t\t\t\t<\/div>\n\t\t\t\t<\/div>\n\t\t\t\t<div class=\"elementor-element elementor-element-39c0cb5 elementor-widget elementor-widget-heading\" data-id=\"39c0cb5\" data-element_type=\"widget\" data-e-type=\"widget\" data-widget_type=\"heading.default\">\n\t\t\t\t<div class=\"elementor-widget-container\">\n\t\t\t\t\t<h3 class=\"elementor-heading-title elementor-size-default\">Optimisez la confidentialit\u00e9 de vos donn\u00e9es gr\u00e2ce \u00e0 notre cadre de maturit\u00e9<\/h3>\t\t\t\t<\/div>\n\t\t\t\t<\/div>\n\t\t\t\t<div class=\"elementor-element elementor-element-df31c02 elementor-widget elementor-widget-text-editor\" data-id=\"df31c02\" data-element_type=\"widget\" data-e-type=\"widget\" data-widget_type=\"text-editor.default\">\n\t\t\t\t<div class=\"elementor-widget-container\">\n\t\t\t\t\t\t\t\t\t<p><span style=\"white-space-collapse: preserve;\">Notre cadre de maturit\u00e9 de la confidentialit\u00e9 des donn\u00e9es est une \u00e9valuation visant \u00e0 aider les organisations \u00e0 comprendre la pertinence et l'efficacit\u00e9 de leur programme de confidentialit\u00e9 des donn\u00e9es existant.<br \/><br \/>Notre cadre permet de:<\/span><\/p><p><strong>\u00c9valuer la situation actuelle<\/strong><\/p><p>Une indication claire des lacunes en mati\u00e8re de conformit\u00e9 au sein de votre programme.<\/p><p><strong>Obtenir une vue d\u2019ensemble compl\u00e8te<\/strong><\/p><p>Une \u00e9valuation compl\u00e8te de l'ensemble de votre programme de protection de la vie priv\u00e9e, couvrant les 12 domaines et examinant les politiques, les processus et les proc\u00e9dures, tant pour la mise en \u0153uvre que pour l'op\u00e9rationnalisation.<\/p><p><strong>Proposer des r\u00e9sultats exploitables et une feuille de route claire<\/strong><\/p><p>Fournir des suggestions cibl\u00e9es pour am\u00e9liorer la maturit\u00e9, en tenant compte \u00e0 la fois de l'effort et de la valeur.<\/p><p><strong>Soutenie pendant la mise en \u0153uvre<\/strong><\/p><p>Nos consultants experts en confidentialit\u00e9 des donn\u00e9es travailleront avec vous pour identifier et combler les lacunes ou les vuln\u00e9rabilit\u00e9s de votre cadre.<\/p>\t\t\t\t\t\t\t\t<\/div>\n\t\t\t\t<\/div>\n\t\t\t\t\t<\/div>\n\t\t<\/div>\n\t\t\t\t\t<\/div>\n\t\t<\/section>\n\t\t\t\t<section class=\"elementor-section elementor-top-section elementor-element elementor-element-a877330 elementor-section-boxed elementor-section-height-default elementor-section-height-default\" data-id=\"a877330\" data-element_type=\"section\" data-e-type=\"section\">\n\t\t\t\t\t\t<div class=\"elementor-container elementor-column-gap-no\">\n\t\t\t\t\t<div class=\"elementor-column elementor-col-50 elementor-top-column elementor-element elementor-element-429d3c86\" data-id=\"429d3c86\" data-element_type=\"column\" data-e-type=\"column\" data-settings=\"{&quot;background_background&quot;:&quot;classic&quot;}\">\n\t\t\t<div class=\"elementor-widget-wrap elementor-element-populated\">\n\t\t\t\t\t\t<div class=\"elementor-element elementor-element-409c9065 elementor-align-start elementor-mobile-align-start elementor-icon-list--layout-traditional elementor-list-item-link-full_width elementor-widget elementor-widget-icon-list\" data-id=\"409c9065\" data-element_type=\"widget\" data-e-type=\"widget\" data-widget_type=\"icon-list.default\">\n\t\t\t\t<div class=\"elementor-widget-container\">\n\t\t\t\t\t\t\t<ul class=\"elementor-icon-list-items\">\n\t\t\t\t\t\t\t<li class=\"elementor-icon-list-item\">\n\t\t\t\t\t\t\t\t\t\t\t<span class=\"elementor-icon-list-icon\">\n\t\t\t\t\t\t\t<i aria-hidden=\"true\" class=\"vamtamtheme- vamtam-theme-brand-symbol\"><\/i>\t\t\t\t\t\t<\/span>\n\t\t\t\t\t\t\t\t\t\t<span class=\"elementor-icon-list-text\">Nous pouvons vous aider \u00e0 vous conformer \u00e0 la norme RGPD!<\/span>\n\t\t\t\t\t\t\t\t\t<\/li>\n\t\t\t\t\t\t<\/ul>\n\t\t\t\t\t\t<\/div>\n\t\t\t\t<\/div>\n\t\t\t\t<div class=\"elementor-element elementor-element-36020cf8 elementor-widget elementor-widget-text-editor\" data-id=\"36020cf8\" data-element_type=\"widget\" data-e-type=\"widget\" data-widget_type=\"text-editor.default\">\n\t\t\t\t<div class=\"elementor-widget-container\">\n\t\t\t\t\t\t\t\t\t<p>Des conseils d'experts, des solutions abordables et une d\u00e9marche claire vers la conformit\u00e9<\/p>\t\t\t\t\t\t\t\t<\/div>\n\t\t\t\t<\/div>\n\t\t\t\t\t<\/div>\n\t\t<\/div>\n\t\t\t\t<div class=\"elementor-column elementor-col-50 elementor-top-column elementor-element elementor-element-29184cf2\" data-id=\"29184cf2\" data-element_type=\"column\" data-e-type=\"column\" data-settings=\"{&quot;background_background&quot;:&quot;classic&quot;}\">\n\t\t\t<div class=\"elementor-widget-wrap elementor-element-populated\">\n\t\t\t\t\t\t<div class=\"vamtam-has-theme-widget-styles elementor-element elementor-element-2c905361 elementor-align-right elementor-widget__width-auto elementor-tablet-align-justify elementor-mobile-align-justify elementor-widget-tablet__width-inherit elementor-widget-mobile__width-inherit vamtam-has-underline-anim elementor-widget elementor-widget-button\" data-id=\"2c905361\" data-element_type=\"widget\" data-e-type=\"widget\" data-widget_type=\"button.default\">\n\t\t\t\t<div class=\"elementor-widget-container\">\n\t\t\t\t\t\t\t\t\t<div class=\"elementor-button-wrapper\">\n\t\t\t\t\t<a class=\"elementor-button elementor-button-link elementor-size-sm\" href=\"https:\/\/compliancert.com\/fr\/contact\/\">\n\t\t\t\t\t\t<span class=\"elementor-button-content-wrapper\">\n\t\t\t\t\t\t\t\t\t<span class=\"elementor-button-text\">Contactez-nous<\/span>\n\t\t\t\t\t<\/span>\n\t\t\t\t\t<\/a>\n\t\t\t\t<\/div>\n\t\t\t\t\t\t\t\t<\/div>\n\t\t\t\t<\/div>\n\t\t\t\t\t<\/div>\n\t\t<\/div>\n\t\t\t\t\t<\/div>\n\t\t<\/section>\n\t\t\t\t<section class=\"elementor-section elementor-top-section elementor-element elementor-element-214ecc3d elementor-section-content-bottom elementor-section-boxed elementor-section-height-default elementor-section-height-default\" data-id=\"214ecc3d\" data-element_type=\"section\" data-e-type=\"section\" data-settings=\"{&quot;background_background&quot;:&quot;classic&quot;}\">\n\t\t\t\t\t\t<div class=\"elementor-container elementor-column-gap-default\">\n\t\t\t\t\t<div class=\"elementor-column elementor-col-33 elementor-top-column elementor-element elementor-element-709021b1\" data-id=\"709021b1\" data-element_type=\"column\" data-e-type=\"column\">\n\t\t\t<div class=\"elementor-widget-wrap elementor-element-populated\">\n\t\t\t\t\t\t<div class=\"elementor-element elementor-element-2e4ee8e9 elementor-widget elementor-widget-heading\" data-id=\"2e4ee8e9\" data-element_type=\"widget\" data-e-type=\"widget\" data-widget_type=\"heading.default\">\n\t\t\t\t<div class=\"elementor-widget-container\">\n\t\t\t\t\t<h3 class=\"elementor-heading-title elementor-size-default\">Nos services de protection des donn\u00e9es<\/h3>\t\t\t\t<\/div>\n\t\t\t\t<\/div>\n\t\t\t\t<div class=\"elementor-element elementor-element-587caaad elementor-widget elementor-widget-text-editor\" data-id=\"587caaad\" data-element_type=\"widget\" data-e-type=\"widget\" data-widget_type=\"text-editor.default\">\n\t\t\t\t<div class=\"elementor-widget-container\">\n\t\t\t\t\t\t\t\t\t<p><span style=\"white-space-collapse: preserve;\">Nos r\u00f4les en mati\u00e8re de protection des donn\u00e9es, y compris le DPD en tant que service, l'\u00e9valuation de la maturit\u00e9 du RGPD, l'analyse d'impact sur la protection des donn\u00e9es et l'audit de la protection des donn\u00e9es (RGPD), fournissent des solutions expertes pour garantir la s\u00e9curit\u00e9 des donn\u00e9es et la conformit\u00e9 r\u00e9glementaire de votre organisation.<\/span><\/p>\t\t\t\t\t\t\t\t<\/div>\n\t\t\t\t<\/div>\n\t\t\t\t\t<\/div>\n\t\t<\/div>\n\t\t\t\t<div class=\"elementor-column elementor-col-33 elementor-top-column elementor-element elementor-element-4c92b8f4\" data-id=\"4c92b8f4\" data-element_type=\"column\" data-e-type=\"column\">\n\t\t\t<div class=\"elementor-widget-wrap elementor-element-populated\">\n\t\t\t\t<a class=\"eael-wrapper-link-e43d962 --eael-wrapper-link-tag\" href=\"https:\/\/compliancert.com\/fr\/dpo-en-tant-que-service\/\"><\/a>\t\t<div data-eael-wrapper-link=\"eael-wrapper-link-e43d962\" class=\"elementor-element elementor-element-e43d962 related-services elementor-widget elementor-widget-icon-box\" data-id=\"e43d962\" data-element_type=\"widget\" data-e-type=\"widget\" data-widget_type=\"icon-box.default\">\n\t\t\t\t<div class=\"elementor-widget-container\">\n\t\t\t\t\t\t\t<div class=\"elementor-icon-box-wrapper\">\n\n\t\t\t\n\t\t\t\t\t\t<div class=\"elementor-icon-box-content\">\n\n\t\t\t\t\t\t\t\t\t<div class=\"elementor-icon-box-title\">\n\t\t\t\t\t\t<span  >\n\t\t\t\t\t\t\tDPD en tant que service\t\t\t\t\t\t<\/span>\n\t\t\t\t\t<\/div>\n\t\t\t\t\n\t\t\t\t\n\t\t\t<\/div>\n\t\t\t\n\t\t<\/div>\n\t\t\t\t\t\t<\/div>\n\t\t\t\t<\/div>\n\t\t<a class=\"eael-wrapper-link-6debfb16 --eael-wrapper-link-tag\" href=\"https:\/\/compliancert.com\/fr\/evaluation-de-limpact-sur-la-protection-des-donnees\/\"><\/a>\t\t<div data-eael-wrapper-link=\"eael-wrapper-link-6debfb16\" class=\"elementor-element elementor-element-6debfb16 related-services elementor-widget elementor-widget-icon-box\" data-id=\"6debfb16\" data-element_type=\"widget\" data-e-type=\"widget\" data-widget_type=\"icon-box.default\">\n\t\t\t\t<div class=\"elementor-widget-container\">\n\t\t\t\t\t\t\t<div class=\"elementor-icon-box-wrapper\">\n\n\t\t\t\n\t\t\t\t\t\t<div class=\"elementor-icon-box-content\">\n\n\t\t\t\t\t\t\t\t\t<div class=\"elementor-icon-box-title\">\n\t\t\t\t\t\t<a href=\"http:\/\/Business%20Strategy%20Development\" >\n\t\t\t\t\t\t\tAnalyse d'impact relative \u00e0 la protection des donn\u00e9es\t\t\t\t\t\t<\/a>\n\t\t\t\t\t<\/div>\n\t\t\t\t\n\t\t\t\t\n\t\t\t<\/div>\n\t\t\t\n\t\t<\/div>\n\t\t\t\t\t\t<\/div>\n\t\t\t\t<\/div>\n\t\t\t\t\t<\/div>\n\t\t<\/div>\n\t\t\t\t<div class=\"elementor-column elementor-col-33 elementor-top-column elementor-element elementor-element-612664c0\" data-id=\"612664c0\" data-element_type=\"column\" data-e-type=\"column\">\n\t\t\t<div class=\"elementor-widget-wrap elementor-element-populated\">\n\t\t\t\t<a class=\"eael-wrapper-link-2d980ff1 --eael-wrapper-link-tag\" href=\"https:\/\/compliancert.com\/fr\/evaluation-de-la-maturite-gdpr\/\"><\/a>\t\t<div data-eael-wrapper-link=\"eael-wrapper-link-2d980ff1\" class=\"elementor-element elementor-element-2d980ff1 related-services elementor-widget elementor-widget-icon-box\" data-id=\"2d980ff1\" data-element_type=\"widget\" data-e-type=\"widget\" data-widget_type=\"icon-box.default\">\n\t\t\t\t<div class=\"elementor-widget-container\">\n\t\t\t\t\t\t\t<div class=\"elementor-icon-box-wrapper\">\n\n\t\t\t\n\t\t\t\t\t\t<div class=\"elementor-icon-box-content\">\n\n\t\t\t\t\t\t\t\t\t<div class=\"elementor-icon-box-title\">\n\t\t\t\t\t\t<a href=\"http:\/\/Business%20Strategy%20Development\" >\n\t\t\t\t\t\t\t\u00c9valuation de la maturit\u00e9 RGPD\t\t\t\t\t\t<\/a>\n\t\t\t\t\t<\/div>\n\t\t\t\t\n\t\t\t\t\n\t\t\t<\/div>\n\t\t\t\n\t\t<\/div>\n\t\t\t\t\t\t<\/div>\n\t\t\t\t<\/div>\n\t\t<a class=\"eael-wrapper-link-648ecf06 --eael-wrapper-link-tag\" href=\"https:\/\/compliancert.com\/fr\/audit-de-la-protection-des-donnees-gdpr\/\"><\/a>\t\t<div data-eael-wrapper-link=\"eael-wrapper-link-648ecf06\" class=\"elementor-element elementor-element-648ecf06 related-services elementor-widget elementor-widget-icon-box\" data-id=\"648ecf06\" data-element_type=\"widget\" data-e-type=\"widget\" data-widget_type=\"icon-box.default\">\n\t\t\t\t<div class=\"elementor-widget-container\">\n\t\t\t\t\t\t\t<div class=\"elementor-icon-box-wrapper\">\n\n\t\t\t\n\t\t\t\t\t\t<div class=\"elementor-icon-box-content\">\n\n\t\t\t\t\t\t\t\t\t<div class=\"elementor-icon-box-title\">\n\t\t\t\t\t\t<a href=\"http:\/\/Business%20Strategy%20Development\" >\n\t\t\t\t\t\t\tAudit de protection des donn\u00e9es (RGPD)\t\t\t\t\t\t<\/a>\n\t\t\t\t\t<\/div>\n\t\t\t\t\n\t\t\t\t\n\t\t\t<\/div>\n\t\t\t\n\t\t<\/div>\n\t\t\t\t\t\t<\/div>\n\t\t\t\t<\/div>\n\t\t\t\t\t<\/div>\n\t\t<\/div>\n\t\t\t\t\t<\/div>\n\t\t<\/section>\n\t\t\t\t<\/div>","protected":false},"excerpt":{"rendered":"<p>\u00c9valuation de la maturit\u00e9 GDPR R\u00e9server une consultation Protection des donn\u00e9es Optimisez la confidentialit\u00e9 de vos donn\u00e9es gr\u00e2ce \u00e0 notre cadre de maturit\u00e9 Notre cadre de maturit\u00e9 de la confidentialit\u00e9 des donn\u00e9es est une \u00e9valuation qui aide les organisations \u00e0 comprendre l'ad\u00e9quation et l'efficacit\u00e9 de leur programme de confidentialit\u00e9 des donn\u00e9es existant. Notre cadre prend en charge les \u00e9l\u00e9ments suivants \u00c9valuation de la situation actuelle Une indication claire des lacunes de votre programme en mati\u00e8re de conformit\u00e9. Une image compl\u00e8te Une...<\/p>","protected":false},"author":1,"featured_media":0,"parent":0,"menu_order":0,"comment_status":"closed","ping_status":"closed","template":"","meta":{"_acf_changed":false,"_eb_attr":"","footnotes":""},"categories":[],"tags":[],"class_list":["post-14860","page","type-page","status-publish","hentry"],"acf":[],"yoast_head":"<!-- This site is optimized with the Yoast SEO plugin v27.5 - https:\/\/yoast.com\/product\/yoast-seo-wordpress\/ -->\n<title>GDPR Maturity Assessment - ComplianceRT<\/title>\n<meta name=\"robots\" content=\"index, follow, max-snippet:-1, max-image-preview:large, max-video-preview:-1\" \/>\n<link rel=\"canonical\" href=\"https:\/\/compliancert.com\/fr\/evaluation-de-la-maturite-gdpr\/\" \/>\n<meta property=\"og:locale\" content=\"fr_FR\" \/>\n<meta property=\"og:type\" content=\"article\" \/>\n<meta property=\"og:title\" content=\"GDPR Maturity Assessment - ComplianceRT\" \/>\n<meta property=\"og:description\" content=\"GDPR Maturity Assessment Book a Consultation Data Protection Optimize Your Data Privacy with Our Maturity Framework Our Data Privacy Maturity Framework is an assessment to help organizations understand the suitability and effectiveness of their existing data privacy program. Our\u00a0Framework\u00a0supports: Current Situation Assessment A clear indication of compliance shortcomings within your program. A Complete Picture A...\" \/>\n<meta property=\"og:url\" content=\"https:\/\/compliancert.com\/fr\/evaluation-de-la-maturite-gdpr\/\" \/>\n<meta property=\"og:site_name\" content=\"ComplianceRT\" \/>\n<meta property=\"article:modified_time\" content=\"2025-09-22T21:34:15+00:00\" \/>\n<meta property=\"og:image\" content=\"https:\/\/i0.wp.com\/compliancert.com\/wp-content\/uploads\/2024\/11\/Screenshot-2024-11-21-at-11.13.35.webp?fit=1920%2C890&ssl=1\" \/>\n\t<meta property=\"og:image:width\" content=\"1920\" \/>\n\t<meta property=\"og:image:height\" content=\"890\" \/>\n\t<meta property=\"og:image:type\" content=\"image\/webp\" \/>\n<meta name=\"twitter:card\" content=\"summary_large_image\" \/>\n<meta name=\"twitter:label1\" content=\"Dur\u00e9e de lecture estim\u00e9e\" \/>\n\t<meta name=\"twitter:data1\" content=\"1 minute\" \/>\n<script type=\"application\/ld+json\" class=\"yoast-schema-graph\">{\"@context\":\"https:\\\/\\\/schema.org\",\"@graph\":[{\"@type\":\"WebPage\",\"@id\":\"https:\\\/\\\/compliancert.com\\\/gdpr-maturity-assessment\\\/\",\"url\":\"https:\\\/\\\/compliancert.com\\\/gdpr-maturity-assessment\\\/\",\"name\":\"GDPR Maturity Assessment - ComplianceRT\",\"isPartOf\":{\"@id\":\"https:\\\/\\\/compliancert.com\\\/#website\"},\"datePublished\":\"2024-07-22T22:30:31+00:00\",\"dateModified\":\"2025-09-22T21:34:15+00:00\",\"breadcrumb\":{\"@id\":\"https:\\\/\\\/compliancert.com\\\/gdpr-maturity-assessment\\\/#breadcrumb\"},\"inLanguage\":\"fr-FR\",\"potentialAction\":[{\"@type\":\"ReadAction\",\"target\":[\"https:\\\/\\\/compliancert.com\\\/gdpr-maturity-assessment\\\/\"]}]},{\"@type\":\"BreadcrumbList\",\"@id\":\"https:\\\/\\\/compliancert.com\\\/gdpr-maturity-assessment\\\/#breadcrumb\",\"itemListElement\":[{\"@type\":\"ListItem\",\"position\":1,\"name\":\"Home\",\"item\":\"https:\\\/\\\/compliancert.com\\\/\"},{\"@type\":\"ListItem\",\"position\":2,\"name\":\"GDPR Maturity Assessment\"}]},{\"@type\":\"WebSite\",\"@id\":\"https:\\\/\\\/compliancert.com\\\/#website\",\"url\":\"https:\\\/\\\/compliancert.com\\\/\",\"name\":\"ComplianceRT\",\"description\":\"AI-Powered Compliance Tool &amp; Automation Platform | GDPR | ISO27001 | EU AI Act | NIS2\",\"publisher\":{\"@id\":\"https:\\\/\\\/compliancert.com\\\/#organization\"},\"potentialAction\":[{\"@type\":\"SearchAction\",\"target\":{\"@type\":\"EntryPoint\",\"urlTemplate\":\"https:\\\/\\\/compliancert.com\\\/?s={search_term_string}\"},\"query-input\":{\"@type\":\"PropertyValueSpecification\",\"valueRequired\":true,\"valueName\":\"search_term_string\"}}],\"inLanguage\":\"fr-FR\"},{\"@type\":\"Organization\",\"@id\":\"https:\\\/\\\/compliancert.com\\\/#organization\",\"name\":\"RT Europe SA\",\"alternateName\":\"RT\",\"url\":\"https:\\\/\\\/compliancert.com\\\/\",\"logo\":{\"@type\":\"ImageObject\",\"inLanguage\":\"fr-FR\",\"@id\":\"https:\\\/\\\/compliancert.com\\\/#\\\/schema\\\/logo\\\/image\\\/\",\"url\":\"https:\\\/\\\/compliancert.com\\\/wp-content\\\/uploads\\\/2023\\\/07\\\/RT-logo-header.svg\",\"contentUrl\":\"https:\\\/\\\/compliancert.com\\\/wp-content\\\/uploads\\\/2023\\\/07\\\/RT-logo-header.svg\",\"width\":116,\"height\":60,\"caption\":\"RT Europe SA\"},\"image\":{\"@id\":\"https:\\\/\\\/compliancert.com\\\/#\\\/schema\\\/logo\\\/image\\\/\"},\"sameAs\":[\"https:\\\/\\\/www.linkedin.com\\\/company\\\/compliancert\\\/\"]}]}<\/script>\n<!-- \/ Yoast SEO plugin. -->","yoast_head_json":{"title":"\u00c9valuation de la maturit\u00e9 du GDPR - ComplianceRT","robots":{"index":"index","follow":"follow","max-snippet":"max-snippet:-1","max-image-preview":"max-image-preview:large","max-video-preview":"max-video-preview:-1"},"canonical":"https:\/\/compliancert.com\/fr\/evaluation-de-la-maturite-gdpr\/","og_locale":"fr_FR","og_type":"article","og_title":"GDPR Maturity Assessment - ComplianceRT","og_description":"GDPR Maturity Assessment Book a Consultation Data Protection Optimize Your Data Privacy with Our Maturity Framework Our Data Privacy Maturity Framework is an assessment to help organizations understand the suitability and effectiveness of their existing data privacy program. Our\u00a0Framework\u00a0supports: Current Situation Assessment A clear indication of compliance shortcomings within your program. A Complete Picture A...","og_url":"https:\/\/compliancert.com\/fr\/evaluation-de-la-maturite-gdpr\/","og_site_name":"ComplianceRT","article_modified_time":"2025-09-22T21:34:15+00:00","og_image":[{"width":1920,"height":890,"url":"https:\/\/i0.wp.com\/compliancert.com\/wp-content\/uploads\/2024\/11\/Screenshot-2024-11-21-at-11.13.35.webp?fit=1920%2C890&ssl=1","type":"image\/webp"}],"twitter_card":"summary_large_image","twitter_misc":{"Dur\u00e9e de lecture estim\u00e9e":"1 minute"},"schema":{"@context":"https:\/\/schema.org","@graph":[{"@type":"WebPage","@id":"https:\/\/compliancert.com\/gdpr-maturity-assessment\/","url":"https:\/\/compliancert.com\/gdpr-maturity-assessment\/","name":"\u00c9valuation de la maturit\u00e9 du GDPR - ComplianceRT","isPartOf":{"@id":"https:\/\/compliancert.com\/#website"},"datePublished":"2024-07-22T22:30:31+00:00","dateModified":"2025-09-22T21:34:15+00:00","breadcrumb":{"@id":"https:\/\/compliancert.com\/gdpr-maturity-assessment\/#breadcrumb"},"inLanguage":"fr-FR","potentialAction":[{"@type":"ReadAction","target":["https:\/\/compliancert.com\/gdpr-maturity-assessment\/"]}]},{"@type":"BreadcrumbList","@id":"https:\/\/compliancert.com\/gdpr-maturity-assessment\/#breadcrumb","itemListElement":[{"@type":"ListItem","position":1,"name":"Home","item":"https:\/\/compliancert.com\/"},{"@type":"ListItem","position":2,"name":"GDPR Maturity Assessment"}]},{"@type":"WebSite","@id":"https:\/\/compliancert.com\/#website","url":"https:\/\/compliancert.com\/","name":"Conformit\u00e9RT","description":"Outil de Conformit\u00e9 et Plateforme d'Automatisation Aliment\u00e9s par l'IA | RGPD | ISO27001 | EU AI Act | NIS2","publisher":{"@id":"https:\/\/compliancert.com\/#organization"},"potentialAction":[{"@type":"SearchAction","target":{"@type":"EntryPoint","urlTemplate":"https:\/\/compliancert.com\/?s={search_term_string}"},"query-input":{"@type":"PropertyValueSpecification","valueRequired":true,"valueName":"search_term_string"}}],"inLanguage":"fr-FR"},{"@type":"Organization","@id":"https:\/\/compliancert.com\/#organization","name":"RT Europe SA","alternateName":"RT","url":"https:\/\/compliancert.com\/","logo":{"@type":"ImageObject","inLanguage":"fr-FR","@id":"https:\/\/compliancert.com\/#\/schema\/logo\/image\/","url":"https:\/\/compliancert.com\/wp-content\/uploads\/2023\/07\/RT-logo-header.svg","contentUrl":"https:\/\/compliancert.com\/wp-content\/uploads\/2023\/07\/RT-logo-header.svg","width":116,"height":60,"caption":"RT Europe SA"},"image":{"@id":"https:\/\/compliancert.com\/#\/schema\/logo\/image\/"},"sameAs":["https:\/\/www.linkedin.com\/company\/compliancert\/"]}]}},"jetpack_sharing_enabled":true,"_links":{"self":[{"href":"https:\/\/compliancert.com\/fr\/wp-json\/wp\/v2\/pages\/14860","targetHints":{"allow":["GET"]}}],"collection":[{"href":"https:\/\/compliancert.com\/fr\/wp-json\/wp\/v2\/pages"}],"about":[{"href":"https:\/\/compliancert.com\/fr\/wp-json\/wp\/v2\/types\/page"}],"author":[{"embeddable":true,"href":"https:\/\/compliancert.com\/fr\/wp-json\/wp\/v2\/users\/1"}],"replies":[{"embeddable":true,"href":"https:\/\/compliancert.com\/fr\/wp-json\/wp\/v2\/comments?post=14860"}],"version-history":[{"count":20,"href":"https:\/\/compliancert.com\/fr\/wp-json\/wp\/v2\/pages\/14860\/revisions"}],"predecessor-version":[{"id":25366,"href":"https:\/\/compliancert.com\/fr\/wp-json\/wp\/v2\/pages\/14860\/revisions\/25366"}],"wp:attachment":[{"href":"https:\/\/compliancert.com\/fr\/wp-json\/wp\/v2\/media?parent=14860"}],"wp:term":[{"taxonomy":"category","embeddable":true,"href":"https:\/\/compliancert.com\/fr\/wp-json\/wp\/v2\/categories?post=14860"},{"taxonomy":"post_tag","embeddable":true,"href":"https:\/\/compliancert.com\/fr\/wp-json\/wp\/v2\/tags?post=14860"}],"curies":[{"name":"wp","href":"https:\/\/api.w.org\/{rel}","templated":true}]}}