{"id":26917,"date":"2026-02-19T14:24:36","date_gmt":"2026-02-19T14:24:36","guid":{"rendered":"https:\/\/compliancert.com\/?page_id=26917"},"modified":"2026-02-19T14:45:47","modified_gmt":"2026-02-19T14:45:47","slug":"rumen-stefanov","status":"publish","type":"page","link":"https:\/\/compliancert.com\/de\/uber-uns\/rumen-stefanov\/","title":{"rendered":"Rumen Stefanov"},"content":{"rendered":"<div data-elementor-type=\"wp-page\" data-elementor-id=\"26917\" class=\"elementor elementor-26917\" data-elementor-post-type=\"page\">\n\t\t\t\t\t\t<section class=\"elementor-section elementor-top-section elementor-element elementor-element-4e1d4b6 elementor-section-height-min-height elementor-section-content-middle elementor-reverse-mobile elementor-section-boxed elementor-section-height-default elementor-section-items-middle\" data-id=\"4e1d4b6\" data-element_type=\"section\" data-e-type=\"section\" data-settings=\"{&quot;background_background&quot;:&quot;classic&quot;}\">\n\t\t\t\t\t\t<div class=\"elementor-container elementor-column-gap-default\">\n\t\t\t\t\t<div class=\"elementor-column elementor-col-50 elementor-top-column elementor-element elementor-element-30220cc\" data-id=\"30220cc\" data-element_type=\"column\" data-e-type=\"column\">\n\t\t\t<div class=\"elementor-widget-wrap elementor-element-populated\">\n\t\t\t\t\t\t<div class=\"elementor-element elementor-element-ce51e1f elementor-widget elementor-widget-image\" data-id=\"ce51e1f\" data-element_type=\"widget\" data-e-type=\"widget\" data-widget_type=\"image.default\">\n\t\t\t\t<div class=\"elementor-widget-container\">\n\t\t\t\t\t\t\t\t\t\t\t\t\t\t\t<img fetchpriority=\"high\" decoding=\"async\" width=\"1024\" height=\"857\" src=\"https:\/\/i0.wp.com\/compliancert.com\/wp-content\/uploads\/2026\/02\/rt-Rumen-Stefanov-e1771511455866.png?fit=1024%2C857&amp;ssl=1\" class=\"attachment-large size-large wp-image-26918\" alt=\"\" srcset=\"https:\/\/i0.wp.com\/compliancert.com\/wp-content\/uploads\/2026\/02\/rt-Rumen-Stefanov-e1771511455866.png?w=1080&amp;ssl=1 1080w, https:\/\/i0.wp.com\/compliancert.com\/wp-content\/uploads\/2026\/02\/rt-Rumen-Stefanov-e1771511455866.png?resize=300%2C251&amp;ssl=1 300w, https:\/\/i0.wp.com\/compliancert.com\/wp-content\/uploads\/2026\/02\/rt-Rumen-Stefanov-e1771511455866.png?resize=1024%2C857&amp;ssl=1 1024w, https:\/\/i0.wp.com\/compliancert.com\/wp-content\/uploads\/2026\/02\/rt-Rumen-Stefanov-e1771511455866.png?resize=768%2C643&amp;ssl=1 768w, https:\/\/i0.wp.com\/compliancert.com\/wp-content\/uploads\/2026\/02\/rt-Rumen-Stefanov-e1771511455866.png?resize=14%2C12&amp;ssl=1 14w\" sizes=\"(max-width: 1024px) 100vw, 1024px\" \/>\t\t\t\t\t\t\t\t\t\t\t\t\t\t\t<\/div>\n\t\t\t\t<\/div>\n\t\t\t\t\t<\/div>\n\t\t<\/div>\n\t\t\t\t<div class=\"elementor-column elementor-col-50 elementor-top-column elementor-element elementor-element-afff8bb\" data-id=\"afff8bb\" data-element_type=\"column\" data-e-type=\"column\">\n\t\t\t<div class=\"elementor-widget-wrap elementor-element-populated\">\n\t\t\t\t\t\t<div class=\"elementor-element elementor-element-9272088 elementor-widget__width-auto elementor-icon-list--layout-traditional elementor-list-item-link-full_width elementor-widget elementor-widget-icon-list\" data-id=\"9272088\" data-element_type=\"widget\" data-e-type=\"widget\" data-widget_type=\"icon-list.default\">\n\t\t\t\t<div class=\"elementor-widget-container\">\n\t\t\t\t\t\t\t<ul class=\"elementor-icon-list-items\">\n\t\t\t\t\t\t\t<li class=\"elementor-icon-list-item\">\n\t\t\t\t\t\t\t\t\t\t\t<span class=\"elementor-icon-list-icon\">\n\t\t\t\t\t\t\t<i aria-hidden=\"true\" class=\"vamtamtheme- vamtam-theme-brand-symbol\"><\/i>\t\t\t\t\t\t<\/span>\n\t\t\t\t\t\t\t\t\t\t<span class=\"elementor-icon-list-text\">Spezialist f\u00fcr Compliance<\/span>\n\t\t\t\t\t\t\t\t\t<\/li>\n\t\t\t\t\t\t<\/ul>\n\t\t\t\t\t\t<\/div>\n\t\t\t\t<\/div>\n\t\t\t\t<div class=\"elementor-element elementor-element-602f0ab elementor-widget elementor-widget-heading\" data-id=\"602f0ab\" data-element_type=\"widget\" data-e-type=\"widget\" data-widget_type=\"heading.default\">\n\t\t\t\t<div class=\"elementor-widget-container\">\n\t\t\t\t\t<h1 class=\"elementor-heading-title elementor-size-default\">Rumen Stefanov<\/h1>\t\t\t\t<\/div>\n\t\t\t\t<\/div>\n\t\t\t\t<div class=\"elementor-element elementor-element-c213e86 elementor-widget elementor-widget-text-editor\" data-id=\"c213e86\" data-element_type=\"widget\" data-e-type=\"widget\" data-widget_type=\"text-editor.default\">\n\t\t\t\t<div class=\"elementor-widget-container\">\n\t\t\t\t\t\t\t\t\t<p class=\"p1\">Als erfahrener Compliance- und Governance-Spezialist hilft Rumen Organisationen, Compliance in einen strategischen Vorteil zu verwandeln. Mit \u00fcber 20 Jahren Erfahrung in internationalen Organisationen, Nichtregierungsorganisationen und Technologieunternehmen liefert er praktische Rahmenwerke f\u00fcr Sicherheit, Datenschutz, Qualit\u00e4t und Kontinuit\u00e4t und f\u00fchrt Teams reibungslos durch die Zertifizierung.<\/p>\t\t\t\t\t\t\t\t<\/div>\n\t\t\t\t<\/div>\n\t\t\t\t\t<\/div>\n\t\t<\/div>\n\t\t\t\t\t<\/div>\n\t\t<\/section>\n\t\t\t\t<section class=\"elementor-section elementor-top-section elementor-element elementor-element-60f9a5e elementor-section-height-min-height elementor-section-items-stretch elementor-section-boxed elementor-section-height-default\" data-id=\"60f9a5e\" data-element_type=\"section\" data-e-type=\"section\">\n\t\t\t\t\t\t<div class=\"elementor-container elementor-column-gap-no\">\n\t\t\t\t\t<div class=\"elementor-column elementor-col-100 elementor-top-column elementor-element elementor-element-977bf1a\" data-id=\"977bf1a\" data-element_type=\"column\" data-e-type=\"column\" data-settings=\"{&quot;background_background&quot;:&quot;classic&quot;,&quot;background_motion_fx_motion_fx_scrolling&quot;:&quot;yes&quot;,&quot;background_motion_fx_translateY_effect&quot;:&quot;yes&quot;,&quot;background_motion_fx_translateY_speed&quot;:{&quot;unit&quot;:&quot;px&quot;,&quot;size&quot;:2,&quot;sizes&quot;:[]},&quot;background_motion_fx_translateY_affectedRange&quot;:{&quot;unit&quot;:&quot;%&quot;,&quot;size&quot;:&quot;&quot;,&quot;sizes&quot;:{&quot;start&quot;:2,&quot;end&quot;:67}},&quot;background_motion_fx_devices&quot;:[&quot;desktop&quot;]}\">\n\t\t\t<div class=\"elementor-widget-wrap elementor-element-populated\">\n\t\t\t\t\t\t<div class=\"elementor-element elementor-element-9836f34 elementor-widget__width-auto elementor-icon-list--layout-traditional elementor-list-item-link-full_width elementor-widget elementor-widget-icon-list\" data-id=\"9836f34\" data-element_type=\"widget\" data-e-type=\"widget\" data-widget_type=\"icon-list.default\">\n\t\t\t\t<div class=\"elementor-widget-container\">\n\t\t\t\t\t\t\t<ul class=\"elementor-icon-list-items\">\n\t\t\t\t\t\t\t<li class=\"elementor-icon-list-item\">\n\t\t\t\t\t\t\t\t\t\t\t<span class=\"elementor-icon-list-icon\">\n\t\t\t\t\t\t\t<i aria-hidden=\"true\" class=\"vamtamtheme- vamtam-theme-brand-symbol\"><\/i>\t\t\t\t\t\t<\/span>\n\t\t\t\t\t\t\t\t\t\t<span class=\"elementor-icon-list-text\">\u00dcber Rumen Stefanov<\/span>\n\t\t\t\t\t\t\t\t\t<\/li>\n\t\t\t\t\t\t<\/ul>\n\t\t\t\t\t\t<\/div>\n\t\t\t\t<\/div>\n\t\t\t\t<div class=\"elementor-element elementor-element-5026705 elementor-widget elementor-widget-text-editor\" data-id=\"5026705\" data-element_type=\"widget\" data-e-type=\"widget\" data-widget_type=\"text-editor.default\">\n\t\t\t\t<div class=\"elementor-widget-container\">\n\t\t\t\t\t\t\t\t\t<p class=\"p1\">Rumen Stefanov hilft Organisationen, die Einhaltung von Vorschriften von einer Belastung in einen strategischen Vorteil zu verwandeln. Mit \u00fcber 20 Jahren praktischer Erfahrung in internationalen Organisationen, Nichtregierungsorganisationen und Technologieunternehmen entwickelt er Rahmenwerke f\u00fcr Sicherheit, Datenschutz, Qualit\u00e4t und Kontinuit\u00e4t, die in der Praxis funktionieren - nicht nur auf dem Papier.<\/p>\n<p class=\"p1\">Von der St\u00e4rkung eines ISMS und der Pr\u00fcfung der Gesch\u00e4ftskontinuit\u00e4t bis hin zur Verfeinerung von Qualit\u00e4tsprozessen und der Umwandlung der Datenschutz-Governance in eine echte operative Disziplin - Rumen bringt Klarheit, Struktur und einen Hauch trockenen Humors in den Prozess.<\/p>\n<p class=\"p3\"><b>Bekannt f\u00fcr:<\/b><b><\/b><\/p>\n\n<ul>\n \t<li><p class=\"p1\">ISO 9001, 22301, 27001, 27701 Experte<\/p><\/li>\n \t<li>\n<p class=\"p1\">Umwandlung komplexer Normen in klare, umsetzbare Praktiken<\/p>\n<\/li>\n \t<li>\n<p class=\"p1\">Reibungsloses und effizientes F\u00fchren von Teams durch die Zertifizierung<\/p>\n<\/li>\n \t<li>\n<p class=\"p1\">Umwandlung von ISO-Anforderungen in Arbeitsabl\u00e4ufe, die wirklich befolgt werden<\/p>\n<\/li>\n<\/ul>\n<!-- notionvc: 956df4ad-4cfc-4907-9bf2-6b32fd1e4a6a -->\n\n<!-- notionvc: 9ff4b591-d365-4fa1-bc60-f118e9d3c591 -->\t\t\t\t\t\t\t\t<\/div>\n\t\t\t\t<\/div>\n\t\t\t\t\t<\/div>\n\t\t<\/div>\n\t\t\t\t\t<\/div>\n\t\t<\/section>\n\t\t\t\t<\/div>","protected":false},"excerpt":{"rendered":"<p>Compliance Specialist Rumen Stefanov A seasoned compliance and governance specialist, Rumen helps organizations turn compliance into a strategic advantage. With over 20 years of experience across international organizations, NGOs, and technology companies, he delivers practical security, privacy, quality, and continuity frameworks and guides teams smoothly through certification. About Rumen Stefanov Rumen Stefanov helps organizations transform&#8230;<\/p>","protected":false},"author":1,"featured_media":0,"parent":13925,"menu_order":0,"comment_status":"closed","ping_status":"closed","template":"","meta":{"_acf_changed":false,"_eb_attr":"","footnotes":""},"categories":[],"tags":[],"class_list":["post-26917","page","type-page","status-publish","hentry"],"acf":[],"yoast_head":"<!-- This site is optimized with the Yoast SEO plugin v27.4 - https:\/\/yoast.com\/product\/yoast-seo-wordpress\/ -->\n<title>Rumen Stefanov - ComplianceRT<\/title>\n<meta name=\"robots\" content=\"index, follow, max-snippet:-1, max-image-preview:large, max-video-preview:-1\" \/>\n<link rel=\"canonical\" href=\"https:\/\/compliancert.com\/de\/uber-uns\/rumen-stefanov\/\" \/>\n<meta property=\"og:locale\" content=\"de_DE\" \/>\n<meta property=\"og:type\" content=\"article\" \/>\n<meta property=\"og:title\" content=\"Rumen Stefanov - ComplianceRT\" \/>\n<meta property=\"og:description\" content=\"Compliance Specialist Rumen Stefanov A seasoned compliance and governance specialist, Rumen helps organizations turn compliance into a strategic advantage. With over 20 years of experience across international organizations, NGOs, and technology companies, he delivers practical security, privacy, quality, and continuity frameworks and guides teams smoothly through certification. About Rumen Stefanov Rumen Stefanov helps organizations transform...\" \/>\n<meta property=\"og:url\" content=\"https:\/\/compliancert.com\/de\/uber-uns\/rumen-stefanov\/\" \/>\n<meta property=\"og:site_name\" content=\"ComplianceRT\" \/>\n<meta property=\"article:modified_time\" content=\"2026-02-19T14:45:47+00:00\" \/>\n<meta property=\"og:image\" content=\"https:\/\/compliancert.com\/wp-content\/uploads\/2026\/02\/rt-Rumen-Stefanov-e1771511455866-1024x857.png\" \/>\n<meta name=\"twitter:card\" content=\"summary_large_image\" \/>\n<meta name=\"twitter:label1\" content=\"Gesch\u00e4tzte Lesezeit\" \/>\n\t<meta name=\"twitter:data1\" content=\"1\u00a0Minute\" \/>\n<script type=\"application\/ld+json\" class=\"yoast-schema-graph\">{\"@context\":\"https:\\\/\\\/schema.org\",\"@graph\":[{\"@type\":\"WebPage\",\"@id\":\"https:\\\/\\\/compliancert.com\\\/about-us\\\/rumen-stefanov\\\/\",\"url\":\"https:\\\/\\\/compliancert.com\\\/about-us\\\/rumen-stefanov\\\/\",\"name\":\"Rumen Stefanov - ComplianceRT\",\"isPartOf\":{\"@id\":\"https:\\\/\\\/compliancert.com\\\/#website\"},\"primaryImageOfPage\":{\"@id\":\"https:\\\/\\\/compliancert.com\\\/about-us\\\/rumen-stefanov\\\/#primaryimage\"},\"image\":{\"@id\":\"https:\\\/\\\/compliancert.com\\\/about-us\\\/rumen-stefanov\\\/#primaryimage\"},\"thumbnailUrl\":\"https:\\\/\\\/compliancert.com\\\/wp-content\\\/uploads\\\/2026\\\/02\\\/rt-Rumen-Stefanov-e1771511455866-1024x857.png\",\"datePublished\":\"2026-02-19T14:24:36+00:00\",\"dateModified\":\"2026-02-19T14:45:47+00:00\",\"breadcrumb\":{\"@id\":\"https:\\\/\\\/compliancert.com\\\/about-us\\\/rumen-stefanov\\\/#breadcrumb\"},\"inLanguage\":\"de\",\"potentialAction\":[{\"@type\":\"ReadAction\",\"target\":[\"https:\\\/\\\/compliancert.com\\\/about-us\\\/rumen-stefanov\\\/\"]}]},{\"@type\":\"ImageObject\",\"inLanguage\":\"de\",\"@id\":\"https:\\\/\\\/compliancert.com\\\/about-us\\\/rumen-stefanov\\\/#primaryimage\",\"url\":\"https:\\\/\\\/compliancert.com\\\/wp-content\\\/uploads\\\/2026\\\/02\\\/rt-Rumen-Stefanov-e1771511455866-1024x857.png\",\"contentUrl\":\"https:\\\/\\\/compliancert.com\\\/wp-content\\\/uploads\\\/2026\\\/02\\\/rt-Rumen-Stefanov-e1771511455866-1024x857.png\"},{\"@type\":\"BreadcrumbList\",\"@id\":\"https:\\\/\\\/compliancert.com\\\/about-us\\\/rumen-stefanov\\\/#breadcrumb\",\"itemListElement\":[{\"@type\":\"ListItem\",\"position\":1,\"name\":\"Home\",\"item\":\"https:\\\/\\\/compliancert.com\\\/\"},{\"@type\":\"ListItem\",\"position\":2,\"name\":\"About Us\",\"item\":\"https:\\\/\\\/compliancert.com\\\/about-us\\\/\"},{\"@type\":\"ListItem\",\"position\":3,\"name\":\"Rumen Stefanov\"}]},{\"@type\":\"WebSite\",\"@id\":\"https:\\\/\\\/compliancert.com\\\/#website\",\"url\":\"https:\\\/\\\/compliancert.com\\\/\",\"name\":\"ComplianceRT\",\"description\":\"AI-Powered Compliance Tool &amp; Automation Platform | GDPR | ISO27001 | EU AI Act | NIS2\",\"publisher\":{\"@id\":\"https:\\\/\\\/compliancert.com\\\/#organization\"},\"potentialAction\":[{\"@type\":\"SearchAction\",\"target\":{\"@type\":\"EntryPoint\",\"urlTemplate\":\"https:\\\/\\\/compliancert.com\\\/?s={search_term_string}\"},\"query-input\":{\"@type\":\"PropertyValueSpecification\",\"valueRequired\":true,\"valueName\":\"search_term_string\"}}],\"inLanguage\":\"de\"},{\"@type\":\"Organization\",\"@id\":\"https:\\\/\\\/compliancert.com\\\/#organization\",\"name\":\"RT Europe SA\",\"alternateName\":\"RT\",\"url\":\"https:\\\/\\\/compliancert.com\\\/\",\"logo\":{\"@type\":\"ImageObject\",\"inLanguage\":\"de\",\"@id\":\"https:\\\/\\\/compliancert.com\\\/#\\\/schema\\\/logo\\\/image\\\/\",\"url\":\"https:\\\/\\\/compliancert.com\\\/wp-content\\\/uploads\\\/2023\\\/07\\\/RT-logo-header.svg\",\"contentUrl\":\"https:\\\/\\\/compliancert.com\\\/wp-content\\\/uploads\\\/2023\\\/07\\\/RT-logo-header.svg\",\"width\":116,\"height\":60,\"caption\":\"RT Europe SA\"},\"image\":{\"@id\":\"https:\\\/\\\/compliancert.com\\\/#\\\/schema\\\/logo\\\/image\\\/\"},\"sameAs\":[\"https:\\\/\\\/www.linkedin.com\\\/company\\\/compliancert\\\/\"]}]}<\/script>\n<!-- \/ Yoast SEO plugin. -->","yoast_head_json":{"title":"Rumen Stefanov - ComplianceRT","robots":{"index":"index","follow":"follow","max-snippet":"max-snippet:-1","max-image-preview":"max-image-preview:large","max-video-preview":"max-video-preview:-1"},"canonical":"https:\/\/compliancert.com\/de\/uber-uns\/rumen-stefanov\/","og_locale":"de_DE","og_type":"article","og_title":"Rumen Stefanov - ComplianceRT","og_description":"Compliance Specialist Rumen Stefanov A seasoned compliance and governance specialist, Rumen helps organizations turn compliance into a strategic advantage. With over 20 years of experience across international organizations, NGOs, and technology companies, he delivers practical security, privacy, quality, and continuity frameworks and guides teams smoothly through certification. About Rumen Stefanov Rumen Stefanov helps organizations transform...","og_url":"https:\/\/compliancert.com\/de\/uber-uns\/rumen-stefanov\/","og_site_name":"ComplianceRT","article_modified_time":"2026-02-19T14:45:47+00:00","og_image":[{"url":"https:\/\/compliancert.com\/wp-content\/uploads\/2026\/02\/rt-Rumen-Stefanov-e1771511455866-1024x857.png","type":"","width":"","height":""}],"twitter_card":"summary_large_image","twitter_misc":{"Gesch\u00e4tzte Lesezeit":"1\u00a0Minute"},"schema":{"@context":"https:\/\/schema.org","@graph":[{"@type":"WebPage","@id":"https:\/\/compliancert.com\/about-us\/rumen-stefanov\/","url":"https:\/\/compliancert.com\/about-us\/rumen-stefanov\/","name":"Rumen Stefanov - ComplianceRT","isPartOf":{"@id":"https:\/\/compliancert.com\/#website"},"primaryImageOfPage":{"@id":"https:\/\/compliancert.com\/about-us\/rumen-stefanov\/#primaryimage"},"image":{"@id":"https:\/\/compliancert.com\/about-us\/rumen-stefanov\/#primaryimage"},"thumbnailUrl":"https:\/\/compliancert.com\/wp-content\/uploads\/2026\/02\/rt-Rumen-Stefanov-e1771511455866-1024x857.png","datePublished":"2026-02-19T14:24:36+00:00","dateModified":"2026-02-19T14:45:47+00:00","breadcrumb":{"@id":"https:\/\/compliancert.com\/about-us\/rumen-stefanov\/#breadcrumb"},"inLanguage":"de","potentialAction":[{"@type":"ReadAction","target":["https:\/\/compliancert.com\/about-us\/rumen-stefanov\/"]}]},{"@type":"ImageObject","inLanguage":"de","@id":"https:\/\/compliancert.com\/about-us\/rumen-stefanov\/#primaryimage","url":"https:\/\/compliancert.com\/wp-content\/uploads\/2026\/02\/rt-Rumen-Stefanov-e1771511455866-1024x857.png","contentUrl":"https:\/\/compliancert.com\/wp-content\/uploads\/2026\/02\/rt-Rumen-Stefanov-e1771511455866-1024x857.png"},{"@type":"BreadcrumbList","@id":"https:\/\/compliancert.com\/about-us\/rumen-stefanov\/#breadcrumb","itemListElement":[{"@type":"ListItem","position":1,"name":"Home","item":"https:\/\/compliancert.com\/"},{"@type":"ListItem","position":2,"name":"About Us","item":"https:\/\/compliancert.com\/about-us\/"},{"@type":"ListItem","position":3,"name":"Rumen Stefanov"}]},{"@type":"WebSite","@id":"https:\/\/compliancert.com\/#website","url":"https:\/\/compliancert.com\/","name":"ComplianceRT","description":"KI-gest\u00fctztes Compliance-Tool &amp; Automatisierungsplattform | DSGVO | ISO27001 | EU AI Act | NIS2","publisher":{"@id":"https:\/\/compliancert.com\/#organization"},"potentialAction":[{"@type":"SearchAction","target":{"@type":"EntryPoint","urlTemplate":"https:\/\/compliancert.com\/?s={search_term_string}"},"query-input":{"@type":"PropertyValueSpecification","valueRequired":true,"valueName":"search_term_string"}}],"inLanguage":"de"},{"@type":"Organization","@id":"https:\/\/compliancert.com\/#organization","name":"RT Europe SA","alternateName":"RT","url":"https:\/\/compliancert.com\/","logo":{"@type":"ImageObject","inLanguage":"de","@id":"https:\/\/compliancert.com\/#\/schema\/logo\/image\/","url":"https:\/\/compliancert.com\/wp-content\/uploads\/2023\/07\/RT-logo-header.svg","contentUrl":"https:\/\/compliancert.com\/wp-content\/uploads\/2023\/07\/RT-logo-header.svg","width":116,"height":60,"caption":"RT Europe SA"},"image":{"@id":"https:\/\/compliancert.com\/#\/schema\/logo\/image\/"},"sameAs":["https:\/\/www.linkedin.com\/company\/compliancert\/"]}]}},"jetpack_sharing_enabled":true,"_links":{"self":[{"href":"https:\/\/compliancert.com\/de\/wp-json\/wp\/v2\/pages\/26917","targetHints":{"allow":["GET"]}}],"collection":[{"href":"https:\/\/compliancert.com\/de\/wp-json\/wp\/v2\/pages"}],"about":[{"href":"https:\/\/compliancert.com\/de\/wp-json\/wp\/v2\/types\/page"}],"author":[{"embeddable":true,"href":"https:\/\/compliancert.com\/de\/wp-json\/wp\/v2\/users\/1"}],"replies":[{"embeddable":true,"href":"https:\/\/compliancert.com\/de\/wp-json\/wp\/v2\/comments?post=26917"}],"version-history":[{"count":6,"href":"https:\/\/compliancert.com\/de\/wp-json\/wp\/v2\/pages\/26917\/revisions"}],"predecessor-version":[{"id":26928,"href":"https:\/\/compliancert.com\/de\/wp-json\/wp\/v2\/pages\/26917\/revisions\/26928"}],"up":[{"embeddable":true,"href":"https:\/\/compliancert.com\/de\/wp-json\/wp\/v2\/pages\/13925"}],"wp:attachment":[{"href":"https:\/\/compliancert.com\/de\/wp-json\/wp\/v2\/media?parent=26917"}],"wp:term":[{"taxonomy":"category","embeddable":true,"href":"https:\/\/compliancert.com\/de\/wp-json\/wp\/v2\/categories?post=26917"},{"taxonomy":"post_tag","embeddable":true,"href":"https:\/\/compliancert.com\/de\/wp-json\/wp\/v2\/tags?post=26917"}],"curies":[{"name":"wp","href":"https:\/\/api.w.org\/{rel}","templated":true}]}}