{"id":26431,"date":"2026-01-19T23:23:34","date_gmt":"2026-01-19T23:23:34","guid":{"rendered":"https:\/\/compliancert.com\/?page_id=26431"},"modified":"2026-01-19T23:30:37","modified_gmt":"2026-01-19T23:30:37","slug":"dr-nikolay-mehandjiev-2","status":"publish","type":"page","link":"https:\/\/compliancert.com\/de\/uber-uns\/dr-nikolay-mehandjiev-2\/","title":{"rendered":"Dr. Nikolai Mehdjiew"},"content":{"rendered":"<div data-elementor-type=\"wp-page\" data-elementor-id=\"26431\" class=\"elementor elementor-26431\" data-elementor-post-type=\"page\">\n\t\t\t\t\t\t<section class=\"elementor-section elementor-top-section elementor-element elementor-element-4e1d4b6 elementor-section-height-min-height elementor-section-content-middle elementor-reverse-mobile elementor-section-boxed elementor-section-height-default elementor-section-items-middle\" data-id=\"4e1d4b6\" data-element_type=\"section\" data-e-type=\"section\" data-settings=\"{&quot;background_background&quot;:&quot;classic&quot;}\">\n\t\t\t\t\t\t<div class=\"elementor-container elementor-column-gap-default\">\n\t\t\t\t\t<div class=\"elementor-column elementor-col-50 elementor-top-column elementor-element elementor-element-30220cc\" data-id=\"30220cc\" data-element_type=\"column\" data-e-type=\"column\">\n\t\t\t<div class=\"elementor-widget-wrap elementor-element-populated\">\n\t\t\t\t\t\t<div class=\"elementor-element elementor-element-ce51e1f elementor-widget elementor-widget-image\" data-id=\"ce51e1f\" data-element_type=\"widget\" data-e-type=\"widget\" data-widget_type=\"image.default\">\n\t\t\t\t<div class=\"elementor-widget-container\">\n\t\t\t\t\t\t\t\t\t\t\t\t\t\t\t<img fetchpriority=\"high\" decoding=\"async\" width=\"384\" height=\"321\" src=\"https:\/\/i0.wp.com\/compliancert.com\/wp-content\/uploads\/2025\/11\/Dr-Nikolay-Mehandjiev.jpg?fit=384%2C321&amp;ssl=1\" class=\"attachment-large size-large wp-image-25654\" alt=\"\" srcset=\"https:\/\/i0.wp.com\/compliancert.com\/wp-content\/uploads\/2025\/11\/Dr-Nikolay-Mehandjiev.jpg?w=384&amp;ssl=1 384w, https:\/\/i0.wp.com\/compliancert.com\/wp-content\/uploads\/2025\/11\/Dr-Nikolay-Mehandjiev.jpg?resize=300%2C251&amp;ssl=1 300w, https:\/\/i0.wp.com\/compliancert.com\/wp-content\/uploads\/2025\/11\/Dr-Nikolay-Mehandjiev.jpg?resize=14%2C12&amp;ssl=1 14w\" sizes=\"(max-width: 384px) 100vw, 384px\" \/>\t\t\t\t\t\t\t\t\t\t\t\t\t\t\t<\/div>\n\t\t\t\t<\/div>\n\t\t\t\t\t<\/div>\n\t\t<\/div>\n\t\t\t\t<div class=\"elementor-column elementor-col-50 elementor-top-column elementor-element elementor-element-afff8bb\" data-id=\"afff8bb\" data-element_type=\"column\" data-e-type=\"column\">\n\t\t\t<div class=\"elementor-widget-wrap elementor-element-populated\">\n\t\t\t\t\t\t<div class=\"elementor-element elementor-element-9272088 elementor-widget__width-auto elementor-icon-list--layout-traditional elementor-list-item-link-full_width elementor-widget elementor-widget-icon-list\" data-id=\"9272088\" data-element_type=\"widget\" data-e-type=\"widget\" data-widget_type=\"icon-list.default\">\n\t\t\t\t<div class=\"elementor-widget-container\">\n\t\t\t\t\t\t\t<ul class=\"elementor-icon-list-items\">\n\t\t\t\t\t\t\t<li class=\"elementor-icon-list-item\">\n\t\t\t\t\t\t\t\t\t\t\t<span class=\"elementor-icon-list-icon\">\n\t\t\t\t\t\t\t<i aria-hidden=\"true\" class=\"vamtamtheme- vamtam-theme-brand-symbol\"><\/i>\t\t\t\t\t\t<\/span>\n\t\t\t\t\t\t\t\t\t\t<span class=\"elementor-icon-list-text\">Berater f\u00fcr Forschung und Entwicklung<\/span>\n\t\t\t\t\t\t\t\t\t<\/li>\n\t\t\t\t\t\t<\/ul>\n\t\t\t\t\t\t<\/div>\n\t\t\t\t<\/div>\n\t\t\t\t<div class=\"elementor-element elementor-element-602f0ab elementor-widget elementor-widget-heading\" data-id=\"602f0ab\" data-element_type=\"widget\" data-e-type=\"widget\" data-widget_type=\"heading.default\">\n\t\t\t\t<div class=\"elementor-widget-container\">\n\t\t\t\t\t<h1 class=\"elementor-heading-title elementor-size-default\">Dr. Nikolai Mehdjiew <\/h1>\t\t\t\t<\/div>\n\t\t\t\t<\/div>\n\t\t\t\t<div class=\"elementor-element elementor-element-c213e86 elementor-widget elementor-widget-text-editor\" data-id=\"c213e86\" data-element_type=\"widget\" data-e-type=\"widget\" data-widget_type=\"text-editor.default\">\n\t\t\t\t<div class=\"elementor-widget-container\">\n\t\t\t\t\t\t\t\t\t<p>Dr. Nikolay Mehandjiev ist ein leitender Akademiker und Forschungsleiter mit \u00fcber 20 Jahren Erfahrung in den Bereichen digitale Innovation, Unternehmenssysteme und angewandte KI, der eine Br\u00fccke zwischen Wissenschaft und Industrie schl\u00e4gt. Als produktiver Forscher und internationaler Experte ber\u00e4t er ComplianceRT bei der Entwicklung von F&amp;E-Strategien f\u00fcr die n\u00e4chste Generation von Compliance Intelligence und KI-gest\u00fctzter Orchestrierung.<\/p>\t\t\t\t\t\t\t\t<\/div>\n\t\t\t\t<\/div>\n\t\t\t\t\t<\/div>\n\t\t<\/div>\n\t\t\t\t\t<\/div>\n\t\t<\/section>\n\t\t\t\t<section class=\"elementor-section elementor-top-section elementor-element elementor-element-60f9a5e elementor-section-height-min-height elementor-section-items-stretch elementor-section-boxed elementor-section-height-default\" data-id=\"60f9a5e\" data-element_type=\"section\" data-e-type=\"section\">\n\t\t\t\t\t\t<div class=\"elementor-container elementor-column-gap-no\">\n\t\t\t\t\t<div class=\"elementor-column elementor-col-100 elementor-top-column elementor-element elementor-element-977bf1a\" data-id=\"977bf1a\" data-element_type=\"column\" data-e-type=\"column\" data-settings=\"{&quot;background_background&quot;:&quot;classic&quot;,&quot;background_motion_fx_motion_fx_scrolling&quot;:&quot;yes&quot;,&quot;background_motion_fx_translateY_effect&quot;:&quot;yes&quot;,&quot;background_motion_fx_translateY_speed&quot;:{&quot;unit&quot;:&quot;px&quot;,&quot;size&quot;:2,&quot;sizes&quot;:[]},&quot;background_motion_fx_translateY_affectedRange&quot;:{&quot;unit&quot;:&quot;%&quot;,&quot;size&quot;:&quot;&quot;,&quot;sizes&quot;:{&quot;start&quot;:2,&quot;end&quot;:67}},&quot;background_motion_fx_devices&quot;:[&quot;desktop&quot;]}\">\n\t\t\t<div class=\"elementor-widget-wrap elementor-element-populated\">\n\t\t\t\t\t\t<div class=\"elementor-element elementor-element-9836f34 elementor-widget__width-auto elementor-icon-list--layout-traditional elementor-list-item-link-full_width elementor-widget elementor-widget-icon-list\" data-id=\"9836f34\" data-element_type=\"widget\" data-e-type=\"widget\" data-widget_type=\"icon-list.default\">\n\t\t\t\t<div class=\"elementor-widget-container\">\n\t\t\t\t\t\t\t<ul class=\"elementor-icon-list-items\">\n\t\t\t\t\t\t\t<li class=\"elementor-icon-list-item\">\n\t\t\t\t\t\t\t\t\t\t\t<span class=\"elementor-icon-list-icon\">\n\t\t\t\t\t\t\t<i aria-hidden=\"true\" class=\"vamtamtheme- vamtam-theme-brand-symbol\"><\/i>\t\t\t\t\t\t<\/span>\n\t\t\t\t\t\t\t\t\t\t<span class=\"elementor-icon-list-text\">\u00dcber Dr. Nikolay Mehandjiev <\/span>\n\t\t\t\t\t\t\t\t\t<\/li>\n\t\t\t\t\t\t<\/ul>\n\t\t\t\t\t\t<\/div>\n\t\t\t\t<\/div>\n\t\t\t\t<div class=\"elementor-element elementor-element-5026705 elementor-widget elementor-widget-text-editor\" data-id=\"5026705\" data-element_type=\"widget\" data-e-type=\"widget\" data-widget_type=\"text-editor.default\">\n\t\t\t\t<div class=\"elementor-widget-container\">\n\t\t\t\t\t\t\t\t\t<p>Dr. Nikolay Mehandjiev ist Vize-Provost (Forschung) an der University of Birmingham, Dubai Campus, wo er die Entwicklung der Forschungs- und Engagementstrategie des Campus leitet.<\/p><p>Mit mehr als zwei Jahrzehnten Erfahrung in den Bereichen digitale Innovation, Unternehmenssysteme und angewandte KI schl\u00e4gt er eine Br\u00fccke zwischen Wissenschaft und Industrie, um intelligente, nutzerzentrierte Unternehmenstechnologien voranzutreiben.<\/p><p>Zuvor war Dr. Mehdjiev Professor f\u00fcr Unternehmensinformationssysteme an der Universit\u00e4t Manchester, wo er \u00fcber die transformative Rolle von digitaler Technologie und Big Data in der Fertigungs- und Prozessindustrie lehrte und forschte.<\/p><p>Er hat \u00fcber 150 von Fachleuten begutachtete Ver\u00f6ffentlichungen verfasst, mehrere internationale Zeitschriftenausgaben herausgegeben und an 25 gemeinsamen Forschungsprojekten im Wert von \u00fcber 57 Millionen Euro teilgenommen, an denen internationale Unternehmen wie Airbus, SAP, Comau, MAN, BT, Atos, Philips, DHL, Hanomag und Magna InTier beteiligt waren.<\/p><p>Dr. Mehandjiev hatte au\u00dferdem Gastaufenthalte bei SAP Research Labs (Deutschland), der Tongji-Universit\u00e4t (China), Atos Origin SAE (Spanien), BT Research (Gro\u00dfbritannien) und UNSW (Australien) und hat 15 Doktoranden betreut.<\/p><p>Er ist regelm\u00e4\u00dfig als internationaler Gutachter f\u00fcr die Europ\u00e4ische Kommission und nationale Forschungsr\u00e4te in Belgien, Polen, Russland und Kasachstan t\u00e4tig.<\/p><p>Bei ComplianceRT ber\u00e4t Dr. Mehandjiev die Forschungs- und Entwicklungsstrategie und tr\u00e4gt dazu bei, die Vision des Unternehmens f\u00fcr die n\u00e4chste Generation von Compliance Intelligence und KI-gesteuerter Orchestrierung zu gestalten.<\/p><p><!-- notionvc: 956df4ad-4cfc-4907-9bf2-6b32fd1e4a6a --><\/p><p><!-- notionvc: 9ff4b591-d365-4fa1-bc60-f118e9d3c591 --><\/p>\t\t\t\t\t\t\t\t<\/div>\n\t\t\t\t<\/div>\n\t\t\t\t\t<\/div>\n\t\t<\/div>\n\t\t\t\t\t<\/div>\n\t\t<\/section>\n\t\t\t\t<\/div>","protected":false},"excerpt":{"rendered":"<p>Research and Development Advisor Dr. Nikolay Mehandjiev Dr. Nikolay Mehandjiev is a senior academic and research leader with over 20 years of experience in digital innovation, enterprise systems, and applied AI, bridging academia and industry. A prolific researcher and international expert, he advises ComplianceRT on R&amp;D strategy, shaping next-generation compliance intelligence and AI-driven orchestration. About&#8230;<\/p>","protected":false},"author":1,"featured_media":0,"parent":13925,"menu_order":0,"comment_status":"closed","ping_status":"closed","template":"","meta":{"_acf_changed":false,"_eb_attr":"","footnotes":""},"categories":[],"tags":[],"class_list":["post-26431","page","type-page","status-publish","hentry"],"acf":[],"yoast_head":"<!-- This site is optimized with the Yoast SEO plugin v27.4 - https:\/\/yoast.com\/product\/yoast-seo-wordpress\/ -->\n<title>Dr. Nikolay Mehandjiev - ComplianceRT<\/title>\n<meta name=\"robots\" content=\"index, follow, max-snippet:-1, max-image-preview:large, max-video-preview:-1\" \/>\n<link rel=\"canonical\" href=\"https:\/\/compliancert.com\/de\/uber-uns\/dr-nikolay-mehandjiev-2\/\" \/>\n<meta property=\"og:locale\" content=\"de_DE\" \/>\n<meta property=\"og:type\" content=\"article\" \/>\n<meta property=\"og:title\" content=\"Dr. Nikolay Mehandjiev - ComplianceRT\" \/>\n<meta property=\"og:description\" content=\"Research and Development Advisor Dr. Nikolay Mehandjiev Dr. Nikolay Mehandjiev is a senior academic and research leader with over 20 years of experience in digital innovation, enterprise systems, and applied AI, bridging academia and industry. A prolific researcher and international expert, he advises ComplianceRT on R&amp;D strategy, shaping next-generation compliance intelligence and AI-driven orchestration. About...\" \/>\n<meta property=\"og:url\" content=\"https:\/\/compliancert.com\/de\/uber-uns\/dr-nikolay-mehandjiev-2\/\" \/>\n<meta property=\"og:site_name\" content=\"ComplianceRT\" \/>\n<meta property=\"article:modified_time\" content=\"2026-01-19T23:30:37+00:00\" \/>\n<meta property=\"og:image\" content=\"https:\/\/compliancert.com\/wp-content\/uploads\/2025\/11\/Dr-Nikolay-Mehandjiev.jpg\" \/>\n<meta name=\"twitter:card\" content=\"summary_large_image\" \/>\n<meta name=\"twitter:label1\" content=\"Gesch\u00e4tzte Lesezeit\" \/>\n\t<meta name=\"twitter:data1\" content=\"2\u00a0Minuten\" \/>\n<script type=\"application\/ld+json\" class=\"yoast-schema-graph\">{\"@context\":\"https:\\\/\\\/schema.org\",\"@graph\":[{\"@type\":\"WebPage\",\"@id\":\"https:\\\/\\\/compliancert.com\\\/about-us\\\/dr-nikolay-mehandjiev-2\\\/\",\"url\":\"https:\\\/\\\/compliancert.com\\\/about-us\\\/dr-nikolay-mehandjiev-2\\\/\",\"name\":\"Dr. Nikolay Mehandjiev - ComplianceRT\",\"isPartOf\":{\"@id\":\"https:\\\/\\\/compliancert.com\\\/#website\"},\"primaryImageOfPage\":{\"@id\":\"https:\\\/\\\/compliancert.com\\\/about-us\\\/dr-nikolay-mehandjiev-2\\\/#primaryimage\"},\"image\":{\"@id\":\"https:\\\/\\\/compliancert.com\\\/about-us\\\/dr-nikolay-mehandjiev-2\\\/#primaryimage\"},\"thumbnailUrl\":\"https:\\\/\\\/compliancert.com\\\/wp-content\\\/uploads\\\/2025\\\/11\\\/Dr-Nikolay-Mehandjiev.jpg\",\"datePublished\":\"2026-01-19T23:23:34+00:00\",\"dateModified\":\"2026-01-19T23:30:37+00:00\",\"breadcrumb\":{\"@id\":\"https:\\\/\\\/compliancert.com\\\/about-us\\\/dr-nikolay-mehandjiev-2\\\/#breadcrumb\"},\"inLanguage\":\"de\",\"potentialAction\":[{\"@type\":\"ReadAction\",\"target\":[\"https:\\\/\\\/compliancert.com\\\/about-us\\\/dr-nikolay-mehandjiev-2\\\/\"]}]},{\"@type\":\"ImageObject\",\"inLanguage\":\"de\",\"@id\":\"https:\\\/\\\/compliancert.com\\\/about-us\\\/dr-nikolay-mehandjiev-2\\\/#primaryimage\",\"url\":\"https:\\\/\\\/compliancert.com\\\/wp-content\\\/uploads\\\/2025\\\/11\\\/Dr-Nikolay-Mehandjiev.jpg\",\"contentUrl\":\"https:\\\/\\\/compliancert.com\\\/wp-content\\\/uploads\\\/2025\\\/11\\\/Dr-Nikolay-Mehandjiev.jpg\"},{\"@type\":\"BreadcrumbList\",\"@id\":\"https:\\\/\\\/compliancert.com\\\/about-us\\\/dr-nikolay-mehandjiev-2\\\/#breadcrumb\",\"itemListElement\":[{\"@type\":\"ListItem\",\"position\":1,\"name\":\"Home\",\"item\":\"https:\\\/\\\/compliancert.com\\\/\"},{\"@type\":\"ListItem\",\"position\":2,\"name\":\"About Us\",\"item\":\"https:\\\/\\\/compliancert.com\\\/about-us\\\/\"},{\"@type\":\"ListItem\",\"position\":3,\"name\":\"Dr. Nikolay Mehandjiev\"}]},{\"@type\":\"WebSite\",\"@id\":\"https:\\\/\\\/compliancert.com\\\/#website\",\"url\":\"https:\\\/\\\/compliancert.com\\\/\",\"name\":\"ComplianceRT\",\"description\":\"AI-Powered Compliance Tool &amp; Automation Platform | GDPR | ISO27001 | EU AI Act | NIS2\",\"publisher\":{\"@id\":\"https:\\\/\\\/compliancert.com\\\/#organization\"},\"potentialAction\":[{\"@type\":\"SearchAction\",\"target\":{\"@type\":\"EntryPoint\",\"urlTemplate\":\"https:\\\/\\\/compliancert.com\\\/?s={search_term_string}\"},\"query-input\":{\"@type\":\"PropertyValueSpecification\",\"valueRequired\":true,\"valueName\":\"search_term_string\"}}],\"inLanguage\":\"de\"},{\"@type\":\"Organization\",\"@id\":\"https:\\\/\\\/compliancert.com\\\/#organization\",\"name\":\"RT Europe SA\",\"alternateName\":\"RT\",\"url\":\"https:\\\/\\\/compliancert.com\\\/\",\"logo\":{\"@type\":\"ImageObject\",\"inLanguage\":\"de\",\"@id\":\"https:\\\/\\\/compliancert.com\\\/#\\\/schema\\\/logo\\\/image\\\/\",\"url\":\"https:\\\/\\\/compliancert.com\\\/wp-content\\\/uploads\\\/2023\\\/07\\\/RT-logo-header.svg\",\"contentUrl\":\"https:\\\/\\\/compliancert.com\\\/wp-content\\\/uploads\\\/2023\\\/07\\\/RT-logo-header.svg\",\"width\":116,\"height\":60,\"caption\":\"RT Europe SA\"},\"image\":{\"@id\":\"https:\\\/\\\/compliancert.com\\\/#\\\/schema\\\/logo\\\/image\\\/\"},\"sameAs\":[\"https:\\\/\\\/www.linkedin.com\\\/company\\\/compliancert\\\/\"]}]}<\/script>\n<!-- \/ Yoast SEO plugin. -->","yoast_head_json":{"title":"Dr. Nikolay Mehandjiev - ComplianceRT","robots":{"index":"index","follow":"follow","max-snippet":"max-snippet:-1","max-image-preview":"max-image-preview:large","max-video-preview":"max-video-preview:-1"},"canonical":"https:\/\/compliancert.com\/de\/uber-uns\/dr-nikolay-mehandjiev-2\/","og_locale":"de_DE","og_type":"article","og_title":"Dr. Nikolay Mehandjiev - ComplianceRT","og_description":"Research and Development Advisor Dr. Nikolay Mehandjiev Dr. Nikolay Mehandjiev is a senior academic and research leader with over 20 years of experience in digital innovation, enterprise systems, and applied AI, bridging academia and industry. A prolific researcher and international expert, he advises ComplianceRT on R&amp;D strategy, shaping next-generation compliance intelligence and AI-driven orchestration. About...","og_url":"https:\/\/compliancert.com\/de\/uber-uns\/dr-nikolay-mehandjiev-2\/","og_site_name":"ComplianceRT","article_modified_time":"2026-01-19T23:30:37+00:00","og_image":[{"url":"https:\/\/compliancert.com\/wp-content\/uploads\/2025\/11\/Dr-Nikolay-Mehandjiev.jpg","type":"","width":"","height":""}],"twitter_card":"summary_large_image","twitter_misc":{"Gesch\u00e4tzte Lesezeit":"2\u00a0Minuten"},"schema":{"@context":"https:\/\/schema.org","@graph":[{"@type":"WebPage","@id":"https:\/\/compliancert.com\/about-us\/dr-nikolay-mehandjiev-2\/","url":"https:\/\/compliancert.com\/about-us\/dr-nikolay-mehandjiev-2\/","name":"Dr. Nikolay Mehandjiev - ComplianceRT","isPartOf":{"@id":"https:\/\/compliancert.com\/#website"},"primaryImageOfPage":{"@id":"https:\/\/compliancert.com\/about-us\/dr-nikolay-mehandjiev-2\/#primaryimage"},"image":{"@id":"https:\/\/compliancert.com\/about-us\/dr-nikolay-mehandjiev-2\/#primaryimage"},"thumbnailUrl":"https:\/\/compliancert.com\/wp-content\/uploads\/2025\/11\/Dr-Nikolay-Mehandjiev.jpg","datePublished":"2026-01-19T23:23:34+00:00","dateModified":"2026-01-19T23:30:37+00:00","breadcrumb":{"@id":"https:\/\/compliancert.com\/about-us\/dr-nikolay-mehandjiev-2\/#breadcrumb"},"inLanguage":"de","potentialAction":[{"@type":"ReadAction","target":["https:\/\/compliancert.com\/about-us\/dr-nikolay-mehandjiev-2\/"]}]},{"@type":"ImageObject","inLanguage":"de","@id":"https:\/\/compliancert.com\/about-us\/dr-nikolay-mehandjiev-2\/#primaryimage","url":"https:\/\/compliancert.com\/wp-content\/uploads\/2025\/11\/Dr-Nikolay-Mehandjiev.jpg","contentUrl":"https:\/\/compliancert.com\/wp-content\/uploads\/2025\/11\/Dr-Nikolay-Mehandjiev.jpg"},{"@type":"BreadcrumbList","@id":"https:\/\/compliancert.com\/about-us\/dr-nikolay-mehandjiev-2\/#breadcrumb","itemListElement":[{"@type":"ListItem","position":1,"name":"Home","item":"https:\/\/compliancert.com\/"},{"@type":"ListItem","position":2,"name":"About Us","item":"https:\/\/compliancert.com\/about-us\/"},{"@type":"ListItem","position":3,"name":"Dr. Nikolay Mehandjiev"}]},{"@type":"WebSite","@id":"https:\/\/compliancert.com\/#website","url":"https:\/\/compliancert.com\/","name":"ComplianceRT","description":"KI-gest\u00fctztes Compliance-Tool &amp; Automatisierungsplattform | DSGVO | ISO27001 | EU AI Act | NIS2","publisher":{"@id":"https:\/\/compliancert.com\/#organization"},"potentialAction":[{"@type":"SearchAction","target":{"@type":"EntryPoint","urlTemplate":"https:\/\/compliancert.com\/?s={search_term_string}"},"query-input":{"@type":"PropertyValueSpecification","valueRequired":true,"valueName":"search_term_string"}}],"inLanguage":"de"},{"@type":"Organization","@id":"https:\/\/compliancert.com\/#organization","name":"RT Europe SA","alternateName":"RT","url":"https:\/\/compliancert.com\/","logo":{"@type":"ImageObject","inLanguage":"de","@id":"https:\/\/compliancert.com\/#\/schema\/logo\/image\/","url":"https:\/\/compliancert.com\/wp-content\/uploads\/2023\/07\/RT-logo-header.svg","contentUrl":"https:\/\/compliancert.com\/wp-content\/uploads\/2023\/07\/RT-logo-header.svg","width":116,"height":60,"caption":"RT Europe SA"},"image":{"@id":"https:\/\/compliancert.com\/#\/schema\/logo\/image\/"},"sameAs":["https:\/\/www.linkedin.com\/company\/compliancert\/"]}]}},"jetpack_sharing_enabled":true,"_links":{"self":[{"href":"https:\/\/compliancert.com\/de\/wp-json\/wp\/v2\/pages\/26431","targetHints":{"allow":["GET"]}}],"collection":[{"href":"https:\/\/compliancert.com\/de\/wp-json\/wp\/v2\/pages"}],"about":[{"href":"https:\/\/compliancert.com\/de\/wp-json\/wp\/v2\/types\/page"}],"author":[{"embeddable":true,"href":"https:\/\/compliancert.com\/de\/wp-json\/wp\/v2\/users\/1"}],"replies":[{"embeddable":true,"href":"https:\/\/compliancert.com\/de\/wp-json\/wp\/v2\/comments?post=26431"}],"version-history":[{"count":3,"href":"https:\/\/compliancert.com\/de\/wp-json\/wp\/v2\/pages\/26431\/revisions"}],"predecessor-version":[{"id":26434,"href":"https:\/\/compliancert.com\/de\/wp-json\/wp\/v2\/pages\/26431\/revisions\/26434"}],"up":[{"embeddable":true,"href":"https:\/\/compliancert.com\/de\/wp-json\/wp\/v2\/pages\/13925"}],"wp:attachment":[{"href":"https:\/\/compliancert.com\/de\/wp-json\/wp\/v2\/media?parent=26431"}],"wp:term":[{"taxonomy":"category","embeddable":true,"href":"https:\/\/compliancert.com\/de\/wp-json\/wp\/v2\/categories?post=26431"},{"taxonomy":"post_tag","embeddable":true,"href":"https:\/\/compliancert.com\/de\/wp-json\/wp\/v2\/tags?post=26431"}],"curies":[{"name":"wp","href":"https:\/\/api.w.org\/{rel}","templated":true}]}}