{"id":15243,"date":"2024-07-24T15:46:09","date_gmt":"2024-07-24T15:46:09","guid":{"rendered":"https:\/\/techrenzhe.com\/website_eed82bcb\/?page_id=15243"},"modified":"2024-10-14T12:06:45","modified_gmt":"2024-10-14T12:06:45","slug":"bedingungen-und-konditionen","status":"publish","type":"page","link":"https:\/\/compliancert.com\/de\/bedingungen-und-konditionen\/","title":{"rendered":"Bedingungen und Konditionen"},"content":{"rendered":"<div data-elementor-type=\"wp-page\" data-elementor-id=\"15243\" class=\"elementor elementor-15243\" data-elementor-post-type=\"page\">\n\t\t\t\t\t\t<section class=\"elementor-section elementor-top-section elementor-element elementor-element-4e1d4b6 elementor-section-height-min-height elementor-section-content-middle elementor-section-boxed elementor-section-height-default elementor-section-items-middle\" data-id=\"4e1d4b6\" data-element_type=\"section\" data-e-type=\"section\" data-settings=\"{&quot;background_background&quot;:&quot;classic&quot;}\">\n\t\t\t\t\t\t\t<div class=\"elementor-background-overlay\"><\/div>\n\t\t\t\t\t\t\t<div class=\"elementor-container elementor-column-gap-default\">\n\t\t\t\t\t<div class=\"elementor-column elementor-col-100 elementor-top-column elementor-element elementor-element-30220cc\" data-id=\"30220cc\" data-element_type=\"column\" data-e-type=\"column\">\n\t\t\t<div class=\"elementor-widget-wrap elementor-element-populated\">\n\t\t\t\t<div class=\"elementor-element elementor-element-b2a9839 e-flex e-con-boxed e-con e-parent\" data-id=\"b2a9839\" data-element_type=\"container\" data-e-type=\"container\">\n\t\t\t\t\t<div class=\"e-con-inner\">\n\t\t\t\t<div class=\"elementor-element elementor-element-7368c4c elementor-widget elementor-widget-heading\" data-id=\"7368c4c\" data-element_type=\"widget\" data-e-type=\"widget\" data-widget_type=\"heading.default\">\n\t\t\t\t<div class=\"elementor-widget-container\">\n\t\t\t\t\t<h2 class=\"elementor-heading-title elementor-size-default\">RT's Bedingungen und Konditionen<\/h2>\t\t\t\t<\/div>\n\t\t\t\t<\/div>\n\t\t\t\t\t<\/div>\n\t\t\t\t<\/div>\n\t\t\t\t<div class=\"elementor-element elementor-element-806b40a elementor-absolute pin-shadow elementor-view-default elementor-widget elementor-widget-icon\" data-id=\"806b40a\" data-element_type=\"widget\" data-e-type=\"widget\" data-settings=\"{&quot;_animation&quot;:&quot;none&quot;,&quot;_animation_tablet&quot;:&quot;none&quot;,&quot;_animation_delay&quot;:300,&quot;_position&quot;:&quot;absolute&quot;}\" data-widget_type=\"icon.default\">\n\t\t\t\t<div class=\"elementor-widget-container\">\n\t\t\t\t\t\t\t<div class=\"elementor-icon-wrapper\">\n\t\t\t<div class=\"elementor-icon\">\n\t\t\t<i aria-hidden=\"true\" class=\"vamtamtheme- vamtam-theme-brand-symbol\"><\/i>\t\t\t<\/div>\n\t\t<\/div>\n\t\t\t\t\t\t<\/div>\n\t\t\t\t<\/div>\n\t\t\t\t\t<\/div>\n\t\t<\/div>\n\t\t\t\t\t<\/div>\n\t\t<\/section>\n\t\t\t\t<section class=\"elementor-section elementor-top-section elementor-element elementor-element-e08f992 elementor-section-boxed elementor-section-height-default elementor-section-height-default\" data-id=\"e08f992\" data-element_type=\"section\" data-e-type=\"section\" data-settings=\"{&quot;background_background&quot;:&quot;classic&quot;}\">\n\t\t\t\t\t\t<div class=\"elementor-container elementor-column-gap-no\">\n\t\t\t\t\t<div class=\"elementor-column elementor-col-100 elementor-top-column elementor-element elementor-element-9a8772e\" data-id=\"9a8772e\" data-element_type=\"column\" data-e-type=\"column\">\n\t\t\t<div class=\"elementor-widget-wrap elementor-element-populated\">\n\t\t\t\t\t\t<div class=\"elementor-element elementor-element-675001b elementor-widget elementor-widget-heading\" data-id=\"675001b\" data-element_type=\"widget\" data-e-type=\"widget\" data-widget_type=\"heading.default\">\n\t\t\t\t<div class=\"elementor-widget-container\">\n\t\t\t\t\t<h4 class=\"elementor-heading-title elementor-size-default\">Einf\u00fchrung<\/h4>\t\t\t\t<\/div>\n\t\t\t\t<\/div>\n\t\t\t\t<div class=\"elementor-element elementor-element-f26c8ad elementor-widget elementor-widget-text-editor\" data-id=\"f26c8ad\" data-element_type=\"widget\" data-e-type=\"widget\" data-widget_type=\"text-editor.default\">\n\t\t\t\t<div class=\"elementor-widget-container\">\n\t\t\t\t\t\t\t\t\t<p>Willkommen auf der Website von RT Consulting. Diese Allgemeinen Gesch\u00e4ftsbedingungen regeln die Nutzung unserer Website und unserer Dienstleistungen. Indem Sie auf unsere Website zugreifen, erkl\u00e4ren Sie sich mit diesen Bedingungen einverstanden und sind an sie gebunden. Wenn Sie mit einem Teil dieser Bedingungen nicht einverstanden sind, nutzen Sie unsere Website bitte nicht.<\/p>\t\t\t\t\t\t\t\t<\/div>\n\t\t\t\t<\/div>\n\t\t\t\t<div class=\"elementor-element elementor-element-1b79373 elementor-widget elementor-widget-heading\" data-id=\"1b79373\" data-element_type=\"widget\" data-e-type=\"widget\" data-widget_type=\"heading.default\">\n\t\t\t\t<div class=\"elementor-widget-container\">\n\t\t\t\t\t<h4 class=\"elementor-heading-title elementor-size-default\">Dienstleistungen<\/h4>\t\t\t\t<\/div>\n\t\t\t\t<\/div>\n\t\t\t\t<div class=\"elementor-element elementor-element-5419de1 elementor-widget elementor-widget-text-editor\" data-id=\"5419de1\" data-element_type=\"widget\" data-e-type=\"widget\" data-widget_type=\"text-editor.default\">\n\t\t\t\t<div class=\"elementor-widget-container\">\n\t\t\t\t\t\t\t\t\t<p>RT Consulting bietet Beratungsdienste an, um Unternehmen bei der Einhaltung von Vorschriften zu unterst\u00fctzen, einschlie\u00dflich, aber nicht beschr\u00e4nkt auf GDPR, ISO 27001 und andere regulatorische Rahmenwerke. Unsere Dienstleistungen sind auf die spezifischen Bed\u00fcrfnisse unserer Kunden zugeschnitten.<\/p>\t\t\t\t\t\t\t\t<\/div>\n\t\t\t\t<\/div>\n\t\t\t\t<div class=\"elementor-element elementor-element-a17a205 elementor-widget elementor-widget-heading\" data-id=\"a17a205\" data-element_type=\"widget\" data-e-type=\"widget\" data-widget_type=\"heading.default\">\n\t\t\t\t<div class=\"elementor-widget-container\">\n\t\t\t\t\t<h4 class=\"elementor-heading-title elementor-size-default\">Nutzung der Website<\/h4>\t\t\t\t<\/div>\n\t\t\t\t<\/div>\n\t\t\t\t<div class=\"elementor-element elementor-element-4a7d2be elementor-widget elementor-widget-text-editor\" data-id=\"4a7d2be\" data-element_type=\"widget\" data-e-type=\"widget\" data-widget_type=\"text-editor.default\">\n\t\t\t\t<div class=\"elementor-widget-container\">\n\t\t\t\t\t\t\t\t\t<p>Sie erkl\u00e4ren sich damit einverstanden, unsere Website nur f\u00fcr rechtm\u00e4\u00dfige Zwecke zu nutzen. Sie d\u00fcrfen die Website nicht nutzen:<\/p><ul><li>in einer Weise, die gegen geltende lokale, nationale oder internationale Gesetze oder Vorschriften verst\u00f6\u00dft.<\/li><li>in irgendeiner Weise, die rechtswidrig oder betr\u00fcgerisch ist oder einen rechtswidrigen oder betr\u00fcgerischen Zweck oder eine rechtswidrige oder betr\u00fcgerische Wirkung hat.<\/li><li>Unerw\u00fcnschtes oder nicht genehmigtes Werbe- oder Verkaufsf\u00f6rderungsmaterial oder andere Formen \u00e4hnlicher Aufforderungen (Spam) zu \u00fcbermitteln oder die \u00dcbermittlung zu veranlassen.<\/li><\/ul>\t\t\t\t\t\t\t\t<\/div>\n\t\t\t\t<\/div>\n\t\t\t\t<div class=\"elementor-element elementor-element-56a4fa6 elementor-widget elementor-widget-heading\" data-id=\"56a4fa6\" data-element_type=\"widget\" data-e-type=\"widget\" data-widget_type=\"heading.default\">\n\t\t\t\t<div class=\"elementor-widget-container\">\n\t\t\t\t\t<h4 class=\"elementor-heading-title elementor-size-default\">Geistiges Eigentum<\/h4>\t\t\t\t<\/div>\n\t\t\t\t<\/div>\n\t\t\t\t<div class=\"elementor-element elementor-element-f2be230 elementor-widget elementor-widget-text-editor\" data-id=\"f2be230\" data-element_type=\"widget\" data-e-type=\"widget\" data-widget_type=\"text-editor.default\">\n\t\t\t\t<div class=\"elementor-widget-container\">\n\t\t\t\t\t\t\t\t\t<p>Der gesamte Inhalt dieser Website, einschlie\u00dflich, aber nicht beschr\u00e4nkt auf Texte, Grafiken, Logos, Bilder und Software, ist das Eigentum von RT Consulting oder seinen Inhaltslieferanten und ist durch internationale Urheberrechtsgesetze gesch\u00fctzt. Die unbefugte Verwendung von Inhalten dieser Website ist strengstens untersagt.<!-- notionvc: fa166b16-1ec9-409a-9221-20707305f6af --><\/p>\t\t\t\t\t\t\t\t<\/div>\n\t\t\t\t<\/div>\n\t\t\t\t<div class=\"elementor-element elementor-element-59086e1 elementor-widget elementor-widget-heading\" data-id=\"59086e1\" data-element_type=\"widget\" data-e-type=\"widget\" data-widget_type=\"heading.default\">\n\t\t\t\t<div class=\"elementor-widget-container\">\n\t\t\t\t\t<h4 class=\"elementor-heading-title elementor-size-default\">Beschr\u00e4nkung der Haftung<\/h4>\t\t\t\t<\/div>\n\t\t\t\t<\/div>\n\t\t\t\t<div class=\"elementor-element elementor-element-bb00ec5 elementor-widget elementor-widget-text-editor\" data-id=\"bb00ec5\" data-element_type=\"widget\" data-e-type=\"widget\" data-widget_type=\"text-editor.default\">\n\t\t\t\t<div class=\"elementor-widget-container\">\n\t\t\t\t\t\t\t\t\t<p>RT Consulting stellt die Website und die Dienstleistungen \"wie besehen\" ohne jegliche Garantien zur Verf\u00fcgung. Wir \u00fcbernehmen keine Garantie f\u00fcr die Richtigkeit, Vollst\u00e4ndigkeit oder N\u00fctzlichkeit der auf der Website bereitgestellten Informationen. RT Consulting lehnt im vollen gesetzlich zul\u00e4ssigen Umfang alle ausdr\u00fccklichen oder stillschweigenden Garantien ab, einschlie\u00dflich, aber nicht beschr\u00e4nkt auf stillschweigende Garantien der Marktg\u00e4ngigkeit und Eignung f\u00fcr einen bestimmten Zweck.<!-- notionvc: 312b201b-f38a-4658-9f1e-ff85adad4e91 --><br \/><!-- notionvc: fa166b16-1ec9-409a-9221-20707305f6af --><\/p>\t\t\t\t\t\t\t\t<\/div>\n\t\t\t\t<\/div>\n\t\t\t\t<div class=\"elementor-element elementor-element-c73a759 elementor-widget elementor-widget-heading\" data-id=\"c73a759\" data-element_type=\"widget\" data-e-type=\"widget\" data-widget_type=\"heading.default\">\n\t\t\t\t<div class=\"elementor-widget-container\">\n\t\t\t\t\t<h4 class=\"elementor-heading-title elementor-size-default\">Entsch\u00e4digung<\/h4>\t\t\t\t<\/div>\n\t\t\t\t<\/div>\n\t\t\t\t<div class=\"elementor-element elementor-element-6f2e6fe elementor-widget elementor-widget-text-editor\" data-id=\"6f2e6fe\" data-element_type=\"widget\" data-e-type=\"widget\" data-widget_type=\"text-editor.default\">\n\t\t\t\t<div class=\"elementor-widget-container\">\n\t\t\t\t\t\t\t\t\t<p>Sie erkl\u00e4ren sich damit einverstanden, RT Consulting, seine leitenden Angestellten, Direktoren, Mitarbeiter, Vertreter, Lizenzgeber und Lieferanten von allen Verlusten, Ausgaben, Sch\u00e4den und Kosten, einschlie\u00dflich angemessener Anwaltskosten, die sich aus einem Versto\u00df gegen diese Bedingungen oder aus Aktivit\u00e4ten im Zusammenhang mit Ihrem Konto (einschlie\u00dflich fahrl\u00e4ssigem oder unrechtm\u00e4\u00dfigem Verhalten) durch Sie oder eine andere Person, die \u00fcber Ihr Internetkonto auf die Website zugreift, zu entsch\u00e4digen, zu verteidigen und schadlos zu halten.<!-- notionvc: c1ce5fa5-651b-4158-8ee0-32e963c6b660 --><br \/><!-- notionvc: fa166b16-1ec9-409a-9221-20707305f6af --><\/p>\t\t\t\t\t\t\t\t<\/div>\n\t\t\t\t<\/div>\n\t\t\t\t<div class=\"elementor-element elementor-element-b785224 elementor-widget elementor-widget-heading\" data-id=\"b785224\" data-element_type=\"widget\" data-e-type=\"widget\" data-widget_type=\"heading.default\">\n\t\t\t\t<div class=\"elementor-widget-container\">\n\t\t\t\t\t<h4 class=\"elementor-heading-title elementor-size-default\">Datenschutzbestimmungen<\/h4>\t\t\t\t<\/div>\n\t\t\t\t<\/div>\n\t\t\t\t<div class=\"elementor-element elementor-element-96a207e elementor-widget elementor-widget-text-editor\" data-id=\"96a207e\" data-element_type=\"widget\" data-e-type=\"widget\" data-widget_type=\"text-editor.default\">\n\t\t\t\t<div class=\"elementor-widget-container\">\n\t\t\t\t\t\t\t\t\t<p>Ihre Nutzung der Website unterliegt auch der Datenschutzrichtlinie von RT Consulting. Bitte lesen Sie unsere Datenschutzrichtlinien, die auch f\u00fcr die Website gelten und die Nutzer \u00fcber unsere Datenerfassungspraktiken informieren.<!-- notionvc: 246e044f-e055-442c-9588-ac962dc843bb --><br \/><!-- notionvc: fa166b16-1ec9-409a-9221-20707305f6af --><\/p>\t\t\t\t\t\t\t\t<\/div>\n\t\t\t\t<\/div>\n\t\t\t\t<div class=\"elementor-element elementor-element-ab47a05 elementor-widget elementor-widget-heading\" data-id=\"ab47a05\" data-element_type=\"widget\" data-e-type=\"widget\" data-widget_type=\"heading.default\">\n\t\t\t\t<div class=\"elementor-widget-container\">\n\t\t\t\t\t<h4 class=\"elementor-heading-title elementor-size-default\">\u00c4nderungen der Bedingungen und Konditionen<\/h4>\t\t\t\t<\/div>\n\t\t\t\t<\/div>\n\t\t\t\t<div class=\"elementor-element elementor-element-6a64723 elementor-widget elementor-widget-text-editor\" data-id=\"6a64723\" data-element_type=\"widget\" data-e-type=\"widget\" data-widget_type=\"text-editor.default\">\n\t\t\t\t<div class=\"elementor-widget-container\">\n\t\t\t\t\t\t\t\t\t<p>RT Consulting beh\u00e4lt sich das Recht vor, diese Allgemeinen Gesch\u00e4ftsbedingungen jederzeit zu \u00e4ndern. Alle \u00c4nderungen werden auf dieser Seite ver\u00f6ffentlicht und es liegt in Ihrer Verantwortung, diese Bedingungen regelm\u00e4\u00dfig zu \u00fcberpr\u00fcfen, um sicherzustellen, dass Sie \u00fcber alle Aktualisierungen informiert sind.<!-- notionvc: fa04a6c7-3cd4-47ae-a022-1cc1032bad6e --><br \/><!-- notionvc: fa166b16-1ec9-409a-9221-20707305f6af --><\/p>\t\t\t\t\t\t\t\t<\/div>\n\t\t\t\t<\/div>\n\t\t\t\t<div class=\"elementor-element elementor-element-b714bc5 elementor-widget elementor-widget-heading\" data-id=\"b714bc5\" data-element_type=\"widget\" data-e-type=\"widget\" data-widget_type=\"heading.default\">\n\t\t\t\t<div class=\"elementor-widget-container\">\n\t\t\t\t\t<h4 class=\"elementor-heading-title elementor-size-default\">Geltendes Recht<\/h4>\t\t\t\t<\/div>\n\t\t\t\t<\/div>\n\t\t\t\t<div class=\"elementor-element elementor-element-22c71eb elementor-widget elementor-widget-text-editor\" data-id=\"22c71eb\" data-element_type=\"widget\" data-e-type=\"widget\" data-widget_type=\"text-editor.default\">\n\t\t\t\t<div class=\"elementor-widget-container\">\n\t\t\t\t\t\t\t\t\t<p>Diese Bedingungen unterliegen den Gesetzen von [Ihr Land\/Staat] und werden in \u00dcbereinstimmung mit diesen ausgelegt, und Sie unterwerfen sich unwiderruflich der ausschlie\u00dflichen Gerichtsbarkeit der Gerichte an diesem Ort.<!-- notionvc: b3ed658e-6f27-40bd-b994-132797d33813 --><br \/><!-- notionvc: fa166b16-1ec9-409a-9221-20707305f6af --><\/p>\t\t\t\t\t\t\t\t<\/div>\n\t\t\t\t<\/div>\n\t\t\t\t<div class=\"elementor-element elementor-element-ba068a2 elementor-widget elementor-widget-heading\" data-id=\"ba068a2\" data-element_type=\"widget\" data-e-type=\"widget\" data-widget_type=\"heading.default\">\n\t\t\t\t<div class=\"elementor-widget-container\">\n\t\t\t\t\t<h4 class=\"elementor-heading-title elementor-size-default\">Kontaktinformationen<\/h4>\t\t\t\t<\/div>\n\t\t\t\t<\/div>\n\t\t\t\t<div class=\"elementor-element elementor-element-1c6cece elementor-widget elementor-widget-text-editor\" data-id=\"1c6cece\" data-element_type=\"widget\" data-e-type=\"widget\" data-widget_type=\"text-editor.default\">\n\t\t\t\t<div class=\"elementor-widget-container\">\n\t\t\t\t\t\t\t\t\t<p>Wenn Sie Fragen zu diesen Gesch\u00e4ftsbedingungen haben, wenden Sie sich bitte an uns:<\/p><p>RT Beratung<\/p><p>contact@compliancert.com<\/p><p>Durch die Nutzung unserer Website best\u00e4tigen Sie, dass Sie diese Allgemeinen Gesch\u00e4ftsbedingungen gelesen und verstanden haben und sich mit ihnen einverstanden erkl\u00e4ren.<\/p><p><!-- notionvc: 16e12606-dd2c-488e-9509-6bed4cc12fbe --><br \/><!-- notionvc: fa166b16-1ec9-409a-9221-20707305f6af --><\/p>\t\t\t\t\t\t\t\t<\/div>\n\t\t\t\t<\/div>\n\t\t\t\t\t<\/div>\n\t\t<\/div>\n\t\t\t\t\t<\/div>\n\t\t<\/section>\n\t\t\t\t<\/div>","protected":false},"excerpt":{"rendered":"<p>RT\u2019s Terms and Conditions Introduction Welcome to RT Consulting\u2019s website. These Terms and Conditions govern your use of our site and services. By accessing our website, you agree to comply with and be bound by these terms. If you do not agree with any part of these terms, please do not use our website. Services&#8230;<\/p>","protected":false},"author":1,"featured_media":0,"parent":0,"menu_order":0,"comment_status":"closed","ping_status":"closed","template":"","meta":{"_acf_changed":false,"_eb_attr":"","footnotes":""},"categories":[],"tags":[],"class_list":["post-15243","page","type-page","status-publish","hentry"],"acf":[],"yoast_head":"<!-- This site is optimized with the Yoast SEO plugin v27.4 - https:\/\/yoast.com\/product\/yoast-seo-wordpress\/ -->\n<title>Terms and Conditions - ComplianceRT<\/title>\n<meta name=\"robots\" content=\"index, follow, max-snippet:-1, max-image-preview:large, max-video-preview:-1\" \/>\n<link rel=\"canonical\" href=\"https:\/\/compliancert.com\/de\/bedingungen-und-konditionen\/\" \/>\n<meta property=\"og:locale\" content=\"de_DE\" \/>\n<meta property=\"og:type\" content=\"article\" \/>\n<meta property=\"og:title\" content=\"Terms and Conditions - ComplianceRT\" \/>\n<meta property=\"og:description\" content=\"RT\u2019s Terms and Conditions Introduction Welcome to RT Consulting\u2019s website. These Terms and Conditions govern your use of our site and services. By accessing our website, you agree to comply with and be bound by these terms. If you do not agree with any part of these terms, please do not use our website. Services...\" \/>\n<meta property=\"og:url\" content=\"https:\/\/compliancert.com\/de\/bedingungen-und-konditionen\/\" \/>\n<meta property=\"og:site_name\" content=\"ComplianceRT\" \/>\n<meta property=\"article:modified_time\" content=\"2024-10-14T12:06:45+00:00\" \/>\n<meta property=\"og:image\" content=\"https:\/\/i0.wp.com\/compliancert.com\/wp-content\/uploads\/2024\/11\/Screenshot-2024-11-21-at-11.13.35.webp?fit=1920%2C890&ssl=1\" \/>\n\t<meta property=\"og:image:width\" content=\"1920\" \/>\n\t<meta property=\"og:image:height\" content=\"890\" \/>\n\t<meta property=\"og:image:type\" content=\"image\/webp\" \/>\n<meta name=\"twitter:card\" content=\"summary_large_image\" \/>\n<meta name=\"twitter:label1\" content=\"Gesch\u00e4tzte Lesezeit\" \/>\n\t<meta name=\"twitter:data1\" content=\"3\u00a0Minuten\" \/>\n<script type=\"application\/ld+json\" class=\"yoast-schema-graph\">{\"@context\":\"https:\\\/\\\/schema.org\",\"@graph\":[{\"@type\":\"WebPage\",\"@id\":\"https:\\\/\\\/compliancert.com\\\/terms-and-conditions\\\/\",\"url\":\"https:\\\/\\\/compliancert.com\\\/terms-and-conditions\\\/\",\"name\":\"Terms and Conditions - ComplianceRT\",\"isPartOf\":{\"@id\":\"https:\\\/\\\/compliancert.com\\\/#website\"},\"datePublished\":\"2024-07-24T15:46:09+00:00\",\"dateModified\":\"2024-10-14T12:06:45+00:00\",\"breadcrumb\":{\"@id\":\"https:\\\/\\\/compliancert.com\\\/terms-and-conditions\\\/#breadcrumb\"},\"inLanguage\":\"de\",\"potentialAction\":[{\"@type\":\"ReadAction\",\"target\":[\"https:\\\/\\\/compliancert.com\\\/terms-and-conditions\\\/\"]}]},{\"@type\":\"BreadcrumbList\",\"@id\":\"https:\\\/\\\/compliancert.com\\\/terms-and-conditions\\\/#breadcrumb\",\"itemListElement\":[{\"@type\":\"ListItem\",\"position\":1,\"name\":\"Home\",\"item\":\"https:\\\/\\\/compliancert.com\\\/\"},{\"@type\":\"ListItem\",\"position\":2,\"name\":\"Terms and Conditions\"}]},{\"@type\":\"WebSite\",\"@id\":\"https:\\\/\\\/compliancert.com\\\/#website\",\"url\":\"https:\\\/\\\/compliancert.com\\\/\",\"name\":\"ComplianceRT\",\"description\":\"AI-Powered Compliance Tool &amp; Automation Platform | GDPR | ISO27001 | EU AI Act | NIS2\",\"publisher\":{\"@id\":\"https:\\\/\\\/compliancert.com\\\/#organization\"},\"potentialAction\":[{\"@type\":\"SearchAction\",\"target\":{\"@type\":\"EntryPoint\",\"urlTemplate\":\"https:\\\/\\\/compliancert.com\\\/?s={search_term_string}\"},\"query-input\":{\"@type\":\"PropertyValueSpecification\",\"valueRequired\":true,\"valueName\":\"search_term_string\"}}],\"inLanguage\":\"de\"},{\"@type\":\"Organization\",\"@id\":\"https:\\\/\\\/compliancert.com\\\/#organization\",\"name\":\"RT Europe SA\",\"alternateName\":\"RT\",\"url\":\"https:\\\/\\\/compliancert.com\\\/\",\"logo\":{\"@type\":\"ImageObject\",\"inLanguage\":\"de\",\"@id\":\"https:\\\/\\\/compliancert.com\\\/#\\\/schema\\\/logo\\\/image\\\/\",\"url\":\"https:\\\/\\\/compliancert.com\\\/wp-content\\\/uploads\\\/2023\\\/07\\\/RT-logo-header.svg\",\"contentUrl\":\"https:\\\/\\\/compliancert.com\\\/wp-content\\\/uploads\\\/2023\\\/07\\\/RT-logo-header.svg\",\"width\":116,\"height\":60,\"caption\":\"RT Europe SA\"},\"image\":{\"@id\":\"https:\\\/\\\/compliancert.com\\\/#\\\/schema\\\/logo\\\/image\\\/\"},\"sameAs\":[\"https:\\\/\\\/www.linkedin.com\\\/company\\\/compliancert\\\/\"]}]}<\/script>\n<!-- \/ Yoast SEO plugin. -->","yoast_head_json":{"title":"Bedingungen und Konditionen - ComplianceRT","robots":{"index":"index","follow":"follow","max-snippet":"max-snippet:-1","max-image-preview":"max-image-preview:large","max-video-preview":"max-video-preview:-1"},"canonical":"https:\/\/compliancert.com\/de\/bedingungen-und-konditionen\/","og_locale":"de_DE","og_type":"article","og_title":"Terms and Conditions - ComplianceRT","og_description":"RT\u2019s Terms and Conditions Introduction Welcome to RT Consulting\u2019s website. These Terms and Conditions govern your use of our site and services. By accessing our website, you agree to comply with and be bound by these terms. If you do not agree with any part of these terms, please do not use our website. Services...","og_url":"https:\/\/compliancert.com\/de\/bedingungen-und-konditionen\/","og_site_name":"ComplianceRT","article_modified_time":"2024-10-14T12:06:45+00:00","og_image":[{"width":1920,"height":890,"url":"https:\/\/i0.wp.com\/compliancert.com\/wp-content\/uploads\/2024\/11\/Screenshot-2024-11-21-at-11.13.35.webp?fit=1920%2C890&ssl=1","type":"image\/webp"}],"twitter_card":"summary_large_image","twitter_misc":{"Gesch\u00e4tzte Lesezeit":"3\u00a0Minuten"},"schema":{"@context":"https:\/\/schema.org","@graph":[{"@type":"WebPage","@id":"https:\/\/compliancert.com\/terms-and-conditions\/","url":"https:\/\/compliancert.com\/terms-and-conditions\/","name":"Bedingungen und Konditionen - ComplianceRT","isPartOf":{"@id":"https:\/\/compliancert.com\/#website"},"datePublished":"2024-07-24T15:46:09+00:00","dateModified":"2024-10-14T12:06:45+00:00","breadcrumb":{"@id":"https:\/\/compliancert.com\/terms-and-conditions\/#breadcrumb"},"inLanguage":"de","potentialAction":[{"@type":"ReadAction","target":["https:\/\/compliancert.com\/terms-and-conditions\/"]}]},{"@type":"BreadcrumbList","@id":"https:\/\/compliancert.com\/terms-and-conditions\/#breadcrumb","itemListElement":[{"@type":"ListItem","position":1,"name":"Home","item":"https:\/\/compliancert.com\/"},{"@type":"ListItem","position":2,"name":"Terms and Conditions"}]},{"@type":"WebSite","@id":"https:\/\/compliancert.com\/#website","url":"https:\/\/compliancert.com\/","name":"ComplianceRT","description":"KI-gest\u00fctztes Compliance-Tool &amp; Automatisierungsplattform | DSGVO | ISO27001 | EU AI Act | NIS2","publisher":{"@id":"https:\/\/compliancert.com\/#organization"},"potentialAction":[{"@type":"SearchAction","target":{"@type":"EntryPoint","urlTemplate":"https:\/\/compliancert.com\/?s={search_term_string}"},"query-input":{"@type":"PropertyValueSpecification","valueRequired":true,"valueName":"search_term_string"}}],"inLanguage":"de"},{"@type":"Organization","@id":"https:\/\/compliancert.com\/#organization","name":"RT Europe SA","alternateName":"RT","url":"https:\/\/compliancert.com\/","logo":{"@type":"ImageObject","inLanguage":"de","@id":"https:\/\/compliancert.com\/#\/schema\/logo\/image\/","url":"https:\/\/compliancert.com\/wp-content\/uploads\/2023\/07\/RT-logo-header.svg","contentUrl":"https:\/\/compliancert.com\/wp-content\/uploads\/2023\/07\/RT-logo-header.svg","width":116,"height":60,"caption":"RT Europe SA"},"image":{"@id":"https:\/\/compliancert.com\/#\/schema\/logo\/image\/"},"sameAs":["https:\/\/www.linkedin.com\/company\/compliancert\/"]}]}},"jetpack_sharing_enabled":true,"_links":{"self":[{"href":"https:\/\/compliancert.com\/de\/wp-json\/wp\/v2\/pages\/15243","targetHints":{"allow":["GET"]}}],"collection":[{"href":"https:\/\/compliancert.com\/de\/wp-json\/wp\/v2\/pages"}],"about":[{"href":"https:\/\/compliancert.com\/de\/wp-json\/wp\/v2\/types\/page"}],"author":[{"embeddable":true,"href":"https:\/\/compliancert.com\/de\/wp-json\/wp\/v2\/users\/1"}],"replies":[{"embeddable":true,"href":"https:\/\/compliancert.com\/de\/wp-json\/wp\/v2\/comments?post=15243"}],"version-history":[{"count":11,"href":"https:\/\/compliancert.com\/de\/wp-json\/wp\/v2\/pages\/15243\/revisions"}],"predecessor-version":[{"id":19735,"href":"https:\/\/compliancert.com\/de\/wp-json\/wp\/v2\/pages\/15243\/revisions\/19735"}],"wp:attachment":[{"href":"https:\/\/compliancert.com\/de\/wp-json\/wp\/v2\/media?parent=15243"}],"wp:term":[{"taxonomy":"category","embeddable":true,"href":"https:\/\/compliancert.com\/de\/wp-json\/wp\/v2\/categories?post=15243"},{"taxonomy":"post_tag","embeddable":true,"href":"https:\/\/compliancert.com\/de\/wp-json\/wp\/v2\/tags?post=15243"}],"curies":[{"name":"wp","href":"https:\/\/api.w.org\/{rel}","templated":true}]}}